{"id":698566,"date":"2025-08-27T14:46:06","date_gmt":"2025-08-27T11:46:06","guid":{"rendered":"https:\/\/roveyayinevi.com.tr\/index.php\/urun\/sisedeki-zenci\/"},"modified":"2026-04-16T02:07:58","modified_gmt":"2026-04-15T23:07:58","slug":"sisedeki-zenci","status":"publish","type":"product","link":"https:\/\/roveyayinevi.com.tr\/index.php\/urun\/sisedeki-zenci\/","title":{"rendered":"\u015ei\u015fedeki Zenci"},"content":{"rendered":"<p>Deneme t\u00fcr\u00fcn\u00fcn en yetkin kalemlerinden Sal\u00e2h Birsel, Sivil Haklar Hareketi\u2019nin (Civil Rights Movement) k\u0131v\u0131lc\u0131mlar\u0131n\u0131n alevlendi\u011fi, \u0131rk\u00e7\u0131l\u0131\u011f\u0131n ve toplumsal adaletsizli\u011fin \u00fclkeyi keskin bir \u00e7izgiyle ay\u0131rd\u0131\u011f\u0131 60\u2019lar Amerikas\u0131\u2019nda bir yolculu\u011fa \u00e7\u0131kar\u0131yor. \u015ei\u015fedeki Zenci, yaln\u0131zca bir d\u00f6nem anlat\u0131s\u0131 ya da denemeden ibaret de\u011fil; Birsel, ge\u00e7mi\u015fin kulaklar\u0131n\u0131 muzip\u00e7e b\u00fck\u00fcyor, kusursuz \u00fcslubuyla Harlem sokaklar\u0131nda, protesto y\u00fcr\u00fcy\u00fc\u015flerinde, karanl\u0131k ghetto\u2019larda, \u201cZenci\u201d \u00fcniversitelerinin bah\u00e7elerinde dola\u015ft\u0131r\u0131yor, \u201cbelle\u011finin buyurduklar\u0131n\u0131 ortal\u0131\u011fa sa\u00e7\u0131yor.\u201d Y\u0131lg\u0131n kitleleri dizginlenemez bir g\u00fc\u00e7le harekete ge\u00e7iren ve \u0131rk\u00e7\u0131l\u0131kla sava\u015f\u0131m\u0131n neferleri haline gelen Siyahi \u00d6nderlerin hik\u00e2yelerini \u00e7evik ve n\u00fcktedan dokunu\u015flarla kaleme alarak, Beyaz kutuplu Amerikan tarihine \u201ckarambol\u201d \u00e7ekiyor. <\/p>\n","protected":false},"excerpt":{"rendered":"<p>Deneme t\u00fcr\u00fcn\u00fcn en yetkin kalemlerinden Sal\u00e2h Birsel, Sivil Haklar Hareketi\u2019nin (Civil Rights Movement) k\u0131v\u0131lc\u0131mlar\u0131n\u0131n alevlendi\u011fi, \u0131rk\u00e7\u0131l\u0131\u011f\u0131n ve toplumsal adaletsizli\u011fin \u00fclkeyi keskin bir \u00e7izgiyle ay\u0131rd\u0131\u011f\u0131 60\u2019lar Amerikas\u0131\u2019nda<span class=\"excerpt-hellip\"> [\u2026]<\/span><\/p>\n","protected":false},"featured_media":0,"template":"","meta":{"_monsterinsights_skip_tracking":false,"_monsterinsights_sitenote_active":false,"_monsterinsights_sitenote_note":"","_monsterinsights_sitenote_category":0},"product_brand":[],"product_cat":[12777,12291],"product_tag":[],"class_list":{"0":"post-698566","1":"product","2":"type-product","3":"status-publish","5":"product_cat-deneme","6":"product_cat-edebiyat","7":"pa_cilt-ciltsiz","8":"pa_tur-kitap","9":"pa_yayinevi-sel-yayincilik","10":"pa_yazar-salah-birsel","12":"first","13":"instock","14":"sale","15":"shipping-taxable","16":"purchasable","17":"product-type-simple"},"_links":{"self":[{"href":"https:\/\/roveyayinevi.com.tr\/index.php\/wp-json\/wp\/v2\/product\/698566","targetHints":{"allow":["GET"]}}],"collection":[{"href":"https:\/\/roveyayinevi.com.tr\/index.php\/wp-json\/wp\/v2\/product"}],"about":[{"href":"https:\/\/roveyayinevi.com.tr\/index.php\/wp-json\/wp\/v2\/types\/product"}],"wp:attachment":[{"href":"https:\/\/roveyayinevi.com.tr\/index.php\/wp-json\/wp\/v2\/media?parent=698566"}],"wp:term":[{"taxonomy":"product_brand","embeddable":true,"href":"https:\/\/roveyayinevi.com.tr\/index.php\/wp-json\/wp\/v2\/product_brand?post=698566"},{"taxonomy":"product_cat","embeddable":true,"href":"https:\/\/roveyayinevi.com.tr\/index.php\/wp-json\/wp\/v2\/product_cat?post=698566"},{"taxonomy":"product_tag","embeddable":true,"href":"https:\/\/roveyayinevi.com.tr\/index.php\/wp-json\/wp\/v2\/product_tag?post=698566"}],"curies":[{"name":"wp","href":"https:\/\/api.w.org\/{rel}","templated":true}]}}