{"id":698563,"date":"2025-08-27T14:46:05","date_gmt":"2025-08-27T11:46:05","guid":{"rendered":"https:\/\/roveyayinevi.com.tr\/index.php\/urun\/giderayak\/"},"modified":"2026-04-16T02:07:58","modified_gmt":"2026-04-15T23:07:58","slug":"giderayak","status":"publish","type":"product","link":"https:\/\/roveyayinevi.com.tr\/index.php\/urun\/giderayak\/","title":{"rendered":"Giderayak"},"content":{"rendered":"<p>\u015eimdi emekliydim ya; art\u0131k hi\u00e7 ko\u015fmaz, az y\u00fcr\u00fcr, bombo\u015f oturur, bol bol d\u00fc\u015f\u00fcn\u00fcr olmu\u015ftum. Bir s\u00fcre sonra, dinlenmekten yorulunca yeniden yazmay\u0131 denedim.Ayak alt\u0131nda dola\u015fmak yerine, evin bir k\u00f6\u015fesine \u00e7ekilip, g\u00f6z \u00f6n\u00fcnden kaybolmak, ge\u00e7mi\u015fimle oyalanmak ve yazmak, doyumsuz bir tat veriyordu yeniden ya\u015famak gibi.Atila \u0130rte\u015f k\u0131vrak, sevimli ve zeki kalemiyle, \u00f6ncelerde, sonralarda ve daha sonralarda gezdiriyor bizi.Ve de kendimi yarg\u0131lad\u0131m kendi kendime, kendimle y\u00fczle\u015ftim giderayak. <\/p>\n","protected":false},"excerpt":{"rendered":"<p>\u015eimdi emekliydim ya; art\u0131k hi\u00e7 ko\u015fmaz, az y\u00fcr\u00fcr, bombo\u015f oturur, bol bol d\u00fc\u015f\u00fcn\u00fcr olmu\u015ftum. Bir s\u00fcre sonra, dinlenmekten yorulunca yeniden yazmay\u0131 denedim.Ayak alt\u0131nda dola\u015fmak yerine, evin<span class=\"excerpt-hellip\"> [\u2026]<\/span><\/p>\n","protected":false},"featured_media":0,"template":"","meta":{"_monsterinsights_skip_tracking":false,"_monsterinsights_sitenote_active":false,"_monsterinsights_sitenote_note":"","_monsterinsights_sitenote_category":0},"product_brand":[],"product_cat":[12291,12711],"product_tag":[],"class_list":{"0":"post-698563","1":"product","2":"type-product","3":"status-publish","5":"product_cat-edebiyat","6":"product_cat-roman-oyku","7":"pa_cilt-ciltsiz","8":"pa_tur-kitap","9":"pa_yayinevi-sinopsis-yayinlari","10":"pa_yazar-atila-irtes","12":"first","13":"instock","14":"sale","15":"shipping-taxable","16":"purchasable","17":"product-type-simple"},"_links":{"self":[{"href":"https:\/\/roveyayinevi.com.tr\/index.php\/wp-json\/wp\/v2\/product\/698563","targetHints":{"allow":["GET"]}}],"collection":[{"href":"https:\/\/roveyayinevi.com.tr\/index.php\/wp-json\/wp\/v2\/product"}],"about":[{"href":"https:\/\/roveyayinevi.com.tr\/index.php\/wp-json\/wp\/v2\/types\/product"}],"wp:attachment":[{"href":"https:\/\/roveyayinevi.com.tr\/index.php\/wp-json\/wp\/v2\/media?parent=698563"}],"wp:term":[{"taxonomy":"product_brand","embeddable":true,"href":"https:\/\/roveyayinevi.com.tr\/index.php\/wp-json\/wp\/v2\/product_brand?post=698563"},{"taxonomy":"product_cat","embeddable":true,"href":"https:\/\/roveyayinevi.com.tr\/index.php\/wp-json\/wp\/v2\/product_cat?post=698563"},{"taxonomy":"product_tag","embeddable":true,"href":"https:\/\/roveyayinevi.com.tr\/index.php\/wp-json\/wp\/v2\/product_tag?post=698563"}],"curies":[{"name":"wp","href":"https:\/\/api.w.org\/{rel}","templated":true}]}}