{"id":698556,"date":"2025-08-27T14:46:03","date_gmt":"2025-08-27T11:46:03","guid":{"rendered":"https:\/\/roveyayinevi.com.tr\/index.php\/urun\/isletmeler-icin-fuar-pazarlamasi-rehberi\/"},"modified":"2026-04-16T02:07:58","modified_gmt":"2026-04-15T23:07:58","slug":"isletmeler-icin-fuar-pazarlamasi-rehberi","status":"publish","type":"product","link":"https:\/\/roveyayinevi.com.tr\/index.php\/urun\/isletmeler-icin-fuar-pazarlamasi-rehberi\/","title":{"rendered":"\u0130\u015fletmeler \u0130\u00e7in Fuar Pazarlamas\u0131 Rehberi"},"content":{"rendered":"<p>&#8211; Fuarlar, \u0130\u015fletmelerin pazarlama faaliyetleri a\u00e7\u0131s\u0131ndan en \u00f6nemli ara\u00e7lardan birisidir. Yakla\u015f\u0131k olarak d\u00fcnya da y\u0131lda 35.000 fuar d\u00fczenlenmekte ve bu fuarlarda yakla\u015f\u0131k 3 Milyon i\u015fletme fuar performans\u0131 g\u00f6stermekte, 300 Milyon ziyaret\u00e7i kat\u0131l\u0131m sa\u011flamaktad\u0131r. <\/p>\n","protected":false},"excerpt":{"rendered":"<p>&#8211; Fuarlar, \u0130\u015fletmelerin pazarlama faaliyetleri a\u00e7\u0131s\u0131ndan en \u00f6nemli ara\u00e7lardan birisidir. Yakla\u015f\u0131k olarak d\u00fcnya da y\u0131lda 35.000 fuar d\u00fczenlenmekte ve bu fuarlarda yakla\u015f\u0131k 3 Milyon i\u015fletme fuar<span class=\"excerpt-hellip\"> [\u2026]<\/span><\/p>\n","protected":false},"featured_media":0,"template":"","meta":{"_monsterinsights_skip_tracking":false,"_monsterinsights_sitenote_active":false,"_monsterinsights_sitenote_note":"","_monsterinsights_sitenote_category":0},"product_brand":[],"product_cat":[13043,14381],"product_tag":[],"class_list":{"0":"post-698556","1":"product","2":"type-product","3":"status-publish","5":"product_cat-ekonomi","6":"product_cat-isletme-muhasebe-maliye","7":"pa_tur-kitap","8":"pa_yayinevi-efil-yayinevi","9":"pa_yazar-ali-ayci","11":"first","12":"instock","13":"sale","14":"shipping-taxable","15":"purchasable","16":"product-type-simple"},"_links":{"self":[{"href":"https:\/\/roveyayinevi.com.tr\/index.php\/wp-json\/wp\/v2\/product\/698556","targetHints":{"allow":["GET"]}}],"collection":[{"href":"https:\/\/roveyayinevi.com.tr\/index.php\/wp-json\/wp\/v2\/product"}],"about":[{"href":"https:\/\/roveyayinevi.com.tr\/index.php\/wp-json\/wp\/v2\/types\/product"}],"wp:attachment":[{"href":"https:\/\/roveyayinevi.com.tr\/index.php\/wp-json\/wp\/v2\/media?parent=698556"}],"wp:term":[{"taxonomy":"product_brand","embeddable":true,"href":"https:\/\/roveyayinevi.com.tr\/index.php\/wp-json\/wp\/v2\/product_brand?post=698556"},{"taxonomy":"product_cat","embeddable":true,"href":"https:\/\/roveyayinevi.com.tr\/index.php\/wp-json\/wp\/v2\/product_cat?post=698556"},{"taxonomy":"product_tag","embeddable":true,"href":"https:\/\/roveyayinevi.com.tr\/index.php\/wp-json\/wp\/v2\/product_tag?post=698556"}],"curies":[{"name":"wp","href":"https:\/\/api.w.org\/{rel}","templated":true}]}}