{"id":698552,"date":"2025-08-27T14:46:01","date_gmt":"2025-08-27T11:46:01","guid":{"rendered":"https:\/\/roveyayinevi.com.tr\/index.php\/urun\/aptal\/"},"modified":"2026-04-16T02:07:58","modified_gmt":"2026-04-15T23:07:58","slug":"aptal","status":"publish","type":"product","link":"https:\/\/roveyayinevi.com.tr\/index.php\/urun\/aptal\/","title":{"rendered":"Aptal"},"content":{"rendered":"<p>\u00dc\u00e7 G\u00fcnl\u00fck D\u00fcnya Edebiyat\u0131, Aptal ile devam ediyor!\u201dKimilerinin akl\u0131nda \u015fokellay\u0131 \u00e7ok seven bir insan olarak ya\u015f\u0131yorsun. Demem o ki \u2018biraz daha\u2019s\u0131 olan hi\u00e7bir \u015feye inanma sak\u0131n.\u201d\u201cEvvela aynadaki haline bak\u0131p kendisine \u00e2\u015f\u0131k olan ve \u0131rz\u0131na ge\u00e7en, ard\u0131ndan s\u00f6z olacak diye kendisini nik\u00e2h\u0131na alan insan\u0131n d\u00fcnyas\u0131d\u0131r bu. Sonsuz bir sevgiyle evinde yaln\u0131z b\u0131rakmal\u0131d\u0131r onu. \u0130nsan\u0131n ba\u015f\u0131na ne geliyorsa hep iyi niyetinden geliyor, hakl\u0131s\u0131n\u0131z. Bence siz ba\u015fkalar\u0131n\u0131 da kendiniz gibi san\u0131yorsunuz. Ama yapmay\u0131n. Hemen g\u00fcveniyorsunuz insanlara. Baban\u0131z\u0131n o\u011flu mu buinsanlar\u2026\u201d\u201cOna kulak asma\u2026 Sevemeyece\u011fin insanlar\u0131 biraz daha sev, g\u00fclemeyece\u011fin \u015fakalara biraz daha g\u00fcl, kazanamayaca\u011f\u0131n paralar\u0131 ve hayatlar\u0131 hayal et biraz daha. Biraz daha ba\u015far\u0131l\u0131, biraz daha gururlu, biraz daha sevimlisin art\u0131k. Kontrol et ki elinden s\u0131yr\u0131l\u0131p ka\u00e7mas\u0131n f\u0131rsat bulduk\u00e7a \u00f6vd\u00fc\u011f\u00fcn naif hayat\u0131n. \u00d6l\u00e7\u00fclebilir ihtiya\u00e7lar\u0131n\u0131 kar\u015f\u0131lamaya haz\u0131rlar biraz daha. Ama tabii ki sen bekliyorsun. Nas\u0131l durulur, ayn\u0131 benim gibi biliyorsun. Biraz daha d\u00f6n eski haline. Biraz daha tasarla \u00e7oktan biten o g\u00fcn\u00fc. L\u00fctfen hemen ac\u0131maya ba\u015flama kendine, biraz daha dur.\u201d\u201cKim beni ne sebeple affeder bilmiyorum.\u201d<\/p>\n","protected":false},"excerpt":{"rendered":"<p>\u00dc\u00e7 G\u00fcnl\u00fck D\u00fcnya Edebiyat\u0131, Aptal ile devam ediyor!\u201dKimilerinin akl\u0131nda \u015fokellay\u0131 \u00e7ok seven bir insan olarak ya\u015f\u0131yorsun. Demem o ki \u2018biraz daha\u2019s\u0131 olan hi\u00e7bir \u015feye inanma sak\u0131n.\u201d\u201cEvvela<span class=\"excerpt-hellip\"> [\u2026]<\/span><\/p>\n","protected":false},"featured_media":0,"template":"","meta":{"_monsterinsights_skip_tracking":false,"_monsterinsights_sitenote_active":false,"_monsterinsights_sitenote_note":"","_monsterinsights_sitenote_category":0},"product_brand":[],"product_cat":[12291,12292],"product_tag":[],"class_list":{"0":"post-698552","1":"product","2":"type-product","3":"status-publish","5":"product_cat-edebiyat","6":"product_cat-turk-edebiyati","7":"pa_cilt-ciltsiz","8":"pa_tur-kitap","9":"pa_yayinevi-okuyan-us-yayin","10":"pa_yazar-feyyaz-yigit","12":"first","13":"instock","14":"sale","15":"shipping-taxable","16":"purchasable","17":"product-type-simple"},"_links":{"self":[{"href":"https:\/\/roveyayinevi.com.tr\/index.php\/wp-json\/wp\/v2\/product\/698552","targetHints":{"allow":["GET"]}}],"collection":[{"href":"https:\/\/roveyayinevi.com.tr\/index.php\/wp-json\/wp\/v2\/product"}],"about":[{"href":"https:\/\/roveyayinevi.com.tr\/index.php\/wp-json\/wp\/v2\/types\/product"}],"wp:attachment":[{"href":"https:\/\/roveyayinevi.com.tr\/index.php\/wp-json\/wp\/v2\/media?parent=698552"}],"wp:term":[{"taxonomy":"product_brand","embeddable":true,"href":"https:\/\/roveyayinevi.com.tr\/index.php\/wp-json\/wp\/v2\/product_brand?post=698552"},{"taxonomy":"product_cat","embeddable":true,"href":"https:\/\/roveyayinevi.com.tr\/index.php\/wp-json\/wp\/v2\/product_cat?post=698552"},{"taxonomy":"product_tag","embeddable":true,"href":"https:\/\/roveyayinevi.com.tr\/index.php\/wp-json\/wp\/v2\/product_tag?post=698552"}],"curies":[{"name":"wp","href":"https:\/\/api.w.org\/{rel}","templated":true}]}}