{"id":698548,"date":"2025-08-27T14:46:00","date_gmt":"2025-08-27T11:46:00","guid":{"rendered":"https:\/\/roveyayinevi.com.tr\/index.php\/urun\/farkli-ruyalar-sokagi\/"},"modified":"2026-04-16T02:07:57","modified_gmt":"2026-04-15T23:07:57","slug":"farkli-ruyalar-sokagi","status":"publish","type":"product","link":"https:\/\/roveyayinevi.com.tr\/index.php\/urun\/farkli-ruyalar-sokagi\/","title":{"rendered":"Farkl\u0131 R\u00fcyalar Soka\u011f\u0131"},"content":{"rendered":"<p>Evita\u2019n\u0131n roman\u0131 <\/p>\n","protected":false},"excerpt":{"rendered":"<p>Evita\u2019n\u0131n roman\u0131<\/p>\n","protected":false},"featured_media":0,"template":"","meta":{"_monsterinsights_skip_tracking":false,"_monsterinsights_sitenote_active":false,"_monsterinsights_sitenote_note":"","_monsterinsights_sitenote_category":0},"product_brand":[],"product_cat":[12364],"product_tag":[],"class_list":{"0":"post-698548","1":"product","2":"type-product","3":"status-publish","5":"product_cat-genel-konular","6":"pa_tur-kitap","7":"pa_yayinevi-dogan-kitap","8":"pa_yazar-nazli-eray","10":"first","11":"instock","12":"sale","13":"shipping-taxable","14":"purchasable","15":"product-type-simple"},"_links":{"self":[{"href":"https:\/\/roveyayinevi.com.tr\/index.php\/wp-json\/wp\/v2\/product\/698548","targetHints":{"allow":["GET"]}}],"collection":[{"href":"https:\/\/roveyayinevi.com.tr\/index.php\/wp-json\/wp\/v2\/product"}],"about":[{"href":"https:\/\/roveyayinevi.com.tr\/index.php\/wp-json\/wp\/v2\/types\/product"}],"wp:attachment":[{"href":"https:\/\/roveyayinevi.com.tr\/index.php\/wp-json\/wp\/v2\/media?parent=698548"}],"wp:term":[{"taxonomy":"product_brand","embeddable":true,"href":"https:\/\/roveyayinevi.com.tr\/index.php\/wp-json\/wp\/v2\/product_brand?post=698548"},{"taxonomy":"product_cat","embeddable":true,"href":"https:\/\/roveyayinevi.com.tr\/index.php\/wp-json\/wp\/v2\/product_cat?post=698548"},{"taxonomy":"product_tag","embeddable":true,"href":"https:\/\/roveyayinevi.com.tr\/index.php\/wp-json\/wp\/v2\/product_tag?post=698548"}],"curies":[{"name":"wp","href":"https:\/\/api.w.org\/{rel}","templated":true}]}}