{"id":698544,"date":"2025-08-27T14:45:59","date_gmt":"2025-08-27T11:45:59","guid":{"rendered":"https:\/\/roveyayinevi.com.tr\/index.php\/urun\/cocuk-ve-genclik-edebiyati-yazilari\/"},"modified":"2026-04-16T02:07:56","modified_gmt":"2026-04-15T23:07:56","slug":"cocuk-ve-genclik-edebiyati-yazilari","status":"publish","type":"product","link":"https:\/\/roveyayinevi.com.tr\/index.php\/urun\/cocuk-ve-genclik-edebiyati-yazilari\/","title":{"rendered":"\u00c7ocuk ve Gen\u00e7lik Edebiyat\u0131 Yaz\u0131lar\u0131"},"content":{"rendered":"<p>D\u00fcnden bug\u00fcne T\u00fcrk \u00e7ocuk ve gen\u00e7lik edebiyat\u0131n\u0131n ge\u00e7irdi\u011fi s\u00fcreci \u00f6zetleyerek ba\u015flayan \u00c7ocuk ve Gen\u00e7lik Edebiyat\u0131 Yaz\u0131lar\u0131&#8217;nda, bir akademisyen duyarl\u0131\u011f\u0131yla, bir taraftan \u00e7ocuk ve gen\u00e7lik edebiyat\u0131 kavram\u0131ndan ne anla\u015f\u0131lmas\u0131 gerekti\u011fi konusunda teorik bilgiler verilirken di\u011fer taraftan da T\u00fcrk ve yabanc\u0131 \u00e7ocuk ve gen\u00e7lik edebiyat\u0131 yazarlar\u0131 taraf\u0131ndan kaleme al\u0131nan baz\u0131 kitaplar &#8220;g\u00f6relik ilkesi&#8221;, &#8220;Almanya imgesi&#8221;, &#8220;\u015fiddet \u00f6gesi&#8221;, &#8220;\u00f6zlem&#8221; vd. konular\u0131 ba\u011flam\u0131nda irdelenerek alanla ilgilenenlere ayd\u0131nlat\u0131c\u0131 bilgiler sunulmaktad\u0131r.<\/p>\n","protected":false},"excerpt":{"rendered":"<p>D\u00fcnden bug\u00fcne T\u00fcrk \u00e7ocuk ve gen\u00e7lik edebiyat\u0131n\u0131n ge\u00e7irdi\u011fi s\u00fcreci \u00f6zetleyerek ba\u015flayan \u00c7ocuk ve Gen\u00e7lik Edebiyat\u0131 Yaz\u0131lar\u0131&#8217;nda, bir akademisyen duyarl\u0131\u011f\u0131yla, bir taraftan \u00e7ocuk ve gen\u00e7lik edebiyat\u0131 kavram\u0131ndan<span class=\"excerpt-hellip\"> [\u2026]<\/span><\/p>\n","protected":false},"featured_media":0,"template":"","meta":{"_monsterinsights_skip_tracking":false,"_monsterinsights_sitenote_active":false,"_monsterinsights_sitenote_note":"","_monsterinsights_sitenote_category":0},"product_brand":[],"product_cat":[12291],"product_tag":[],"class_list":{"0":"post-698544","1":"product","2":"type-product","3":"status-publish","5":"product_cat-edebiyat","6":"pa_cilt-ciltsiz","7":"pa_tur-kitap","8":"pa_yayinevi-erdem-yayinlari","9":"pa_yazar-ali-gultekin","11":"first","12":"instock","13":"sale","14":"shipping-taxable","15":"purchasable","16":"product-type-simple"},"_links":{"self":[{"href":"https:\/\/roveyayinevi.com.tr\/index.php\/wp-json\/wp\/v2\/product\/698544","targetHints":{"allow":["GET"]}}],"collection":[{"href":"https:\/\/roveyayinevi.com.tr\/index.php\/wp-json\/wp\/v2\/product"}],"about":[{"href":"https:\/\/roveyayinevi.com.tr\/index.php\/wp-json\/wp\/v2\/types\/product"}],"wp:attachment":[{"href":"https:\/\/roveyayinevi.com.tr\/index.php\/wp-json\/wp\/v2\/media?parent=698544"}],"wp:term":[{"taxonomy":"product_brand","embeddable":true,"href":"https:\/\/roveyayinevi.com.tr\/index.php\/wp-json\/wp\/v2\/product_brand?post=698544"},{"taxonomy":"product_cat","embeddable":true,"href":"https:\/\/roveyayinevi.com.tr\/index.php\/wp-json\/wp\/v2\/product_cat?post=698544"},{"taxonomy":"product_tag","embeddable":true,"href":"https:\/\/roveyayinevi.com.tr\/index.php\/wp-json\/wp\/v2\/product_tag?post=698544"}],"curies":[{"name":"wp","href":"https:\/\/api.w.org\/{rel}","templated":true}]}}