{"id":698543,"date":"2025-08-27T14:45:59","date_gmt":"2025-08-27T11:45:59","guid":{"rendered":"https:\/\/roveyayinevi.com.tr\/index.php\/urun\/ikilem\/"},"modified":"2026-04-16T02:07:56","modified_gmt":"2026-04-15T23:07:56","slug":"ikilem","status":"publish","type":"product","link":"https:\/\/roveyayinevi.com.tr\/index.php\/urun\/ikilem\/","title":{"rendered":"\u0130kilem"},"content":{"rendered":"<p>Bazen a\u015fk, ya\u015fad\u0131\u011f\u0131n\u0131z\u0131 fark ettiren tek histir. Fakat bazen a\u015fk\u2026 \u00f6l\u00fcm\u00fcn\u00fcz olur.Tristan, Scarlet\u2019\u0131n g\u00f6zlerindeki parlak mavi \u0131\u015f\u0131\u011f\u0131n s\u00f6nmesini izledi.\u201cScar!\u201d diye hayk\u0131rd\u0131!Hay\u0131r, hay\u0131r, hay\u0131r!Gen\u00e7 k\u0131z\u0131 yava\u015f\u00e7a kendine do\u011fru \u00e7ekti. K\u0131z\u0131n y\u00fcz\u00fcn\u00fc titreyen elleriyle tuttu\u011funda korkudan nefes alam\u0131yordu. \u201cScar\u2026\u201d Etraf\u0131 bulan\u0131k g\u00f6rmeye ba\u015flad\u0131. \u201cBana d\u00f6n, Scar. Hadi.\u201d G\u00f6zlerinden ya\u015flar s\u00fcz\u00fclmeye ba\u015flad\u0131. \u201cL\u00fctfen\u2026\u201dOn yedi ya\u015f\u0131ndaki Scarlet k\u0131sa s\u00fcre \u00f6nce \u00f6lm\u00fc\u015ft\u00fcr fakat as\u0131rlar \u00f6nce lanetlenmi\u015f, yar\u0131-\u00f6l\u00fcms\u00fcz bir gen\u00e7 k\u0131z i\u00e7in bu durum \u00e7ok da tuhaf de\u011fildir. Ancak bu sefer yeni bir hayata uyanmaktansa hi\u00e7bir \u015fey olmam\u0131\u015f gibi eski hayat\u0131na d\u00f6n\u00fcnce lanetin de\u011fi\u015fti\u011fini fark eder. \u00d6l\u00fcms\u00fcz Archer karde\u015flerin yard\u0131m\u0131yla hayat\u0131n\u0131n par\u00e7alar\u0131n\u0131 yava\u015f yava\u015f bir araya getirmeye ve \u00f6l\u00fcm onu tekrar bulmadan laneti bozmaya \u00e7al\u0131\u015facakt\u0131r\u2026\u201cBu kitap beni esir ald\u0131. Her a\u00e7\u0131dan \u00f6zg\u00fcn\u2026 Nefes kesiyor ve y\u00fcrek burkuyor.\u201d &#8211; Utopya\u201cChelsea Fine kalbin ipleriyle oynamay\u0131 \u00e7ok iyi biliyor\u2026 Bir sonraki kitaba ger\u00e7ekten ihtiyac\u0131m var. Hemen \u015eimdi.\u201d- Goodreads.com \ufffc<\/p>\n","protected":false},"excerpt":{"rendered":"<p>Bazen a\u015fk, ya\u015fad\u0131\u011f\u0131n\u0131z\u0131 fark ettiren tek histir. Fakat bazen a\u015fk\u2026 \u00f6l\u00fcm\u00fcn\u00fcz olur.Tristan, Scarlet\u2019\u0131n g\u00f6zlerindeki parlak mavi \u0131\u015f\u0131\u011f\u0131n s\u00f6nmesini izledi.\u201cScar!\u201d diye hayk\u0131rd\u0131!Hay\u0131r, hay\u0131r, hay\u0131r!Gen\u00e7 k\u0131z\u0131 yava\u015f\u00e7a kendine<span class=\"excerpt-hellip\"> [\u2026]<\/span><\/p>\n","protected":false},"featured_media":0,"template":"","meta":{"_monsterinsights_skip_tracking":false,"_monsterinsights_sitenote_active":false,"_monsterinsights_sitenote_note":"","_monsterinsights_sitenote_category":0},"product_brand":[],"product_cat":[12291,12711],"product_tag":[],"class_list":{"0":"post-698543","1":"product","2":"type-product","3":"status-publish","5":"product_cat-edebiyat","6":"product_cat-roman-oyku","7":"pa_cilt-ciltsiz","8":"pa_tur-kitap","9":"pa_yayinevi-pegasus-yayinlari","10":"pa_yazar-chelsea-fine","12":"first","13":"instock","14":"sale","15":"shipping-taxable","16":"purchasable","17":"product-type-simple"},"_links":{"self":[{"href":"https:\/\/roveyayinevi.com.tr\/index.php\/wp-json\/wp\/v2\/product\/698543","targetHints":{"allow":["GET"]}}],"collection":[{"href":"https:\/\/roveyayinevi.com.tr\/index.php\/wp-json\/wp\/v2\/product"}],"about":[{"href":"https:\/\/roveyayinevi.com.tr\/index.php\/wp-json\/wp\/v2\/types\/product"}],"wp:attachment":[{"href":"https:\/\/roveyayinevi.com.tr\/index.php\/wp-json\/wp\/v2\/media?parent=698543"}],"wp:term":[{"taxonomy":"product_brand","embeddable":true,"href":"https:\/\/roveyayinevi.com.tr\/index.php\/wp-json\/wp\/v2\/product_brand?post=698543"},{"taxonomy":"product_cat","embeddable":true,"href":"https:\/\/roveyayinevi.com.tr\/index.php\/wp-json\/wp\/v2\/product_cat?post=698543"},{"taxonomy":"product_tag","embeddable":true,"href":"https:\/\/roveyayinevi.com.tr\/index.php\/wp-json\/wp\/v2\/product_tag?post=698543"}],"curies":[{"name":"wp","href":"https:\/\/api.w.org\/{rel}","templated":true}]}}