{"id":698541,"date":"2025-08-27T14:45:58","date_gmt":"2025-08-27T11:45:58","guid":{"rendered":"https:\/\/roveyayinevi.com.tr\/index.php\/urun\/anne-baba-ve-cocuk-arasinda\/"},"modified":"2026-04-16T02:07:56","modified_gmt":"2026-04-15T23:07:56","slug":"anne-baba-ve-cocuk-arasinda","status":"publish","type":"product","link":"https:\/\/roveyayinevi.com.tr\/index.php\/urun\/anne-baba-ve-cocuk-arasinda\/","title":{"rendered":"Anne Baba ve \u00c7ocuk Aras\u0131nda"},"content":{"rendered":"<p>5 milyondan fazla satan klasik! \u201c\u0130yi anne baba olmak, \u00f6\u011frenilebilir bir beceridir.\u201d Ebeveyn ve \u00e7ocuk ileti\u015fimi alan\u0131nda yaz\u0131lm\u0131\u015f en iyi eser olan Anne Baba ve \u00c7ocuk Aras\u0131nda, d\u00fcnyan\u0131n her yan\u0131ndan milyonlarca ebeveynin \u00e7ocuklar\u0131yla ileti\u015fimini g\u00fc\u00e7lendirmesini sa\u011flad\u0131. D\u00fcnyaca \u00fcnl\u00fc psikolog Dr. Haim G. Ginott\u2019un yazd\u0131\u011f\u0131 bu kitap, bebeklikten ergenli\u011fe kadarki d\u00f6nemde, \u00e7ocuk e\u011fitiminin yenilik\u00e7i y\u00f6ntemlerini \u00f6rneklerle ve yal\u0131n bir dille anlat\u0131yor. Anne Baba ve \u00c7ocuk Aras\u0131nda, t\u00fcm ebeveynlerin tekrar ve tekrar okumas\u0131 gereken, de\u011ferini hi\u00e7bir zaman yitirmeyecek, vazge\u00e7ilmez bir ba\u015fucu kitab\u0131. Tehditlere, r\u00fc\u015fvetlere, alaylara ve cezaland\u0131rmalara ba\u015fvurmadan \u00e7ocuklar\u0131m\u0131z\u0131 nas\u0131l e\u011fitece\u011fimizi, K\u00fc\u00e7\u00fck d\u00fc\u015f\u00fcrmeden ele\u015ftirmeyi, yarg\u0131lamadan \u00f6vg\u00fcde bulunmay\u0131 ve incitmeden \u00f6fkemizi ifade etmeyi, \u00c7ocuklar\u0131n duygular\u0131n\u0131, alg\u0131lar\u0131n\u0131 ve fikirlerini tart\u0131\u015fmadan anlamay\u0131 \u00f6\u011fretiyor. Aralar\u0131nda \u0130ngiltere, Kanada, \u0130spanya, Almanya, Japonya, Avusturya ve Fransa\u2019n\u0131n da bulundu\u011fu bir\u00e7ok \u00fclkede yay\u0131nlanan ve \u015fimdiye kadar 30 dile \u00e7evrilen bu kitap, t\u00fcm d\u00fcnyada 5 milyondan fazla sat\u0131ld\u0131. \u201cUmar\u0131m; bu kitap, bug\u00fcn\u00fcn anne babalar\u0131n\u0131n istekli elleriyle bulu\u015fur. Dr. Ginott\u2019\u0131n kitab\u0131 bana, pek az ki\u015finin fark\u0131nda oldu\u011fu bir \u015feyi, nas\u0131l etkili bir anne baba olaca\u011f\u0131m\u0131z\u0131 kesin bir \u015fekilde \u00f6\u011fretti.\u201d Janet Brody, New York Times \u201cBu kitap, kuvvetle tavsiye etti\u011fim, duygusal bak\u0131mdan zeki anne baba olmaya \u00f6nc\u00fcl\u00fck eden bir rehberdir.\u201d Daniel Goleman, \u00e7ok satan Duygusal Zeka\u2018n\u0131n yazar\u0131 \u201cAnne baba olma ve \u00e7ocuklar\u0131n duygusal d\u00fcnyas\u0131 \u00fczerine \u015fimdiye kadar yaz\u0131lm\u0131\u015f en \u00f6nemli kitap. Her ebeveynin okumas\u0131 gerekir. Siz ve \u00e7ocuklar\u0131n\u0131z\u0131n sonsuza kadar minettar kalacaks\u0131n\u0131z.\u201d Dr. John M. Gottman, Duygusal Bak\u0131mdan Zeki bir \u00c7ocuk Yeti\u015ftirmek adl\u0131 kitab\u0131n yazar\u0131<\/p>\n","protected":false},"excerpt":{"rendered":"<p>5 milyondan fazla satan klasik! \u201c\u0130yi anne baba olmak, \u00f6\u011frenilebilir bir beceridir.\u201d Ebeveyn ve \u00e7ocuk ileti\u015fimi alan\u0131nda yaz\u0131lm\u0131\u015f en iyi eser olan Anne Baba ve \u00c7ocuk<span class=\"excerpt-hellip\"> [\u2026]<\/span><\/p>\n","protected":false},"featured_media":0,"template":"","meta":{"_monsterinsights_skip_tracking":false,"_monsterinsights_sitenote_active":false,"_monsterinsights_sitenote_note":"","_monsterinsights_sitenote_category":0},"product_brand":[],"product_cat":[14902,13365],"product_tag":[],"class_list":{"0":"post-698541","1":"product","2":"type-product","3":"status-publish","5":"product_cat-annelik-ve-cocuk-bakimi","6":"product_cat-saglik","7":"pa_cilt-ciltsiz","8":"pa_tur-kitap","9":"pa_yayinevi-okuyan-us-yayin","10":"pa_yazar-kollektif","12":"first","13":"instock","14":"sale","15":"shipping-taxable","16":"purchasable","17":"product-type-simple"},"_links":{"self":[{"href":"https:\/\/roveyayinevi.com.tr\/index.php\/wp-json\/wp\/v2\/product\/698541","targetHints":{"allow":["GET"]}}],"collection":[{"href":"https:\/\/roveyayinevi.com.tr\/index.php\/wp-json\/wp\/v2\/product"}],"about":[{"href":"https:\/\/roveyayinevi.com.tr\/index.php\/wp-json\/wp\/v2\/types\/product"}],"wp:attachment":[{"href":"https:\/\/roveyayinevi.com.tr\/index.php\/wp-json\/wp\/v2\/media?parent=698541"}],"wp:term":[{"taxonomy":"product_brand","embeddable":true,"href":"https:\/\/roveyayinevi.com.tr\/index.php\/wp-json\/wp\/v2\/product_brand?post=698541"},{"taxonomy":"product_cat","embeddable":true,"href":"https:\/\/roveyayinevi.com.tr\/index.php\/wp-json\/wp\/v2\/product_cat?post=698541"},{"taxonomy":"product_tag","embeddable":true,"href":"https:\/\/roveyayinevi.com.tr\/index.php\/wp-json\/wp\/v2\/product_tag?post=698541"}],"curies":[{"name":"wp","href":"https:\/\/api.w.org\/{rel}","templated":true}]}}