{"id":698538,"date":"2025-08-27T14:45:57","date_gmt":"2025-08-27T11:45:57","guid":{"rendered":"https:\/\/roveyayinevi.com.tr\/index.php\/urun\/ikiz-gezginler-istanbuldan-bodruma\/"},"modified":"2026-04-16T02:07:56","modified_gmt":"2026-04-15T23:07:56","slug":"ikiz-gezginler-istanbuldan-bodruma","status":"publish","type":"product","link":"https:\/\/roveyayinevi.com.tr\/index.php\/urun\/ikiz-gezginler-istanbuldan-bodruma\/","title":{"rendered":"\u0130kiz Gezginler: \u0130stanbul&#8217;dan Bodrum&#8217;a"},"content":{"rendered":"<p>Lidyal\u0131lar paray\u0131 nas\u0131l icat etti?Kral Midas\u2019\u0131n e\u015fek kulaklar\u0131n\u0131n s\u0131rr\u0131 ne?Bodrum Kalesi\u2019nde sergilenen mumya hangi prensese ait?Dokuz ya\u015f\u0131ndaki ikizler Peri ve Ege\u2019yle antik \u00e7a\u011flardan g\u00fcn\u00fcm\u00fcz Bat\u0131 Anadolu\u2019suna uzanan gizemli bir ser\u00fcvene \u00e7\u0131kmaya haz\u0131r m\u0131s\u0131n\u0131z?Arkeolog yazar Bet\u00fcl Avun\u00e7\u2019un Anadolu\u2019nun tarihsel miras\u0131n\u0131 gelecek ku\u015faklara tan\u0131tmak, \u00e7ocuklara arkeolojiyi ve mitolojiyi sevdirmek amac\u0131yla kaleme ald\u0131\u011f\u0131 \u201c\u0130kiz Gezginler\u201d serisinin ilk kitab\u0131 \u0130kiz Gezginler \u0130stanbul&#8217;dan Bodrum&#8217;a, G\u00f6k\u00e7e Akg\u00fcl\u2019\u00fcn haz\u0131rlad\u0131\u011f\u0131 yepyeni kapak resmi ve yenilenmi\u015f bask\u0131s\u0131yla Tudem Yay\u0131nlar\u0131 taraf\u0131ndan yay\u0131mland\u0131.\u0130kiz Gezginlerin \u0130stanbul\u2019dan Bodrum\u2019a uzanan maceras\u0131nda, okurlar\u0131 birbirinden ilgin\u00e7 efsanelerle \u00f6r\u00fcl\u00fc heyecan dolu bir ser\u00fcven bekliyor. Alt\u0131n postlu bir ko\u00e7un s\u0131rt\u0131nda Helle\u2019nin Denizi\u2019nden Troya\u2019n\u0131n Tahta At\u0131\u2019na, Ay Tanr\u0131\u00e7as\u0131 Artemis\u2019in tap\u0131na\u011f\u0131ndan Karya\u2019n\u0131n ba\u015fkenti Halikarnassos\u2019a uzanan gezi boyunca ikizlerin kar\u015f\u0131la\u015ft\u0131klar\u0131 tarihi g\u00fczellikler ve efsaneler kar\u015f\u0131s\u0131nda b\u00fcy\u00fcleneceksiniz\u2026 Hatta kendinizi bu gezintiye \u00f6yle kapt\u0131rabilirsiniz ki; ikizlerle birlikte daha \u00f6nce e\u015fi benzerini hi\u00e7 g\u00f6rmedi\u011finiz bir \u00c7ingene d\u00fc\u011f\u00fcn\u00fcnde halay \u00e7ekebilir, \u015eeytan Sofras\u0131\u2019nda e\u015fsiz bir g\u00f6rsel \u015f\u00f6lene kat\u0131labilirsiniz\u2026Her ya\u015ftan okurun ilgisini \u00e7ekecek g\u00fc\u00e7l\u00fc bir \u00f6yk\u00fc kurgusuna sahip olan \u0130kiz Gezginler \u0130stanbul\u2019dan Bodrum\u2019a, ge\u00e7mi\u015fin izini s\u00fcrmekten keyif alan t\u00fcm edebiyatseverlere ke\u015fiflerle dolu e\u011flenceli bir okuma deneyimi sunmas\u0131n\u0131n yan\u0131 s\u0131ra, \u00f6zg\u00fcn i\u00e7eri\u011fiyle ilkokul \u00f6\u011fretmenlerinin \u00f6\u011frencilerine en \u00e7ok tavsiye etti\u011fi g\u00fcd\u00fcml\u00fc kitaplar aras\u0131nda yer al\u0131yor.<\/p>\n","protected":false},"excerpt":{"rendered":"<p>Lidyal\u0131lar paray\u0131 nas\u0131l icat etti?Kral Midas\u2019\u0131n e\u015fek kulaklar\u0131n\u0131n s\u0131rr\u0131 ne?Bodrum Kalesi\u2019nde sergilenen mumya hangi prensese ait?Dokuz ya\u015f\u0131ndaki ikizler Peri ve Ege\u2019yle antik \u00e7a\u011flardan g\u00fcn\u00fcm\u00fcz Bat\u0131 Anadolu\u2019suna<span class=\"excerpt-hellip\"> [\u2026]<\/span><\/p>\n","protected":false},"featured_media":0,"template":"","meta":{"_monsterinsights_skip_tracking":false,"_monsterinsights_sitenote_active":false,"_monsterinsights_sitenote_note":"","_monsterinsights_sitenote_category":0},"product_brand":[],"product_cat":[12275,12274],"product_tag":[],"class_list":{"0":"post-698538","1":"product","2":"type-product","3":"status-publish","5":"product_cat-6-12-yas-kitaplari","6":"product_cat-cocuk-ve-genclik-kitaplari","7":"pa_cilt-ciltsiz","8":"pa_tur-kitap","9":"pa_yayinevi-tudem-yayinlari","10":"pa_yazar-betul-avunc","12":"first","13":"instock","14":"sale","15":"shipping-taxable","16":"purchasable","17":"product-type-simple"},"_links":{"self":[{"href":"https:\/\/roveyayinevi.com.tr\/index.php\/wp-json\/wp\/v2\/product\/698538","targetHints":{"allow":["GET"]}}],"collection":[{"href":"https:\/\/roveyayinevi.com.tr\/index.php\/wp-json\/wp\/v2\/product"}],"about":[{"href":"https:\/\/roveyayinevi.com.tr\/index.php\/wp-json\/wp\/v2\/types\/product"}],"wp:attachment":[{"href":"https:\/\/roveyayinevi.com.tr\/index.php\/wp-json\/wp\/v2\/media?parent=698538"}],"wp:term":[{"taxonomy":"product_brand","embeddable":true,"href":"https:\/\/roveyayinevi.com.tr\/index.php\/wp-json\/wp\/v2\/product_brand?post=698538"},{"taxonomy":"product_cat","embeddable":true,"href":"https:\/\/roveyayinevi.com.tr\/index.php\/wp-json\/wp\/v2\/product_cat?post=698538"},{"taxonomy":"product_tag","embeddable":true,"href":"https:\/\/roveyayinevi.com.tr\/index.php\/wp-json\/wp\/v2\/product_tag?post=698538"}],"curies":[{"name":"wp","href":"https:\/\/api.w.org\/{rel}","templated":true}]}}