{"id":698537,"date":"2025-08-27T14:45:57","date_gmt":"2025-08-27T11:45:57","guid":{"rendered":"https:\/\/roveyayinevi.com.tr\/index.php\/urun\/en-guzel-isimler-allahindir\/"},"modified":"2026-04-16T02:07:56","modified_gmt":"2026-04-15T23:07:56","slug":"en-guzel-isimler-allahindir","status":"publish","type":"product","link":"https:\/\/roveyayinevi.com.tr\/index.php\/urun\/en-guzel-isimler-allahindir\/","title":{"rendered":"En G\u00fczel \u0130simler Allah&#8217;\u0131nd\u0131r"},"content":{"rendered":"<p>EL-VEK\u0130LKendisine s\u0131\u011f\u0131nanlar\u0131n i\u015flerini kolaya \u00e7\u0131karan.Kullar\u0131na yard\u0131m eden.Niyet:Allah\u2019tan ba\u015fkas\u0131na minnet etmemek.Dua:Ya Rabbi, ya Rabbi! Ey kendine g\u00fcvenip s\u0131\u011f\u0131nan kullar\u0131n\u0131n i\u015flerini en iyi yola koyan. Ey do\u011funun ve bat\u0131n\u0131n Rabb\u2019i olan Allah\u2019\u0131m. Arkam\u0131zdan kuyumuzu kazanlardan, kem g\u00f6zden, fitne fesat insanlardan, \u00e7ekemeyenlerden sana s\u0131\u011f\u0131n\u0131r\u0131z. Sen bizi her t\u00fcrl\u00fc \u015ferden koru. Vekil olarak sen yetersin Allah\u2019\u0131m. A\u015famad\u0131\u011f\u0131m\u0131z her ne s\u0131k\u0131nt\u0131m\u0131z varsa tek yard\u0131mc\u0131m\u0131z sensin. Ben senin kulunum sen benim Rabb\u2019imsin. Sen bize k\u00e2fisin. Ben \u00f6l\u00fcms\u00fcz ve daima diri olana tevekk\u00fcl ettim. \u00c2min&#8230;<\/p>\n","protected":false},"excerpt":{"rendered":"<p>EL-VEK\u0130LKendisine s\u0131\u011f\u0131nanlar\u0131n i\u015flerini kolaya \u00e7\u0131karan.Kullar\u0131na yard\u0131m eden.Niyet:Allah\u2019tan ba\u015fkas\u0131na minnet etmemek.Dua:Ya Rabbi, ya Rabbi! Ey kendine g\u00fcvenip s\u0131\u011f\u0131nan kullar\u0131n\u0131n i\u015flerini en iyi yola koyan. Ey do\u011funun ve<span class=\"excerpt-hellip\"> [\u2026]<\/span><\/p>\n","protected":false},"featured_media":0,"template":"","meta":{"_monsterinsights_skip_tracking":false,"_monsterinsights_sitenote_active":false,"_monsterinsights_sitenote_note":"","_monsterinsights_sitenote_category":0},"product_brand":[],"product_cat":[16789,12718,12719],"product_tag":[],"class_list":{"0":"post-698537","1":"product","2":"type-product","3":"status-publish","5":"product_cat-diger-islam","6":"product_cat-din","7":"product_cat-islam","8":"pa_cilt-ciltsiz","9":"pa_tur-kitap","10":"pa_yayinevi-destek-yayinlari","11":"pa_yazar-ugur-kosar","13":"first","14":"instock","15":"sale","16":"shipping-taxable","17":"purchasable","18":"product-type-simple"},"_links":{"self":[{"href":"https:\/\/roveyayinevi.com.tr\/index.php\/wp-json\/wp\/v2\/product\/698537","targetHints":{"allow":["GET"]}}],"collection":[{"href":"https:\/\/roveyayinevi.com.tr\/index.php\/wp-json\/wp\/v2\/product"}],"about":[{"href":"https:\/\/roveyayinevi.com.tr\/index.php\/wp-json\/wp\/v2\/types\/product"}],"wp:attachment":[{"href":"https:\/\/roveyayinevi.com.tr\/index.php\/wp-json\/wp\/v2\/media?parent=698537"}],"wp:term":[{"taxonomy":"product_brand","embeddable":true,"href":"https:\/\/roveyayinevi.com.tr\/index.php\/wp-json\/wp\/v2\/product_brand?post=698537"},{"taxonomy":"product_cat","embeddable":true,"href":"https:\/\/roveyayinevi.com.tr\/index.php\/wp-json\/wp\/v2\/product_cat?post=698537"},{"taxonomy":"product_tag","embeddable":true,"href":"https:\/\/roveyayinevi.com.tr\/index.php\/wp-json\/wp\/v2\/product_tag?post=698537"}],"curies":[{"name":"wp","href":"https:\/\/api.w.org\/{rel}","templated":true}]}}