{"id":698532,"date":"2025-08-27T14:45:56","date_gmt":"2025-08-27T11:45:56","guid":{"rendered":"https:\/\/roveyayinevi.com.tr\/index.php\/urun\/allak-bullak\/"},"modified":"2026-02-03T02:12:48","modified_gmt":"2026-02-02T23:12:48","slug":"allak-bullak","status":"publish","type":"product","link":"https:\/\/roveyayinevi.com.tr\/index.php\/urun\/allak-bullak\/","title":{"rendered":"Allak Bullak"},"content":{"rendered":"<p>Germain Chazes, okulda \u00f6\u011fretmeni taraf\u0131ndan k\u00fc\u00e7\u00fcmsendi\u011fi g\u00fcnden beri, okumaya k\u00fcsm\u00fc\u015f, y\u0131llar boyunca kitaplardan ve k\u00fclt\u00fcrden uzak kalm\u0131\u015f, annesinin evinden otuz metre \u00f6tedeki bir karavanda ya\u015fayan, ellilerinde bir yar\u0131 \u00e7atlakt\u0131r. Her zaman gitti\u011fi parkta bir banka oturup g\u00fcvercinleri seyreder. G\u00fcn\u00fcn birinde yan\u0131na sessizce ili\u015fen ufak tefek han\u0131mefendiyle g\u00fcvercinlerden ba\u015flay\u0131p kitaplara uzanan, g\u00fcnler boyu devam edecek koyu bir sohbete ba\u015flarlar. Yak\u0131nlardaki bir huzurevinde \u00f6mr\u00fcn\u00fcn son demlerini ge\u00e7irmekte olan bu han\u0131mla Germain\u2019in sohbetleri hi\u00e7 umulmad\u0131k bir y\u00f6nde geli\u015ferek bu iki insan\u0131 da de\u011fi\u015ftirecektir. <\/p>\n","protected":false},"excerpt":{"rendered":"<p>Germain Chazes, okulda \u00f6\u011fretmeni taraf\u0131ndan k\u00fc\u00e7\u00fcmsendi\u011fi g\u00fcnden beri, okumaya k\u00fcsm\u00fc\u015f, y\u0131llar boyunca kitaplardan ve k\u00fclt\u00fcrden uzak kalm\u0131\u015f, annesinin evinden otuz metre \u00f6tedeki bir karavanda ya\u015fayan, ellilerinde<span class=\"excerpt-hellip\"> [\u2026]<\/span><\/p>\n","protected":false},"featured_media":0,"template":"","meta":{"_monsterinsights_skip_tracking":false,"_monsterinsights_sitenote_active":false,"_monsterinsights_sitenote_note":"","_monsterinsights_sitenote_category":0},"product_brand":[],"product_cat":[12291,13376],"product_tag":[],"class_list":{"0":"post-698532","1":"product","2":"type-product","3":"status-publish","5":"product_cat-edebiyat","6":"product_cat-fransiz-edebiyati","7":"pa_tur-kitap","8":"pa_yayinevi-kirmizi-kedi-yayinevi","9":"pa_yazar-marie-sabine-roger","11":"first","12":"instock","13":"sale","14":"shipping-taxable","15":"purchasable","16":"product-type-simple"},"_links":{"self":[{"href":"https:\/\/roveyayinevi.com.tr\/index.php\/wp-json\/wp\/v2\/product\/698532","targetHints":{"allow":["GET"]}}],"collection":[{"href":"https:\/\/roveyayinevi.com.tr\/index.php\/wp-json\/wp\/v2\/product"}],"about":[{"href":"https:\/\/roveyayinevi.com.tr\/index.php\/wp-json\/wp\/v2\/types\/product"}],"wp:attachment":[{"href":"https:\/\/roveyayinevi.com.tr\/index.php\/wp-json\/wp\/v2\/media?parent=698532"}],"wp:term":[{"taxonomy":"product_brand","embeddable":true,"href":"https:\/\/roveyayinevi.com.tr\/index.php\/wp-json\/wp\/v2\/product_brand?post=698532"},{"taxonomy":"product_cat","embeddable":true,"href":"https:\/\/roveyayinevi.com.tr\/index.php\/wp-json\/wp\/v2\/product_cat?post=698532"},{"taxonomy":"product_tag","embeddable":true,"href":"https:\/\/roveyayinevi.com.tr\/index.php\/wp-json\/wp\/v2\/product_tag?post=698532"}],"curies":[{"name":"wp","href":"https:\/\/api.w.org\/{rel}","templated":true}]}}