{"id":698531,"date":"2025-08-27T14:45:55","date_gmt":"2025-08-27T11:45:55","guid":{"rendered":"https:\/\/roveyayinevi.com.tr\/index.php\/urun\/modernizmin-yansimalari-70li-yillarda-turkiye\/"},"modified":"2026-04-16T02:07:56","modified_gmt":"2026-04-15T23:07:56","slug":"modernizmin-yansimalari-70li-yillarda-turkiye","status":"publish","type":"product","link":"https:\/\/roveyayinevi.com.tr\/index.php\/urun\/modernizmin-yansimalari-70li-yillarda-turkiye\/","title":{"rendered":"Modernizmin Yans\u0131malar\u0131: 70&#8217;li Y\u0131llarda T\u00fcrkiye"},"content":{"rendered":"<p>\u201cModernizm\u201d gerek kuramsal \u00e7e\u015fitlilik gerek uygulama \u00f6rneklerindeki farkl\u0131l\u0131klar a\u00e7\u0131s\u0131ndan sosyal bilimlerin pek \u00e7ok disiplini taraf\u0131ndan incelenmektedir. Literat\u00fcr, ele al\u0131nan d\u00f6nem ve \u00fclkelere g\u00f6re olduk\u00e7a farkl\u0131 nitelikte \u00e7al\u0131\u015fmalar ile geni\u015flemeye devam etmektedir. <\/p>\n","protected":false},"excerpt":{"rendered":"<p>\u201cModernizm\u201d gerek kuramsal \u00e7e\u015fitlilik gerek uygulama \u00f6rneklerindeki farkl\u0131l\u0131klar a\u00e7\u0131s\u0131ndan sosyal bilimlerin pek \u00e7ok disiplini taraf\u0131ndan incelenmektedir. Literat\u00fcr, ele al\u0131nan d\u00f6nem ve \u00fclkelere g\u00f6re olduk\u00e7a farkl\u0131 nitelikte<span class=\"excerpt-hellip\"> [\u2026]<\/span><\/p>\n","protected":false},"featured_media":0,"template":"","meta":{"_monsterinsights_skip_tracking":false,"_monsterinsights_sitenote_active":false,"_monsterinsights_sitenote_note":"","_monsterinsights_sitenote_category":0},"product_brand":[],"product_cat":[12388,15309],"product_tag":[],"class_list":{"0":"post-698531","1":"product","2":"type-product","3":"status-publish","5":"product_cat-felsefe","6":"product_cat-felsefi-akimlar","7":"pa_tur-kitap","8":"pa_yayinevi-efil-yayinevi","9":"pa_yazar-r-funda-barbaros","11":"first","12":"instock","13":"sale","14":"shipping-taxable","15":"purchasable","16":"product-type-simple"},"_links":{"self":[{"href":"https:\/\/roveyayinevi.com.tr\/index.php\/wp-json\/wp\/v2\/product\/698531","targetHints":{"allow":["GET"]}}],"collection":[{"href":"https:\/\/roveyayinevi.com.tr\/index.php\/wp-json\/wp\/v2\/product"}],"about":[{"href":"https:\/\/roveyayinevi.com.tr\/index.php\/wp-json\/wp\/v2\/types\/product"}],"wp:attachment":[{"href":"https:\/\/roveyayinevi.com.tr\/index.php\/wp-json\/wp\/v2\/media?parent=698531"}],"wp:term":[{"taxonomy":"product_brand","embeddable":true,"href":"https:\/\/roveyayinevi.com.tr\/index.php\/wp-json\/wp\/v2\/product_brand?post=698531"},{"taxonomy":"product_cat","embeddable":true,"href":"https:\/\/roveyayinevi.com.tr\/index.php\/wp-json\/wp\/v2\/product_cat?post=698531"},{"taxonomy":"product_tag","embeddable":true,"href":"https:\/\/roveyayinevi.com.tr\/index.php\/wp-json\/wp\/v2\/product_tag?post=698531"}],"curies":[{"name":"wp","href":"https:\/\/api.w.org\/{rel}","templated":true}]}}