{"id":698530,"date":"2025-08-27T14:45:55","date_gmt":"2025-08-27T11:45:55","guid":{"rendered":"https:\/\/roveyayinevi.com.tr\/index.php\/urun\/battallar-ve-insanlar\/"},"modified":"2026-04-16T02:07:56","modified_gmt":"2026-04-15T23:07:56","slug":"battallar-ve-insanlar","status":"publish","type":"product","link":"https:\/\/roveyayinevi.com.tr\/index.php\/urun\/battallar-ve-insanlar\/","title":{"rendered":"Battallar ve \u0130nsanlar"},"content":{"rendered":"<p>\u0130nsan d\u00fcnyan\u0131n en muhte\u015fem hayvan\u0131 ve herkesin evinde bir tane olmal\u0131!   \u00c7ok uzak, ama asl\u0131nda hi\u00e7 de uzak olmayan bir diyarda, insan\u0131 olan bir \u00e7ocukla ba\u015flad\u0131 her \u015fey&#8230;   Battallar\u0131n h\u00e2kim oldu\u011fu insanlar\u0131nsa evcil birer hayvan olarak beslendi\u011fi bir d\u00fcnya hayal edin. \u0130nsano\u011flu sonras\u0131 d\u00fcnyada, bir battal ailesinin o\u011flu eve geliyor ve odas\u0131nda k\u0131rm\u0131z\u0131 kurdele ile ba\u011flanm\u0131\u015f bir di\u015fi insan buluyor. \u0130nsan\u0131n boynuna ge\u00e7irilmi\u015f notta \u015f\u00f6yle yaz\u0131yor:   Her \u00e7ocu\u011fun bir insan\u0131 olmal\u0131. Sen iyi bir evlats\u0131n o\u011flum. Sevgiler, baban. <\/p>\n","protected":false},"excerpt":{"rendered":"<p>\u0130nsan d\u00fcnyan\u0131n en muhte\u015fem hayvan\u0131 ve herkesin evinde bir tane olmal\u0131! \u00c7ok uzak, ama asl\u0131nda hi\u00e7 de uzak olmayan bir diyarda, insan\u0131 olan bir \u00e7ocukla ba\u015flad\u0131<span class=\"excerpt-hellip\"> [\u2026]<\/span><\/p>\n","protected":false},"featured_media":0,"template":"","meta":{"_monsterinsights_skip_tracking":false,"_monsterinsights_sitenote_active":false,"_monsterinsights_sitenote_note":"","_monsterinsights_sitenote_category":0},"product_brand":[],"product_cat":[12324],"product_tag":[],"class_list":{"0":"post-698530","1":"product","2":"type-product","3":"status-publish","5":"product_cat-sosyoloji","6":"pa_tur-kitap","7":"pa_yayinevi-delidolu","8":"pa_yazar-preston-l-allen","10":"first","11":"instock","12":"sale","13":"shipping-taxable","14":"purchasable","15":"product-type-simple"},"_links":{"self":[{"href":"https:\/\/roveyayinevi.com.tr\/index.php\/wp-json\/wp\/v2\/product\/698530","targetHints":{"allow":["GET"]}}],"collection":[{"href":"https:\/\/roveyayinevi.com.tr\/index.php\/wp-json\/wp\/v2\/product"}],"about":[{"href":"https:\/\/roveyayinevi.com.tr\/index.php\/wp-json\/wp\/v2\/types\/product"}],"wp:attachment":[{"href":"https:\/\/roveyayinevi.com.tr\/index.php\/wp-json\/wp\/v2\/media?parent=698530"}],"wp:term":[{"taxonomy":"product_brand","embeddable":true,"href":"https:\/\/roveyayinevi.com.tr\/index.php\/wp-json\/wp\/v2\/product_brand?post=698530"},{"taxonomy":"product_cat","embeddable":true,"href":"https:\/\/roveyayinevi.com.tr\/index.php\/wp-json\/wp\/v2\/product_cat?post=698530"},{"taxonomy":"product_tag","embeddable":true,"href":"https:\/\/roveyayinevi.com.tr\/index.php\/wp-json\/wp\/v2\/product_tag?post=698530"}],"curies":[{"name":"wp","href":"https:\/\/api.w.org\/{rel}","templated":true}]}}