{"id":698529,"date":"2025-08-27T14:45:55","date_gmt":"2025-08-27T11:45:55","guid":{"rendered":"https:\/\/roveyayinevi.com.tr\/index.php\/urun\/yazboz\/"},"modified":"2026-04-16T02:07:56","modified_gmt":"2026-04-15T23:07:56","slug":"yazboz","status":"publish","type":"product","link":"https:\/\/roveyayinevi.com.tr\/index.php\/urun\/yazboz\/","title":{"rendered":"Yazboz"},"content":{"rendered":"<p>Co\u011frafyam\u0131zda bulunmu\u015f en eski kafatas\u0131 iki milyon ya\u015f\u0131nda. \u0130lk yaz\u0131 \u00f6rnekleriyle alt\u0131 bin y\u0131l \u00f6ncesinde kar\u015f\u0131la\u015f\u0131yoruz. Katlanm\u0131\u015f sayfalardan olu\u015fan elyazmas\u0131 kitaplara \u0130sa&#8217;dan sonra rastlan\u0131yor. Noktalama i\u015faretlerini ilk kez Bizansl\u0131 bir ke\u015fi\u015f kullan\u0131yor. Saint-Augustin yaz\u0131l\u0131 metinleri i\u00e7inden okumaya kalk\u0131\u015f\u0131nca herkes \u015fa\u015f\u0131r\u0131yor, ondan \u00f6ncesinde kitaplar y\u00fcksek sesle okunuyor. Montaigne, Erasmus gibi b\u00fcy\u00fck ki\u015fisel k\u00fct\u00fcphaneye sahip olanlar\u0131n elinde yakla\u015f\u0131k 300 kitap bulunuyor. Sonras\u0131nda: G\u00fctenberg&#8217;in bask\u0131 makinesinden cep kitab\u0131 na ba\u015f d\u00f6nd\u00fcr\u00fcc\u00fc bir h\u0131z. <\/p>\n","protected":false},"excerpt":{"rendered":"<p>Co\u011frafyam\u0131zda bulunmu\u015f en eski kafatas\u0131 iki milyon ya\u015f\u0131nda. \u0130lk yaz\u0131 \u00f6rnekleriyle alt\u0131 bin y\u0131l \u00f6ncesinde kar\u015f\u0131la\u015f\u0131yoruz. Katlanm\u0131\u015f sayfalardan olu\u015fan elyazmas\u0131 kitaplara \u0130sa&#8217;dan sonra rastlan\u0131yor. Noktalama i\u015faretlerini<span class=\"excerpt-hellip\"> [\u2026]<\/span><\/p>\n","protected":false},"featured_media":0,"template":"","meta":{"_monsterinsights_skip_tracking":false,"_monsterinsights_sitenote_active":false,"_monsterinsights_sitenote_note":"","_monsterinsights_sitenote_category":0},"product_brand":[],"product_cat":[12312,12304],"product_tag":[],"class_list":{"0":"post-698529","1":"product","2":"type-product","3":"status-publish","5":"product_cat-diger","6":"product_cat-tarih","7":"pa_tur-kitap","8":"pa_yayinevi-sel-yayincilik","9":"pa_yazar-enis-batur","11":"first","12":"instock","13":"sale","14":"shipping-taxable","15":"purchasable","16":"product-type-simple"},"_links":{"self":[{"href":"https:\/\/roveyayinevi.com.tr\/index.php\/wp-json\/wp\/v2\/product\/698529","targetHints":{"allow":["GET"]}}],"collection":[{"href":"https:\/\/roveyayinevi.com.tr\/index.php\/wp-json\/wp\/v2\/product"}],"about":[{"href":"https:\/\/roveyayinevi.com.tr\/index.php\/wp-json\/wp\/v2\/types\/product"}],"wp:attachment":[{"href":"https:\/\/roveyayinevi.com.tr\/index.php\/wp-json\/wp\/v2\/media?parent=698529"}],"wp:term":[{"taxonomy":"product_brand","embeddable":true,"href":"https:\/\/roveyayinevi.com.tr\/index.php\/wp-json\/wp\/v2\/product_brand?post=698529"},{"taxonomy":"product_cat","embeddable":true,"href":"https:\/\/roveyayinevi.com.tr\/index.php\/wp-json\/wp\/v2\/product_cat?post=698529"},{"taxonomy":"product_tag","embeddable":true,"href":"https:\/\/roveyayinevi.com.tr\/index.php\/wp-json\/wp\/v2\/product_tag?post=698529"}],"curies":[{"name":"wp","href":"https:\/\/api.w.org\/{rel}","templated":true}]}}