{"id":698527,"date":"2025-08-27T14:45:54","date_gmt":"2025-08-27T11:45:54","guid":{"rendered":"https:\/\/roveyayinevi.com.tr\/index.php\/urun\/iktisat-sosyolojisine-baslangic\/"},"modified":"2026-04-16T02:07:56","modified_gmt":"2026-04-15T23:07:56","slug":"iktisat-sosyolojisine-baslangic","status":"publish","type":"product","link":"https:\/\/roveyayinevi.com.tr\/index.php\/urun\/iktisat-sosyolojisine-baslangic\/","title":{"rendered":"\u0130ktisat Sosyolojisine Ba\u015flang\u0131\u00e7"},"content":{"rendered":"<p>Malumdur ki, iktisad\u00ee olaylar\u0131 ve konular\u0131 anlamada tarih, sosyoloji, halk bilimi, antropoloji ve benzeri bilim dallar\u0131n\u0131n \u00f6nemli yeri vard\u0131r ve bu bilim dallar\u0131 iktisad\u00ee geli\u015fme ve kalk\u0131nma meselelerinin anla\u015f\u0131lmas\u0131nda ilgililere yard\u0131mlar sunmaktad\u0131r. \u00c7\u00fcnk\u00fc iktisad\u00ee olaylar bo\u015flukta de\u011fil, bir sosyal ortamda meydana gelirler. Prof. Dr. Mehmet Er\u00f6z\u2019\u00fcn bu eseri, iktisad\u00ee kavramlar ile olaylar\u0131n temelde sosyoloji, tarih, antropoloji ve halk bilimi ba\u011flam\u0131ndaki arka plan\u0131n\u0131n T\u00fcrkiye \u015fartlar\u0131nda anla\u015f\u0131lmas\u0131na imk\u00e2n sa\u011flamakta ve \u0131\u015f\u0131k tutmaktad\u0131r. Bu itibarla \u0130ktisat Sosyolojisine Ba\u015flang\u0131\u00e7, sahas\u0131nda orijinal bir \u00e7al\u0131\u015fma olup, T\u00fcrkiye\u2019de bir ilktir. <\/p>\n","protected":false},"excerpt":{"rendered":"<p>Malumdur ki, iktisad\u00ee olaylar\u0131 ve konular\u0131 anlamada tarih, sosyoloji, halk bilimi, antropoloji ve benzeri bilim dallar\u0131n\u0131n \u00f6nemli yeri vard\u0131r ve bu bilim dallar\u0131 iktisad\u00ee geli\u015fme ve<span class=\"excerpt-hellip\"> [\u2026]<\/span><\/p>\n","protected":false},"featured_media":0,"template":"","meta":{"_monsterinsights_skip_tracking":false,"_monsterinsights_sitenote_active":false,"_monsterinsights_sitenote_note":"","_monsterinsights_sitenote_category":0},"product_brand":[],"product_cat":[12573,12566],"product_tag":[],"class_list":{"0":"post-698527","1":"product","2":"type-product","3":"status-publish","5":"product_cat-akademik-kitaplar","6":"product_cat-egitim","7":"pa_tur-kitap","8":"pa_yayinevi-otuken-nesriyat","9":"pa_yazar-mehmet-eroz","11":"first","12":"instock","13":"sale","14":"shipping-taxable","15":"purchasable","16":"product-type-simple"},"_links":{"self":[{"href":"https:\/\/roveyayinevi.com.tr\/index.php\/wp-json\/wp\/v2\/product\/698527","targetHints":{"allow":["GET"]}}],"collection":[{"href":"https:\/\/roveyayinevi.com.tr\/index.php\/wp-json\/wp\/v2\/product"}],"about":[{"href":"https:\/\/roveyayinevi.com.tr\/index.php\/wp-json\/wp\/v2\/types\/product"}],"wp:attachment":[{"href":"https:\/\/roveyayinevi.com.tr\/index.php\/wp-json\/wp\/v2\/media?parent=698527"}],"wp:term":[{"taxonomy":"product_brand","embeddable":true,"href":"https:\/\/roveyayinevi.com.tr\/index.php\/wp-json\/wp\/v2\/product_brand?post=698527"},{"taxonomy":"product_cat","embeddable":true,"href":"https:\/\/roveyayinevi.com.tr\/index.php\/wp-json\/wp\/v2\/product_cat?post=698527"},{"taxonomy":"product_tag","embeddable":true,"href":"https:\/\/roveyayinevi.com.tr\/index.php\/wp-json\/wp\/v2\/product_tag?post=698527"}],"curies":[{"name":"wp","href":"https:\/\/api.w.org\/{rel}","templated":true}]}}