{"id":698526,"date":"2025-08-27T14:45:54","date_gmt":"2025-08-27T11:45:54","guid":{"rendered":"https:\/\/roveyayinevi.com.tr\/index.php\/urun\/elestirel-egitim-yazilari\/"},"modified":"2026-04-16T02:07:56","modified_gmt":"2026-04-15T23:07:56","slug":"elestirel-egitim-yazilari","status":"publish","type":"product","link":"https:\/\/roveyayinevi.com.tr\/index.php\/urun\/elestirel-egitim-yazilari\/","title":{"rendered":"Ele\u015ftirel E\u011fitim Yaz\u0131lar\u0131"},"content":{"rendered":"<p>Ele\u015ftirel e\u011fitim hareketi en temelde kapitalist sistemin eksikliklerini gidermeye d\u00f6n\u00fck bir reform hareketi de\u011fil, m\u00fclkiyet ili\u015fkilerinin d\u00f6n\u00fc\u015ft\u00fcr\u00fcld\u00fc\u011f\u00fc, sosyal refah\u0131n e\u015fit bir bi\u00e7imde da\u011f\u0131t\u0131ld\u0131\u011f\u0131 toplum projesine g\u00f6t\u00fcrecek radikal bir \u00f6zg\u00fcrle\u015fme hareketidir. Okullarda \u00fcretilen bilginin nesnel ve tarafs\u0131z olmad\u0131\u011f\u0131, toplumdaki iktidar ili\u015fkilerini gizleyerek egemen ideolojiyi peki\u015ftidrdi\u011fi kabul\u00fcnden yola \u00e7\u0131kar. Bask\u0131 ve boyun e\u011fdirmeye dayal\u0131 iktidar ili\u015fkilerinin ve egemen bilgi, bilme bi\u00e7imlerinin d\u00f6n\u00fc\u015ft\u00fcr\u00fclerek okullar\u0131n ele\u015ftirel bilginin \u00fcretildi\u011fi ve toplumsal ger\u00e7ekli\u011fin anla\u015f\u0131lmas\u0131n\u0131 sa\u011flayarak ele\u015ftirel bilincin geli\u015ftirildi\u011fi \u00f6zg\u00fcrle\u015ftirme alan\u0131 haline getirilmesinin m\u00fcmk\u00fcn oldu\u011funu varsayar. D\u00fc\u015f\u00fcnce ve eylemin birli\u011fini i\u00e7eren praksis kavram\u0131na vurgu yaparak teori ve pratik eylem ayr\u0131m\u0131n\u0131 ortadan kalkmas\u0131 gerekti\u011fini savunur. Ele\u015ftirel pedagojik bir yakla\u015f\u0131mla b\u00f6ylesi bir \u00f6ng\u00f6r\u00fc klasik e\u011fitim anlay\u0131\u015f\u0131n\u0131n y\u00f6ntemleri ile de\u011fil \u00f6\u011fretmenlerin ve \u00f6\u011frenenlerin ayn\u0131 zamanda \u00f6\u011frendi\u011fi ve \u00f6\u011fretti\u011fi, bilgiyi birlikte ara\u015ft\u0131rd\u0131klar\u0131 diyalogcu bir e\u011fitim s\u00fcreci ile ba\u015far\u0131labilir. Diyalogcu \u00f6\u011fretim s\u00fcrecinde \u00f6\u011freten ve \u00f6\u011frenen aras\u0131ndaki hiyerar\u015fik ili\u015fki ortadan kalkar, \u00f6\u011frenciler \u00f6\u011frenme s\u00fcrecinin nesnesi olmaktan \u00e7\u0131karak \u00f6zne haline gelirler ve bunun sonucunda \u00f6\u011frenme bir \u00f6zg\u00fcrle\u015fme prati\u011fine d\u00f6n\u00fc\u015f\u00fcr. <\/p>\n","protected":false},"excerpt":{"rendered":"<p>Ele\u015ftirel e\u011fitim hareketi en temelde kapitalist sistemin eksikliklerini gidermeye d\u00f6n\u00fck bir reform hareketi de\u011fil, m\u00fclkiyet ili\u015fkilerinin d\u00f6n\u00fc\u015ft\u00fcr\u00fcld\u00fc\u011f\u00fc, sosyal refah\u0131n e\u015fit bir bi\u00e7imde da\u011f\u0131t\u0131ld\u0131\u011f\u0131 toplum projesine g\u00f6t\u00fcrecek<span class=\"excerpt-hellip\"> [\u2026]<\/span><\/p>\n","protected":false},"featured_media":0,"template":"","meta":{"_monsterinsights_skip_tracking":false,"_monsterinsights_sitenote_active":false,"_monsterinsights_sitenote_note":"","_monsterinsights_sitenote_category":0},"product_brand":[],"product_cat":[13590,12337],"product_tag":[],"class_list":{"0":"post-698526","1":"product","2":"type-product","3":"status-publish","5":"product_cat-arastirma-inceleme-politika-siyaset","6":"product_cat-politika-siyaset","7":"pa_tur-kitap","8":"pa_yayinevi-siyasal-kitabevi-akademik-kitaplar","9":"pa_yazar-ahmet-yildiz","11":"first","12":"instock","13":"sale","14":"shipping-taxable","15":"purchasable","16":"product-type-simple"},"_links":{"self":[{"href":"https:\/\/roveyayinevi.com.tr\/index.php\/wp-json\/wp\/v2\/product\/698526","targetHints":{"allow":["GET"]}}],"collection":[{"href":"https:\/\/roveyayinevi.com.tr\/index.php\/wp-json\/wp\/v2\/product"}],"about":[{"href":"https:\/\/roveyayinevi.com.tr\/index.php\/wp-json\/wp\/v2\/types\/product"}],"wp:attachment":[{"href":"https:\/\/roveyayinevi.com.tr\/index.php\/wp-json\/wp\/v2\/media?parent=698526"}],"wp:term":[{"taxonomy":"product_brand","embeddable":true,"href":"https:\/\/roveyayinevi.com.tr\/index.php\/wp-json\/wp\/v2\/product_brand?post=698526"},{"taxonomy":"product_cat","embeddable":true,"href":"https:\/\/roveyayinevi.com.tr\/index.php\/wp-json\/wp\/v2\/product_cat?post=698526"},{"taxonomy":"product_tag","embeddable":true,"href":"https:\/\/roveyayinevi.com.tr\/index.php\/wp-json\/wp\/v2\/product_tag?post=698526"}],"curies":[{"name":"wp","href":"https:\/\/api.w.org\/{rel}","templated":true}]}}