{"id":698525,"date":"2025-08-27T14:45:54","date_gmt":"2025-08-27T11:45:54","guid":{"rendered":"https:\/\/roveyayinevi.com.tr\/index.php\/urun\/dolayli-eylem\/"},"modified":"2026-04-16T02:07:56","modified_gmt":"2026-04-15T23:07:56","slug":"dolayli-eylem","status":"publish","type":"product","link":"https:\/\/roveyayinevi.com.tr\/index.php\/urun\/dolayli-eylem\/","title":{"rendered":"Dolayl\u0131 Eylem"},"content":{"rendered":"<p>Uzakdo\u011fu uygarl\u0131\u011f\u0131nda \u2018\u015fiddet\u2019 fikri \u00e7ok farkl\u0131d\u0131r; \u2018do\u011frudan eylem\u2019 d\u0131\u015flan\u0131r \u2018dolayl\u0131 eylem\u2019 \u00f6v\u00fcl\u00fcr. En iyi tahsildar \u00c7in\u2019de en iyi vergi toplayan de\u011fil, vergi toplarken en az can yakand\u0131r; en iyi komutan en iyi sava\u015fan de\u011fil, d\u00f6neminde pek mesele \u00e7\u0131kmayacak kadar talihli oland\u0131r&#8230; Bu Bat\u0131\u2019n\u0131n erdem sorunsal\u0131yla kar\u015f\u0131t bir durum: Aristo\u2019da erdem kendi alan\u0131nda ba\u015far\u0131yla \u00f6l\u00e7\u00fcl\u00fcrd\u00fc ama ba\u015far\u0131 tan\u0131mlanm\u0131\u015f bulunan i\u015fini iyi yapmakt\u0131&#8230; Do\u011frudan eylem; Bat\u0131 uygarl\u0131klar\u0131nda kuru tar\u0131m, topyek\u00fbn hasat; dolayl\u0131 eylem, \u00c7in tar\u0131m\u0131, entansif; musonlar\u0131 bekler, tek tek b\u00fct\u00fcn pirin\u00e7 saplar\u0131yla ve taneleriyle u\u011fra\u015f\u0131r&#8230; Bat\u0131 t\u0131bb\u0131; kesme, dikme ve delme; \u00c7in t\u0131bb\u0131, uzaktan, yakma ve akupunktur&#8230; Bat\u0131\u2019da k\u00fcrek, Uzakdo\u011fu\u2019da yelken&#8230; Bat\u0131\u2019da s\u00fcr\u00fc-kitle \u00e7obanl\u0131\u011f\u0131, Uzakdo\u011fu\u2019da \u00e7obanl\u0131k yok daha do\u011frusu manda \u00e7oban\u0131 \u00e7ocuklar genellikle s\u00fcr\u00fcn\u00fcn kaplan taraf\u0131ndan kap\u0131lmalar\u0131n\u0131 engeller&#8230; Ulus Baker Yaz\u0131 s\u0131n\u0131, ak\u0131\u015flar\u0131, kazalar\u0131, olaylar\u0131 biriktiren, g\u00f6steren, kaydeden bir Dolayl\u0131 Eylem makinesi olarak kuruyor: Yazmak ileti\u015fim kurmak de\u011fil direnmektir. Aral\u0131kl\u0131 ve s\u00fcreksiz fig\u00fcrlerin makinemsi d\u00fczenekleriyle kesilen s\u00fcrekli i\u00e7erik ve ifade ak\u0131\u015flar\u0131 sistemi olarak yaz\u0131&#8230; F-Tipi\u2019nden, \u00f6l\u00fcm oru\u00e7lar\u0131na, 11 Eyl\u00fcl\u2019den muhafazak\u00e2rl\u0131\u011fa, dilin totaliterli\u011finden aileye yaz\u0131 makinesini \u00e7al\u0131\u015ft\u0131r\u0131yor. Dolayl\u0131 Eylem , \u00fc\u00e7 b\u00f6l\u00fcmden olu\u015fuyor: Eylem Felsefesi [Ak\u0131\u015flar], Ar\u0131za Felsefesi [Kazalar], Olay Felsefesi [Olaylar]. \ufffcTan\u0131t\u0131m Metni<\/p>\n","protected":false},"excerpt":{"rendered":"<p>Uzakdo\u011fu uygarl\u0131\u011f\u0131nda \u2018\u015fiddet\u2019 fikri \u00e7ok farkl\u0131d\u0131r; \u2018do\u011frudan eylem\u2019 d\u0131\u015flan\u0131r \u2018dolayl\u0131 eylem\u2019 \u00f6v\u00fcl\u00fcr. En iyi tahsildar \u00c7in\u2019de en iyi vergi toplayan de\u011fil, vergi toplarken en az can<span class=\"excerpt-hellip\"> [\u2026]<\/span><\/p>\n","protected":false},"featured_media":0,"template":"","meta":{"_monsterinsights_skip_tracking":false,"_monsterinsights_sitenote_active":false,"_monsterinsights_sitenote_note":"","_monsterinsights_sitenote_category":0},"product_brand":[],"product_cat":[16098,12337],"product_tag":[],"class_list":{"0":"post-698525","1":"product","2":"type-product","3":"status-publish","5":"product_cat-politik-akimlar-hareketler","6":"product_cat-politika-siyaset","7":"pa_cilt-ciltsiz","8":"pa_tur-kitap","9":"pa_yayinevi-iletisim-yayinlari","10":"pa_yazar-ulus-baker","12":"first","13":"instock","14":"sale","15":"shipping-taxable","16":"purchasable","17":"product-type-simple"},"_links":{"self":[{"href":"https:\/\/roveyayinevi.com.tr\/index.php\/wp-json\/wp\/v2\/product\/698525","targetHints":{"allow":["GET"]}}],"collection":[{"href":"https:\/\/roveyayinevi.com.tr\/index.php\/wp-json\/wp\/v2\/product"}],"about":[{"href":"https:\/\/roveyayinevi.com.tr\/index.php\/wp-json\/wp\/v2\/types\/product"}],"wp:attachment":[{"href":"https:\/\/roveyayinevi.com.tr\/index.php\/wp-json\/wp\/v2\/media?parent=698525"}],"wp:term":[{"taxonomy":"product_brand","embeddable":true,"href":"https:\/\/roveyayinevi.com.tr\/index.php\/wp-json\/wp\/v2\/product_brand?post=698525"},{"taxonomy":"product_cat","embeddable":true,"href":"https:\/\/roveyayinevi.com.tr\/index.php\/wp-json\/wp\/v2\/product_cat?post=698525"},{"taxonomy":"product_tag","embeddable":true,"href":"https:\/\/roveyayinevi.com.tr\/index.php\/wp-json\/wp\/v2\/product_tag?post=698525"}],"curies":[{"name":"wp","href":"https:\/\/api.w.org\/{rel}","templated":true}]}}