{"id":698524,"date":"2025-08-27T14:45:54","date_gmt":"2025-08-27T11:45:54","guid":{"rendered":"https:\/\/roveyayinevi.com.tr\/index.php\/urun\/utanc-2\/"},"modified":"2026-04-16T02:07:56","modified_gmt":"2026-04-15T23:07:56","slug":"utanc-2","status":"publish","type":"product","link":"https:\/\/roveyayinevi.com.tr\/index.php\/urun\/utanc-2\/","title":{"rendered":"Utan\u00e7"},"content":{"rendered":"<p>Politik bir roman, Utan\u00e7. \u0130ktidar \u00e7\u0131lg\u0131nl\u0131\u011f\u0131na kap\u0131lm\u0131\u015f politikac\u0131lar, olgunla\u015fmam\u0131\u015f g\u00f6rd\u00fckleri toplumun vasili\u011fine kendilerini atayan h\u0131rsl\u0131, dini b\u00fct\u00fcn generaller, tepkisiz kalabal\u0131klar, elbirli\u011fiyle demokrasisi delik de\u015fik edilen bir \u00fclke&#8230; M\u00fcthi\u015f bir ironi ve derin bir h\u00fcz\u00fcnle anlat\u0131yor Rushdie bu \u00fclkeyi politik romanlar\u0131n s\u0131kl\u0131kla ba\u015fvurdu\u011fu basmakal\u0131p \u00e7\u00f6z\u00fcmlere ra\u011fbet etmeyen, zengin karakterlerle dolu bir alegori yaratarak ba\u015far\u0131yor bunu. \ufffcTan\u0131t\u0131m Metni<\/p>\n","protected":false},"excerpt":{"rendered":"<p>Politik bir roman, Utan\u00e7. \u0130ktidar \u00e7\u0131lg\u0131nl\u0131\u011f\u0131na kap\u0131lm\u0131\u015f politikac\u0131lar, olgunla\u015fmam\u0131\u015f g\u00f6rd\u00fckleri toplumun vasili\u011fine kendilerini atayan h\u0131rsl\u0131, dini b\u00fct\u00fcn generaller, tepkisiz kalabal\u0131klar, elbirli\u011fiyle demokrasisi delik de\u015fik edilen bir<span class=\"excerpt-hellip\"> [\u2026]<\/span><\/p>\n","protected":false},"featured_media":0,"template":"","meta":{"_monsterinsights_skip_tracking":false,"_monsterinsights_sitenote_active":false,"_monsterinsights_sitenote_note":"","_monsterinsights_sitenote_category":0},"product_brand":[],"product_cat":[13661,12291],"product_tag":[],"class_list":{"0":"post-698524","1":"product","2":"type-product","3":"status-publish","5":"product_cat-diger-ulke-edebiyatlari","6":"product_cat-edebiyat","7":"pa_cilt-ciltsiz","8":"pa_tur-kitap","9":"pa_yayinevi-can-yayinlari","10":"pa_yazar-salman-rushdie","12":"first","13":"instock","14":"sale","15":"shipping-taxable","16":"purchasable","17":"product-type-simple"},"_links":{"self":[{"href":"https:\/\/roveyayinevi.com.tr\/index.php\/wp-json\/wp\/v2\/product\/698524","targetHints":{"allow":["GET"]}}],"collection":[{"href":"https:\/\/roveyayinevi.com.tr\/index.php\/wp-json\/wp\/v2\/product"}],"about":[{"href":"https:\/\/roveyayinevi.com.tr\/index.php\/wp-json\/wp\/v2\/types\/product"}],"wp:attachment":[{"href":"https:\/\/roveyayinevi.com.tr\/index.php\/wp-json\/wp\/v2\/media?parent=698524"}],"wp:term":[{"taxonomy":"product_brand","embeddable":true,"href":"https:\/\/roveyayinevi.com.tr\/index.php\/wp-json\/wp\/v2\/product_brand?post=698524"},{"taxonomy":"product_cat","embeddable":true,"href":"https:\/\/roveyayinevi.com.tr\/index.php\/wp-json\/wp\/v2\/product_cat?post=698524"},{"taxonomy":"product_tag","embeddable":true,"href":"https:\/\/roveyayinevi.com.tr\/index.php\/wp-json\/wp\/v2\/product_tag?post=698524"}],"curies":[{"name":"wp","href":"https:\/\/api.w.org\/{rel}","templated":true}]}}