{"id":698523,"date":"2025-08-27T14:45:53","date_gmt":"2025-08-27T11:45:53","guid":{"rendered":"https:\/\/roveyayinevi.com.tr\/index.php\/urun\/utanc\/"},"modified":"2026-04-16T02:07:56","modified_gmt":"2026-04-15T23:07:56","slug":"utanc","status":"publish","type":"product","link":"https:\/\/roveyayinevi.com.tr\/index.php\/urun\/utanc\/","title":{"rendered":"Utan\u00e7"},"content":{"rendered":"<p>J.M. Coetzee, okuruna yumu\u015fak bir roman sunmuyor, sert bir \u00f6yk\u00fc anlat\u0131yor. \u0130nan\u0131lmaz g\u00fczellikte ama kasvetli bir \u00f6yk\u00fc. Utan\u00e7, bir k\u0131z \u00f6\u011frencisiyle ili\u015fkiye giren Profes\u00f6r David Lurie\u2019nin d\u00fc\u015f\u00fc\u015f\u00fcn\u00fc anlat\u0131yor. Okul y\u00f6netimince savunmas\u0131 istenen David, kendini savunmadan, su\u00e7lamalar\u0131 okumay\u0131 bile reddederek hakk\u0131ndaki iddialar\u0131n yer ald\u0131\u011f\u0131 belgeleri imzalar. Sadece okulu de\u011fil, o kenti de terk ederek k\u0131z\u0131 Lucy\u2019nin \u00e7iftli\u011fine s\u0131\u011f\u0131n\u0131r. \u00c7iftlikteki ya\u015fama ko\u015fullar\u0131na ve \u0131rk ayr\u0131m\u0131n\u0131n yeni boyutlar ald\u0131\u011f\u0131 bir topluma uyum sa\u011flama yolunda inan\u00e7s\u0131zca s\u00fcrd\u00fcrd\u00fc\u011f\u00fc \u00e7abalar\u0131, bir g\u00fcn k\u0131z\u0131yla birlikte u\u011frad\u0131\u011f\u0131 vah\u015fi bir sald\u0131r\u0131yla kesintiye u\u011frar. Romanda Lurie\u2019nin ki\u015fisel \u00f6yk\u00fcs\u00fc ile G\u00fcney Afrika\u2019n\u0131n \u00f6yk\u00fcs\u00fc i\u00e7 i\u00e7e ge\u00e7iyor; beyaz\u0131yla siyah\u0131yla b\u00fct\u00fcn Afrikal\u0131lar\u0131n bildikleri kurallar\u0131n t\u00fcm\u00fc tersine d\u00f6n\u00fcyor, \u00e7arp\u0131t\u0131l\u0131yor. Utan\u00e7, asl\u0131nda insan olman\u0131n anlam\u0131n\u0131 arayan bir roman. J.M. Coetzee, insan\u0131n i\u00e7ine i\u015fleyen ger\u00e7ekleri yal\u0131n ama vurucu bir \u00fcslupla dile getirirken ya\u015fayan en iyi romanc\u0131lardan biri olarak an\u0131lmay\u0131 hak ediyor. <\/p>\n","protected":false},"excerpt":{"rendered":"<p>J.M. Coetzee, okuruna yumu\u015fak bir roman sunmuyor, sert bir \u00f6yk\u00fc anlat\u0131yor. \u0130nan\u0131lmaz g\u00fczellikte ama kasvetli bir \u00f6yk\u00fc. Utan\u00e7, bir k\u0131z \u00f6\u011frencisiyle ili\u015fkiye giren Profes\u00f6r David Lurie\u2019nin<span class=\"excerpt-hellip\"> [\u2026]<\/span><\/p>\n","protected":false},"featured_media":0,"template":"","meta":{"_monsterinsights_skip_tracking":false,"_monsterinsights_sitenote_active":false,"_monsterinsights_sitenote_note":"","_monsterinsights_sitenote_category":0},"product_brand":[],"product_cat":[13661,12291],"product_tag":[],"class_list":{"0":"post-698523","1":"product","2":"type-product","3":"status-publish","5":"product_cat-diger-ulke-edebiyatlari","6":"product_cat-edebiyat","7":"pa_cilt-ciltsiz","8":"pa_tur-kitap","9":"pa_yayinevi-can-yayinlari","10":"pa_yazar-j-m-coetzee","12":"first","13":"instock","14":"sale","15":"shipping-taxable","16":"purchasable","17":"product-type-simple"},"_links":{"self":[{"href":"https:\/\/roveyayinevi.com.tr\/index.php\/wp-json\/wp\/v2\/product\/698523","targetHints":{"allow":["GET"]}}],"collection":[{"href":"https:\/\/roveyayinevi.com.tr\/index.php\/wp-json\/wp\/v2\/product"}],"about":[{"href":"https:\/\/roveyayinevi.com.tr\/index.php\/wp-json\/wp\/v2\/types\/product"}],"wp:attachment":[{"href":"https:\/\/roveyayinevi.com.tr\/index.php\/wp-json\/wp\/v2\/media?parent=698523"}],"wp:term":[{"taxonomy":"product_brand","embeddable":true,"href":"https:\/\/roveyayinevi.com.tr\/index.php\/wp-json\/wp\/v2\/product_brand?post=698523"},{"taxonomy":"product_cat","embeddable":true,"href":"https:\/\/roveyayinevi.com.tr\/index.php\/wp-json\/wp\/v2\/product_cat?post=698523"},{"taxonomy":"product_tag","embeddable":true,"href":"https:\/\/roveyayinevi.com.tr\/index.php\/wp-json\/wp\/v2\/product_tag?post=698523"}],"curies":[{"name":"wp","href":"https:\/\/api.w.org\/{rel}","templated":true}]}}