{"id":698519,"date":"2025-08-27T14:45:52","date_gmt":"2025-08-27T11:45:52","guid":{"rendered":"https:\/\/roveyayinevi.com.tr\/index.php\/urun\/kilit-adam\/"},"modified":"2026-04-16T02:07:56","modified_gmt":"2026-04-15T23:07:56","slug":"kilit-adam","status":"publish","type":"product","link":"https:\/\/roveyayinevi.com.tr\/index.php\/urun\/kilit-adam\/","title":{"rendered":"Kilit Adam"},"content":{"rendered":"<p>Dip ve Mor \u0130nek gibi \u00e7ok satan kitaplar\u0131yla Seth Godin, i\u015f d\u00fcnyas\u0131n\u0131n s\u0131rlar\u0131n\u0131 ve pazarlaman\u0131n incelikleri \u00f6\u011fretti. Fakat bu kitap yaln\u0131zca sizinle ilgili; se\u00e7imleriniz, gelece\u011finiz ve hangi alan\u0131 se\u00e7erseniz se\u00e7in b\u00fcy\u00fck bir fark yaratma potansiyelinizle ilgili. Eskiden her \u015firkette kadro ikiye ayr\u0131l\u0131rd\u0131: y\u00f6neticiler ve i\u015f\u00e7iler. Art\u0131k bir ekip daha var: Kilit adamlar. Bu insanlar \u00f6nlerinde bir k\u0131lavuz olmad\u0131\u011f\u0131nda bile ne yapacaklar\u0131n\u0131 kendileri bulurlar. M\u00fc\u015fterilerini ve meslekta\u015flar\u0131n\u0131 memnun eder ve onlara meydan okurlar. \u0130\u015flerini severler, en iyi taraflar\u0131n\u0131 ortaya koyarlar ve mesleklerini adeta sanata d\u00f6n\u00fc\u015ft\u00fcr\u00fcrler. Kilit adamlar b\u00fcy\u00fck kurulu\u015flar\u0131n temel yap\u0131 ta\u015flar\u0131d\u0131r. \u00dcnl\u00fc olmayabilirler ama vazge\u00e7ilmezdirler. Ve bug\u00fcn\u00fcn d\u00fcnyas\u0131nda en iyi i\u015fleri ve en fazla \u00f6zg\u00fcrl\u00fc\u011f\u00fc onlar elde ediyor. Godin&#8217;in dedi\u011fi gibi, \u201cHer g\u00fcn verecek \u00e7ok \u015feyi olan ama bunu saklamay\u0131 isteyecek kadar zorbal\u0131\u011fa u\u011fram\u0131\u015f ya da korkutulmu\u015f insanlarla tan\u0131\u015f\u0131yorum. Sisteme uymay\u0131 b\u0131rakman\u0131n ve kendi haritan\u0131z\u0131 \u00e7izmenin zaman\u0131 geldi. \u0130\u00e7inizde bir deha var, katk\u0131n\u0131z \u00e7ok \u00f6nemli ve yaratt\u0131\u011f\u0131n\u0131z sanat \u00e7ok de\u011ferli. Bunu sadece siz yapabilirsiniz ve yapmal\u0131s\u0131n\u0131z.\u201d <\/p>\n","protected":false},"excerpt":{"rendered":"<p>Dip ve Mor \u0130nek gibi \u00e7ok satan kitaplar\u0131yla Seth Godin, i\u015f d\u00fcnyas\u0131n\u0131n s\u0131rlar\u0131n\u0131 ve pazarlaman\u0131n incelikleri \u00f6\u011fretti. Fakat bu kitap yaln\u0131zca sizinle ilgili; se\u00e7imleriniz, gelece\u011finiz ve<span class=\"excerpt-hellip\"> [\u2026]<\/span><\/p>\n","protected":false},"featured_media":0,"template":"","meta":{"_monsterinsights_skip_tracking":false,"_monsterinsights_sitenote_active":false,"_monsterinsights_sitenote_note":"","_monsterinsights_sitenote_category":0},"product_brand":[],"product_cat":[13043,14754],"product_tag":[],"class_list":{"0":"post-698519","1":"product","2":"type-product","3":"status-publish","5":"product_cat-ekonomi","6":"product_cat-halkla-iliskiler-insan-kaynaklari","7":"pa_cilt-ciltsiz","8":"pa_tur-kitap","9":"pa_yayinevi-profil-kitap","10":"pa_yazar-seth-godin","12":"first","13":"instock","14":"sale","15":"shipping-taxable","16":"purchasable","17":"product-type-simple"},"_links":{"self":[{"href":"https:\/\/roveyayinevi.com.tr\/index.php\/wp-json\/wp\/v2\/product\/698519","targetHints":{"allow":["GET"]}}],"collection":[{"href":"https:\/\/roveyayinevi.com.tr\/index.php\/wp-json\/wp\/v2\/product"}],"about":[{"href":"https:\/\/roveyayinevi.com.tr\/index.php\/wp-json\/wp\/v2\/types\/product"}],"wp:attachment":[{"href":"https:\/\/roveyayinevi.com.tr\/index.php\/wp-json\/wp\/v2\/media?parent=698519"}],"wp:term":[{"taxonomy":"product_brand","embeddable":true,"href":"https:\/\/roveyayinevi.com.tr\/index.php\/wp-json\/wp\/v2\/product_brand?post=698519"},{"taxonomy":"product_cat","embeddable":true,"href":"https:\/\/roveyayinevi.com.tr\/index.php\/wp-json\/wp\/v2\/product_cat?post=698519"},{"taxonomy":"product_tag","embeddable":true,"href":"https:\/\/roveyayinevi.com.tr\/index.php\/wp-json\/wp\/v2\/product_tag?post=698519"}],"curies":[{"name":"wp","href":"https:\/\/api.w.org\/{rel}","templated":true}]}}