{"id":698517,"date":"2025-08-27T14:45:52","date_gmt":"2025-08-27T11:45:52","guid":{"rendered":"https:\/\/roveyayinevi.com.tr\/index.php\/urun\/eski-turk-mitolojisi\/"},"modified":"2026-02-02T02:08:52","modified_gmt":"2026-02-01T23:08:52","slug":"eski-turk-mitolojisi","status":"publish","type":"product","link":"https:\/\/roveyayinevi.com.tr\/index.php\/urun\/eski-turk-mitolojisi\/","title":{"rendered":"Eski T\u00fcrk Mitolojisi"},"content":{"rendered":"<p>Eski T\u00fcrk halklar\u0131n\u0131n dinlerini ve mitolojilerini kesin ve g\u00fcvenilir bir bi\u00e7imde ana hatlar\u0131yla betimlemek i\u00e7in vakit hen\u00fcz \u00e7ok erken. Dinleri, tek tanr\u0131 ya da en az\u0131ndan di\u011fer tanr\u0131lardan daha \u00fcst\u00fcn olan bir g\u00f6k tanr\u0131 inanc\u0131na dayanmaktad\u0131r. Fakat ayr\u0131ca insan\u00fcst\u00fc g\u00fc\u00e7lere de inanmakta, hayvanlara ilgi duymakta ve \u015f\u00fcphesiz totemizme meyletmekteydiler. Dinleri, d\u00fcnyan\u0131n ba\u015flang\u0131c\u0131 ve sonuna fazlaca e\u011filmezken, daha \u00e7ok b\u00fcy\u00fck \u015fahsiyetlerin do\u011fumunu ve boylar\u0131n olu\u015fumunu a\u00e7\u0131klamaya \u00e7al\u0131\u015fmaktad\u0131r. Bu ba\u011flamda, genellikle bir hayvanla bir insan\u0131n birle\u015fmesi ya da bir \u0131\u015f\u0131\u011f\u0131n m\u00fcdahalesi sonucu ger\u00e7ekle\u015fen do\u011fumlara ili\u015fkin ola\u011fan\u00fcst\u00fc anlat\u0131lara yer verilmektedir. Dinleri, s\u0131n\u0131flama konusunda karakteristik bir anlay\u0131\u015fa ve zengin rit\u00fcellere sahiptir, ne var ki biz bunlar\u0131n ancak bir k\u0131sm\u0131n\u0131 bilmekteyiz. Bu rit\u00fcellerde kurban konusuna as\u0131l rol d\u00fc\u015fmektedir, ancak temizlik ve tabula\u015ft\u0131rma konular\u0131na da geni\u015f yer verilmektedir. Eski T\u00fcrk halklar\u0131n\u0131n bu dini, ba\u015fka bir d\u00fcnyada ebedi hayat\u0131 ya\u015famaya ya da bu d\u00fcnyada kalmaya mahk\u00fbm edilen \u00f6l\u00fcleri ve atalar\u0131 konu edinmektedir. Dinlerinde, kehanet ve b\u00fcy\u00fc konular\u0131 yer almakta, ay\u0131ca \u015famanist \u00f6gelere de s\u0131k\u00e7a rastlanmaktad\u0131r. \ufffcTan\u0131t\u0131m Metni<\/p>\n","protected":false},"excerpt":{"rendered":"<p>Eski T\u00fcrk halklar\u0131n\u0131n dinlerini ve mitolojilerini kesin ve g\u00fcvenilir bir bi\u00e7imde ana hatlar\u0131yla betimlemek i\u00e7in vakit hen\u00fcz \u00e7ok erken. Dinleri, tek tanr\u0131 ya da en az\u0131ndan<span class=\"excerpt-hellip\"> [\u2026]<\/span><\/p>\n","protected":false},"featured_media":0,"template":"","meta":{"_monsterinsights_skip_tracking":false,"_monsterinsights_sitenote_active":false,"_monsterinsights_sitenote_note":"","_monsterinsights_sitenote_category":0},"product_brand":[],"product_cat":[12718,16794],"product_tag":[],"class_list":{"0":"post-698517","1":"product","2":"type-product","3":"status-publish","5":"product_cat-din","6":"product_cat-dinler-tarihi","7":"pa_cilt-ciltsiz","8":"pa_tur-kitap","9":"pa_yayinevi-bilgesu-yayincilik","10":"pa_yazar-jean-paul-roux","12":"first","13":"instock","14":"sale","15":"shipping-taxable","16":"purchasable","17":"product-type-simple"},"_links":{"self":[{"href":"https:\/\/roveyayinevi.com.tr\/index.php\/wp-json\/wp\/v2\/product\/698517","targetHints":{"allow":["GET"]}}],"collection":[{"href":"https:\/\/roveyayinevi.com.tr\/index.php\/wp-json\/wp\/v2\/product"}],"about":[{"href":"https:\/\/roveyayinevi.com.tr\/index.php\/wp-json\/wp\/v2\/types\/product"}],"wp:attachment":[{"href":"https:\/\/roveyayinevi.com.tr\/index.php\/wp-json\/wp\/v2\/media?parent=698517"}],"wp:term":[{"taxonomy":"product_brand","embeddable":true,"href":"https:\/\/roveyayinevi.com.tr\/index.php\/wp-json\/wp\/v2\/product_brand?post=698517"},{"taxonomy":"product_cat","embeddable":true,"href":"https:\/\/roveyayinevi.com.tr\/index.php\/wp-json\/wp\/v2\/product_cat?post=698517"},{"taxonomy":"product_tag","embeddable":true,"href":"https:\/\/roveyayinevi.com.tr\/index.php\/wp-json\/wp\/v2\/product_tag?post=698517"}],"curies":[{"name":"wp","href":"https:\/\/api.w.org\/{rel}","templated":true}]}}