{"id":698512,"date":"2025-08-27T14:45:50","date_gmt":"2025-08-27T11:45:50","guid":{"rendered":"https:\/\/roveyayinevi.com.tr\/index.php\/urun\/simdiki-cocuklar-harika\/"},"modified":"2026-04-16T02:07:56","modified_gmt":"2026-04-15T23:07:56","slug":"simdiki-cocuklar-harika","status":"publish","type":"product","link":"https:\/\/roveyayinevi.com.tr\/index.php\/urun\/simdiki-cocuklar-harika\/","title":{"rendered":"\u015eimdiki \u00c7ocuklar Harika"},"content":{"rendered":"<p>Bu roman\u0131, salt \u00e7ocuklar i\u00e7in de\u011fil, ana babalarla \u00f6\u011fretmenler i\u00e7in de yazd\u0131m.Aziz NesinBu romanda, \u00e7ocuklar\u0131n g\u00f6z\u00fcyle b\u00fcy\u00fcklerin nas\u0131l g\u00f6r\u00fcnd\u00fc\u011f\u00fc anlat\u0131l\u0131yor.Bu romanda, \u00e7ocuklar ana babalar\u0131n\u0131, \u00f6\u011fretmenlerini ve b\u00fcy\u00fcklerini ele\u015ftiriyor.Bu roman, \u00e7ocuk e\u011fitiminde gerekli san\u0131lan, g\u00fcn\u00fcm\u00fczde ge\u00e7erli birtak\u0131m de\u011fer yarg\u0131lar\u0131n\u0131n yanl\u0131\u015fl\u0131\u011f\u0131n\u0131 anlat\u0131yor.Bu roman, \u00e7ocuklar\u0131n \u00fcy\u00fcklerine kar\u015f\u0131 haklar\u0131n\u0131 ve kendilerini savunmalar\u0131d\u0131r. <\/p>\n","protected":false},"excerpt":{"rendered":"<p>Bu roman\u0131, salt \u00e7ocuklar i\u00e7in de\u011fil, ana babalarla \u00f6\u011fretmenler i\u00e7in de yazd\u0131m.Aziz NesinBu romanda, \u00e7ocuklar\u0131n g\u00f6z\u00fcyle b\u00fcy\u00fcklerin nas\u0131l g\u00f6r\u00fcnd\u00fc\u011f\u00fc anlat\u0131l\u0131yor.Bu romanda, \u00e7ocuklar ana babalar\u0131n\u0131, \u00f6\u011fretmenlerini ve<span class=\"excerpt-hellip\"> [\u2026]<\/span><\/p>\n","protected":false},"featured_media":0,"template":"","meta":{"_monsterinsights_skip_tracking":false,"_monsterinsights_sitenote_active":false,"_monsterinsights_sitenote_note":"","_monsterinsights_sitenote_category":0},"product_brand":[],"product_cat":[12477,12364],"product_tag":[],"class_list":{"0":"post-698512","1":"product","2":"type-product","3":"status-publish","5":"product_cat-eglence-mizah","6":"product_cat-genel-konular","7":"pa_cilt-ciltsiz","8":"pa_tur-kitap","9":"pa_yayinevi-nesin-yayinlari","10":"pa_yazar-aziz-nesin","12":"first","13":"instock","14":"sale","15":"shipping-taxable","16":"purchasable","17":"product-type-simple"},"_links":{"self":[{"href":"https:\/\/roveyayinevi.com.tr\/index.php\/wp-json\/wp\/v2\/product\/698512","targetHints":{"allow":["GET"]}}],"collection":[{"href":"https:\/\/roveyayinevi.com.tr\/index.php\/wp-json\/wp\/v2\/product"}],"about":[{"href":"https:\/\/roveyayinevi.com.tr\/index.php\/wp-json\/wp\/v2\/types\/product"}],"wp:attachment":[{"href":"https:\/\/roveyayinevi.com.tr\/index.php\/wp-json\/wp\/v2\/media?parent=698512"}],"wp:term":[{"taxonomy":"product_brand","embeddable":true,"href":"https:\/\/roveyayinevi.com.tr\/index.php\/wp-json\/wp\/v2\/product_brand?post=698512"},{"taxonomy":"product_cat","embeddable":true,"href":"https:\/\/roveyayinevi.com.tr\/index.php\/wp-json\/wp\/v2\/product_cat?post=698512"},{"taxonomy":"product_tag","embeddable":true,"href":"https:\/\/roveyayinevi.com.tr\/index.php\/wp-json\/wp\/v2\/product_tag?post=698512"}],"curies":[{"name":"wp","href":"https:\/\/api.w.org\/{rel}","templated":true}]}}