{"id":698511,"date":"2025-08-27T14:45:50","date_gmt":"2025-08-27T11:45:50","guid":{"rendered":"https:\/\/roveyayinevi.com.tr\/index.php\/urun\/cumhuriyet-yazilari-2\/"},"modified":"2026-04-16T02:07:56","modified_gmt":"2026-04-15T23:07:56","slug":"cumhuriyet-yazilari-2","status":"publish","type":"product","link":"https:\/\/roveyayinevi.com.tr\/index.php\/urun\/cumhuriyet-yazilari-2\/","title":{"rendered":"Cumhuriyet Yaz\u0131lar\u0131 2"},"content":{"rendered":"<p>Cumhuriyet Yaz\u0131lar\u0131 2, \u00fclkemizin siyasal, toplumsal, ekinsel ya\u015fanm\u0131\u015fl\u0131klar\u0131na irdeleyici bir yakla\u015f\u0131m\u0131n sonucu olarak do\u011fmu\u015f yaz\u0131lardan olu\u015fmaktad\u0131r. Kitap, ad\u0131 \u00fcst\u00fcnde, Cumhuriyet T\u00fcrkiyesini anlatmaktad\u0131r. Cumhuriyet T\u00fcrkiyesinin 50&#8217;li y\u0131llardan ba\u015flayarak kar\u015f\u0131 kar\u015f\u0131ya kald\u0131\u011f\u0131 olumsuzluklar sarmal\u0131nda ya\u015fad\u0131klar\u0131n\u0131n bir belgesi olmak ere\u011fini ta\u015f\u0131maktad\u0131r. Gazete ve dergi yaz\u0131lar\u0131 olduklar\u0131 i\u00e7in g\u00fcncele yak\u0131nd\u0131rlar. G\u00fcnceli izlerken ge\u00e7mi\u015fle bir hesapla\u015fman\u0131n i\u00e7inde olduklar\u0131 ve tarihle y\u00fczle\u015fmekten \u00e7ekinmedikleri ortadad\u0131r. Bu ba\u011flamda alt\u0131 \u00e7izilmesi gereken, Anadolu H\u00fcmanizmas\u0131yla yarat\u0131lmak istenen insan fikrinin, \u00f6zellikle bu son y\u0131llarda, h\u00fcmanizmac\u0131 de\u011ferlerden nas\u0131l ve ni\u00e7in uzakla\u015ft\u0131r\u0131lmak istendi\u011fi ger\u00e7e\u011fidir. <\/p>\n","protected":false},"excerpt":{"rendered":"<p>Cumhuriyet Yaz\u0131lar\u0131 2, \u00fclkemizin siyasal, toplumsal, ekinsel ya\u015fanm\u0131\u015fl\u0131klar\u0131na irdeleyici bir yakla\u015f\u0131m\u0131n sonucu olarak do\u011fmu\u015f yaz\u0131lardan olu\u015fmaktad\u0131r. Kitap, ad\u0131 \u00fcst\u00fcnde, Cumhuriyet T\u00fcrkiyesini anlatmaktad\u0131r. Cumhuriyet T\u00fcrkiyesinin 50&#8217;li y\u0131llardan<span class=\"excerpt-hellip\"> [\u2026]<\/span><\/p>\n","protected":false},"featured_media":0,"template":"","meta":{"_monsterinsights_skip_tracking":false,"_monsterinsights_sitenote_active":false,"_monsterinsights_sitenote_note":"","_monsterinsights_sitenote_category":0},"product_brand":[],"product_cat":[12365,12364],"product_tag":[],"class_list":{"0":"post-698511","1":"product","2":"type-product","3":"status-publish","5":"product_cat-diger-genel-konular","6":"product_cat-genel-konular","7":"pa_tur-kitap","8":"pa_yayinevi-efil-yayinevi","9":"pa_yazar-necdet-adabag","11":"first","12":"instock","13":"sale","14":"shipping-taxable","15":"purchasable","16":"product-type-simple"},"_links":{"self":[{"href":"https:\/\/roveyayinevi.com.tr\/index.php\/wp-json\/wp\/v2\/product\/698511","targetHints":{"allow":["GET"]}}],"collection":[{"href":"https:\/\/roveyayinevi.com.tr\/index.php\/wp-json\/wp\/v2\/product"}],"about":[{"href":"https:\/\/roveyayinevi.com.tr\/index.php\/wp-json\/wp\/v2\/types\/product"}],"wp:attachment":[{"href":"https:\/\/roveyayinevi.com.tr\/index.php\/wp-json\/wp\/v2\/media?parent=698511"}],"wp:term":[{"taxonomy":"product_brand","embeddable":true,"href":"https:\/\/roveyayinevi.com.tr\/index.php\/wp-json\/wp\/v2\/product_brand?post=698511"},{"taxonomy":"product_cat","embeddable":true,"href":"https:\/\/roveyayinevi.com.tr\/index.php\/wp-json\/wp\/v2\/product_cat?post=698511"},{"taxonomy":"product_tag","embeddable":true,"href":"https:\/\/roveyayinevi.com.tr\/index.php\/wp-json\/wp\/v2\/product_tag?post=698511"}],"curies":[{"name":"wp","href":"https:\/\/api.w.org\/{rel}","templated":true}]}}