{"id":698510,"date":"2025-08-27T14:45:50","date_gmt":"2025-08-27T11:45:50","guid":{"rendered":"https:\/\/roveyayinevi.com.tr\/index.php\/urun\/mesnevi-secme-hikayeler\/"},"modified":"2026-04-16T02:07:56","modified_gmt":"2026-04-15T23:07:56","slug":"mesnevi-secme-hikayeler","status":"publish","type":"product","link":"https:\/\/roveyayinevi.com.tr\/index.php\/urun\/mesnevi-secme-hikayeler\/","title":{"rendered":"Mesnevi Se\u00e7me Hikayeler"},"content":{"rendered":"<p>Birisi, bir dostunun kap\u0131s\u0131na gelip kap\u0131y\u0131 \u00e7ald\u0131. Dostu, Kap\u0131y\u0131 \u00e7alan kim, diye seslenince adam, -Benim, diye cevap verdi. Dostu, \u015eimdi git zaman\u0131 de\u011fil. B\u00f6yle bir sofra, ham ki\u015finin makam\u0131 olamaz. Ham\u0131, ayr\u0131l\u0131k ate\u015finden ba\u015fka ne pi\u015firebilir, nifaktan ne kurtarabilir, dedi. Adamca\u011f\u0131z gitti, tam bir y\u0131l dostunun ayr\u0131l\u0131\u011f\u0131yla yan\u0131p yak\u0131ld\u0131. Yan\u0131p pi\u015ferek tekrar d\u00f6nd\u00fc, geldi. Dostunun evinin etraf\u0131nda dola\u015fmaya ba\u015flad\u0131. Kap\u0131ya var\u0131p, a\u011fz\u0131ndan edepten d\u0131\u015far\u0131 bir s\u00f6z \u00e7\u0131kmas\u0131n diye y\u00fczlerce korku ile kap\u0131y\u0131 \u00e7ald\u0131. Dostu, Kim o, deyince, G\u00f6nl\u00fcm\u00fc alan dost sensin, diye cevap verdi. Dostu, Mademki bensin, ey ben, gel i\u00e7eri gir! Ev dar, iki ki\u015fi s\u0131\u011fm\u0131yor, dedi. Onu i\u00e7eri ald\u0131. <\/p>\n","protected":false},"excerpt":{"rendered":"<p>Birisi, bir dostunun kap\u0131s\u0131na gelip kap\u0131y\u0131 \u00e7ald\u0131. Dostu, Kap\u0131y\u0131 \u00e7alan kim, diye seslenince adam, -Benim, diye cevap verdi. Dostu, \u015eimdi git zaman\u0131 de\u011fil. B\u00f6yle bir sofra,<span class=\"excerpt-hellip\"> [\u2026]<\/span><\/p>\n","protected":false},"featured_media":0,"template":"","meta":{"_monsterinsights_skip_tracking":false,"_monsterinsights_sitenote_active":false,"_monsterinsights_sitenote_note":"","_monsterinsights_sitenote_category":0},"product_brand":[],"product_cat":[12274,20117],"product_tag":[],"class_list":{"0":"post-698510","1":"product","2":"type-product","3":"status-publish","5":"product_cat-cocuk-ve-genclik-kitaplari","6":"product_cat-turk-klasikleri","7":"pa_cilt-ciltsiz","8":"pa_tur-kitap","9":"pa_yayinevi-profil-kitap","10":"pa_yazar-kolektif","12":"first","13":"instock","14":"sale","15":"shipping-taxable","16":"purchasable","17":"product-type-simple"},"_links":{"self":[{"href":"https:\/\/roveyayinevi.com.tr\/index.php\/wp-json\/wp\/v2\/product\/698510","targetHints":{"allow":["GET"]}}],"collection":[{"href":"https:\/\/roveyayinevi.com.tr\/index.php\/wp-json\/wp\/v2\/product"}],"about":[{"href":"https:\/\/roveyayinevi.com.tr\/index.php\/wp-json\/wp\/v2\/types\/product"}],"wp:attachment":[{"href":"https:\/\/roveyayinevi.com.tr\/index.php\/wp-json\/wp\/v2\/media?parent=698510"}],"wp:term":[{"taxonomy":"product_brand","embeddable":true,"href":"https:\/\/roveyayinevi.com.tr\/index.php\/wp-json\/wp\/v2\/product_brand?post=698510"},{"taxonomy":"product_cat","embeddable":true,"href":"https:\/\/roveyayinevi.com.tr\/index.php\/wp-json\/wp\/v2\/product_cat?post=698510"},{"taxonomy":"product_tag","embeddable":true,"href":"https:\/\/roveyayinevi.com.tr\/index.php\/wp-json\/wp\/v2\/product_tag?post=698510"}],"curies":[{"name":"wp","href":"https:\/\/api.w.org\/{rel}","templated":true}]}}