{"id":698509,"date":"2025-08-27T14:45:49","date_gmt":"2025-08-27T11:45:49","guid":{"rendered":"https:\/\/roveyayinevi.com.tr\/index.php\/urun\/medea-euripides\/"},"modified":"2026-04-16T02:07:56","modified_gmt":"2026-04-15T23:07:56","slug":"medea-euripides","status":"publish","type":"product","link":"https:\/\/roveyayinevi.com.tr\/index.php\/urun\/medea-euripides\/","title":{"rendered":"Medea (Euripides)"},"content":{"rendered":"<p>Euripides (M\u00d6 y.484-406) Atina&#8217;n\u0131n yeti\u015ftirdi\u011fi \u00fc\u00e7 b\u00fcy\u00fck tragedya \u015fairi aras\u0131nda g\u00fcn\u00fcm\u00fcze ula\u015fan en \u00e7ok say\u0131da esere sahip sanat\u00e7\u0131 olarak \u00f6zel bir yere sahiptir. Bu durum, \u015fenliklerde Aiskhylos ve Sophokles kadar birincilik \u00f6d\u00fcl\u00fc kazanmam\u0131\u015f olsa da halk aras\u0131nda daha \u00e7ok be\u011fenilen bir \u015fair olmas\u0131na ba\u011flan\u0131r. Euripides&#8217;in oyun kahramanlar\u0131 insana \u00f6zg\u00fc zay\u0131fl\u0131k ve kusurlar\u0131 ta\u015f\u0131rlar, ya\u015fad\u0131klar\u0131 tragedyalar da bu kusurlar\u0131 ile vazge\u00e7emedikleri tutkular\u0131ndan kaynaklan\u0131r. \u0130lk kez M\u00d6 431 y\u0131l\u0131nda sahnelenen ve Dionysos \u015fenliklerinde \u00fc\u00e7\u00fcnc\u00fcl\u00fck kazanan bu oyunu en bilinen ve en \u00e7ok sahnelenen Euripides oyunlar\u0131ndan biri k\u0131lan, ba\u015fkahraman Medea&#8217;n\u0131n, intikam\u0131n\u0131n \u015fa\u015f\u0131rt\u0131c\u0131l\u0131\u011f\u0131 ve nihilist karakteri ile tragedyan\u0131n di\u011fer trajik kad\u0131n kahramanlar\u0131 aras\u0131ndan g\u00f6rkemli bir \u015fekilde s\u0131yr\u0131lm\u0131\u015f olmas\u0131d\u0131r.<\/p>\n","protected":false},"excerpt":{"rendered":"<p>Euripides (M\u00d6 y.484-406) Atina&#8217;n\u0131n yeti\u015ftirdi\u011fi \u00fc\u00e7 b\u00fcy\u00fck tragedya \u015fairi aras\u0131nda g\u00fcn\u00fcm\u00fcze ula\u015fan en \u00e7ok say\u0131da esere sahip sanat\u00e7\u0131 olarak \u00f6zel bir yere sahiptir. Bu durum, \u015fenliklerde<span class=\"excerpt-hellip\"> [\u2026]<\/span><\/p>\n","protected":false},"featured_media":0,"template":"","meta":{"_monsterinsights_skip_tracking":false,"_monsterinsights_sitenote_active":false,"_monsterinsights_sitenote_note":"","_monsterinsights_sitenote_category":0},"product_brand":[],"product_cat":[12291,12711],"product_tag":[],"class_list":{"0":"post-698509","1":"product","2":"type-product","3":"status-publish","5":"product_cat-edebiyat","6":"product_cat-roman-oyku","7":"pa_cilt-ciltsiz","8":"pa_tur-kitap","9":"pa_yayinevi-is-bankasi-kultur-yayinlari","10":"pa_yazar-euripides","12":"first","13":"instock","14":"sale","15":"shipping-taxable","16":"purchasable","17":"product-type-simple"},"_links":{"self":[{"href":"https:\/\/roveyayinevi.com.tr\/index.php\/wp-json\/wp\/v2\/product\/698509","targetHints":{"allow":["GET"]}}],"collection":[{"href":"https:\/\/roveyayinevi.com.tr\/index.php\/wp-json\/wp\/v2\/product"}],"about":[{"href":"https:\/\/roveyayinevi.com.tr\/index.php\/wp-json\/wp\/v2\/types\/product"}],"wp:attachment":[{"href":"https:\/\/roveyayinevi.com.tr\/index.php\/wp-json\/wp\/v2\/media?parent=698509"}],"wp:term":[{"taxonomy":"product_brand","embeddable":true,"href":"https:\/\/roveyayinevi.com.tr\/index.php\/wp-json\/wp\/v2\/product_brand?post=698509"},{"taxonomy":"product_cat","embeddable":true,"href":"https:\/\/roveyayinevi.com.tr\/index.php\/wp-json\/wp\/v2\/product_cat?post=698509"},{"taxonomy":"product_tag","embeddable":true,"href":"https:\/\/roveyayinevi.com.tr\/index.php\/wp-json\/wp\/v2\/product_tag?post=698509"}],"curies":[{"name":"wp","href":"https:\/\/api.w.org\/{rel}","templated":true}]}}