{"id":698508,"date":"2025-08-27T14:45:49","date_gmt":"2025-08-27T11:45:49","guid":{"rendered":"https:\/\/roveyayinevi.com.tr\/index.php\/urun\/ferrarisini-satan-bilgeden-liderlik-bilgeligi\/"},"modified":"2026-04-16T02:07:56","modified_gmt":"2026-04-15T23:07:56","slug":"ferrarisini-satan-bilgeden-liderlik-bilgeligi","status":"publish","type":"product","link":"https:\/\/roveyayinevi.com.tr\/index.php\/urun\/ferrarisini-satan-bilgeden-liderlik-bilgeligi\/","title":{"rendered":"Ferrari&#8217;sini Satan Bilge&#8217;den Liderlik Bilgeli\u011fi"},"content":{"rendered":"<p>Ba\u015far\u0131ya uzanan yolda g\u00fc\u00e7l\u00fc bir lider olman\u0131n 8 rit\u00fceli Uluslararas\u0131 bestseller olan Ferrari&#8217;sini Satan Bilge&#8217;nin hevesle beklenen devam kitab\u0131nda liderlik gurusu ve \u00fcnl\u00fc konu\u015fmac\u0131 Robin Sharma hayat\u0131n\u0131z\u0131 de\u011fi\u015ftirirken \u00e7al\u0131\u015fma ortam\u0131n\u0131za da g\u00fcven, ba\u011fl\u0131l\u0131k ve canl\u0131l\u0131k a\u015f\u0131layacak ola\u011fan\u00fcst\u00fc bir sistemi ad\u0131m ad\u0131m anlat\u0131yor. <\/p>\n","protected":false},"excerpt":{"rendered":"<p>Ba\u015far\u0131ya uzanan yolda g\u00fc\u00e7l\u00fc bir lider olman\u0131n 8 rit\u00fceli Uluslararas\u0131 bestseller olan Ferrari&#8217;sini Satan Bilge&#8217;nin hevesle beklenen devam kitab\u0131nda liderlik gurusu ve \u00fcnl\u00fc konu\u015fmac\u0131 Robin Sharma<span class=\"excerpt-hellip\"> [\u2026]<\/span><\/p>\n","protected":false},"featured_media":0,"template":"","meta":{"_monsterinsights_skip_tracking":false,"_monsterinsights_sitenote_active":false,"_monsterinsights_sitenote_note":"","_monsterinsights_sitenote_category":0},"product_brand":[],"product_cat":[13043,14754],"product_tag":[],"class_list":{"0":"post-698508","1":"product","2":"type-product","3":"status-publish","5":"product_cat-ekonomi","6":"product_cat-halkla-iliskiler-insan-kaynaklari","7":"pa_tur-kitap","8":"pa_yayinevi-pegasus-yayinlari","9":"pa_yazar-robin-sharma","11":"first","12":"instock","13":"sale","14":"shipping-taxable","15":"purchasable","16":"product-type-simple"},"_links":{"self":[{"href":"https:\/\/roveyayinevi.com.tr\/index.php\/wp-json\/wp\/v2\/product\/698508","targetHints":{"allow":["GET"]}}],"collection":[{"href":"https:\/\/roveyayinevi.com.tr\/index.php\/wp-json\/wp\/v2\/product"}],"about":[{"href":"https:\/\/roveyayinevi.com.tr\/index.php\/wp-json\/wp\/v2\/types\/product"}],"wp:attachment":[{"href":"https:\/\/roveyayinevi.com.tr\/index.php\/wp-json\/wp\/v2\/media?parent=698508"}],"wp:term":[{"taxonomy":"product_brand","embeddable":true,"href":"https:\/\/roveyayinevi.com.tr\/index.php\/wp-json\/wp\/v2\/product_brand?post=698508"},{"taxonomy":"product_cat","embeddable":true,"href":"https:\/\/roveyayinevi.com.tr\/index.php\/wp-json\/wp\/v2\/product_cat?post=698508"},{"taxonomy":"product_tag","embeddable":true,"href":"https:\/\/roveyayinevi.com.tr\/index.php\/wp-json\/wp\/v2\/product_tag?post=698508"}],"curies":[{"name":"wp","href":"https:\/\/api.w.org\/{rel}","templated":true}]}}