{"id":698507,"date":"2025-08-27T14:45:49","date_gmt":"2025-08-27T11:45:49","guid":{"rendered":"https:\/\/roveyayinevi.com.tr\/index.php\/urun\/lysis\/"},"modified":"2026-04-16T02:07:56","modified_gmt":"2026-04-15T23:07:56","slug":"lysis","status":"publish","type":"product","link":"https:\/\/roveyayinevi.com.tr\/index.php\/urun\/lysis\/","title":{"rendered":"Lysis"},"content":{"rendered":"<p>Platon, hi\u00e7 ku\u015fku yok ki du\u0308\u015fu\u0308nce tarihinin en \u00f6nemli ve etkili filozoflar\u0131ndan biridir. Felsefenin kurumsalla\u015fmas\u0131na ve felsefede yaz\u0131l\u0131 gelene\u011fin olu\u015fmas\u0131na katk\u0131da bulunmu\u015f, iki du\u0308nyal\u0131 metafizi\u011fiyle bu\u0308tu\u0308n bir Orta\u00e7a\u011f du\u0308\u015fu\u0308ncesini belirleyecek olan idealist felsefe gelene\u011finin ba\u015flat\u0131c\u0131s\u0131 olmu\u015ftur. H\u0131ristiyan Orta\u00e7a\u011f felsefesine ve \u0130slam du\u0308\u015fu\u0308ncesine etkisi bak\u0131m\u0131ndan da ayr\u0131ca \u00f6nem ta\u015f\u0131yan Platon, du\u0308\u015fu\u0308nce tarihi boyunca tart\u0131\u015f\u0131lan tu\u0308m problemleri yu\u0308zlerce y\u0131l \u00f6ncesinden ele alm\u0131\u015f ve ilk bu\u0308yu\u0308k felsefi sistemi in\u015fa etmi\u015ftir.   Sokratik diyaloglar aras\u0131nda yer alan Lysis\u2019in ele al\u0131p tart\u0131\u015ft\u0131\u011f\u0131 ana konu \u201cdostluk\u201dtur. Diyalog Sokrates\u2019in a\u00e7\u0131l\u0131\u015f konu\u015fmalar\u0131yla ba\u015flar. Sokrates\u2019e g\u00f6re, hakiki bir sevgi ili\u015fkisinde ama\u00e7, sevgilinin kibirli biri olmas\u0131na yol a\u00e7arak, onu oldu\u011fundan daha k\u00f6tu\u0308 biri haline getirmek de\u011fil, daha iyi biri olmas\u0131n\u0131 sa\u011flamak, kendini geli\u015ftirme yollar\u0131 bulmas\u0131 i\u00e7in onu harekete ge\u00e7irmektir. Zira ger\u00e7ekten sevme, sevgilinin iyi ve mutlu olmas\u0131n\u0131 istemekten ba\u015fka bir \u015fey de\u011fildir.   Diyalog boyunca dostlu\u011fun d\u00f6rt farkl\u0131 tan\u0131m\u0131 ortaya konulsa da, bu\u0308tu\u0308n Sokratik diyaloglar gibi Lysis de dostlu\u011fun tam olarak tan\u0131mlanamamas\u0131yla sona erer. <\/p>\n","protected":false},"excerpt":{"rendered":"<p>Platon, hi\u00e7 ku\u015fku yok ki du\u0308\u015fu\u0308nce tarihinin en \u00f6nemli ve etkili filozoflar\u0131ndan biridir. Felsefenin kurumsalla\u015fmas\u0131na ve felsefede yaz\u0131l\u0131 gelene\u011fin olu\u015fmas\u0131na katk\u0131da bulunmu\u015f, iki du\u0308nyal\u0131 metafizi\u011fiyle bu\u0308tu\u0308n<span class=\"excerpt-hellip\"> [\u2026]<\/span><\/p>\n","protected":false},"featured_media":0,"template":"","meta":{"_monsterinsights_skip_tracking":false,"_monsterinsights_sitenote_active":false,"_monsterinsights_sitenote_note":"","_monsterinsights_sitenote_category":0},"product_brand":[],"product_cat":[13590,12337],"product_tag":[],"class_list":{"0":"post-698507","1":"product","2":"type-product","3":"status-publish","5":"product_cat-arastirma-inceleme-politika-siyaset","6":"product_cat-politika-siyaset","7":"pa_cilt-ciltsiz","8":"pa_tur-kitap","9":"pa_yayinevi-say-yayinlari","10":"pa_yazar-platon-eflatun","12":"first","13":"instock","14":"sale","15":"shipping-taxable","16":"purchasable","17":"product-type-simple"},"_links":{"self":[{"href":"https:\/\/roveyayinevi.com.tr\/index.php\/wp-json\/wp\/v2\/product\/698507","targetHints":{"allow":["GET"]}}],"collection":[{"href":"https:\/\/roveyayinevi.com.tr\/index.php\/wp-json\/wp\/v2\/product"}],"about":[{"href":"https:\/\/roveyayinevi.com.tr\/index.php\/wp-json\/wp\/v2\/types\/product"}],"wp:attachment":[{"href":"https:\/\/roveyayinevi.com.tr\/index.php\/wp-json\/wp\/v2\/media?parent=698507"}],"wp:term":[{"taxonomy":"product_brand","embeddable":true,"href":"https:\/\/roveyayinevi.com.tr\/index.php\/wp-json\/wp\/v2\/product_brand?post=698507"},{"taxonomy":"product_cat","embeddable":true,"href":"https:\/\/roveyayinevi.com.tr\/index.php\/wp-json\/wp\/v2\/product_cat?post=698507"},{"taxonomy":"product_tag","embeddable":true,"href":"https:\/\/roveyayinevi.com.tr\/index.php\/wp-json\/wp\/v2\/product_tag?post=698507"}],"curies":[{"name":"wp","href":"https:\/\/api.w.org\/{rel}","templated":true}]}}