{"id":698502,"date":"2025-08-27T14:45:47","date_gmt":"2025-08-27T11:45:47","guid":{"rendered":"https:\/\/roveyayinevi.com.tr\/index.php\/urun\/ilahi-komedya-manga\/"},"modified":"2026-04-16T02:07:55","modified_gmt":"2026-04-15T23:07:55","slug":"ilahi-komedya-manga","status":"publish","type":"product","link":"https:\/\/roveyayinevi.com.tr\/index.php\/urun\/ilahi-komedya-manga\/","title":{"rendered":"\u0130lahi Komedya (Manga)"},"content":{"rendered":"<p>Yordam Kitap, Kom\u00fcnist Manifesto, Kapital, T\u00fcrlerin K\u00f6keni gibi politik literat\u00fcr\u00fcn ba\u015fyap\u0131tlar\u0131n\u0131n \u00e7izgi roman uyarlamalar\u0131n\u0131 edeb\u00ee ba\u015fyap\u0131tlar\u0131n mangalar\u0131yla s\u00fcrd\u00fcr\u00fcyor. Dante\u2019nin Cehennem\u2019e, Araf\u2019a ve Cennet\u2019e yapt\u0131\u011f\u0131 d\u00fc\u015fsel bir geziyi destanla\u015ft\u0131ran \u0130lahi Komedya, \u015fiir t\u00fcr\u00fcnde edeb\u00ee bir ba\u015fyap\u0131tt\u0131r. \u0130lahi Komedya, ayn\u0131 zamanda, tarih ve felsefeden teolojiye, g\u00f6kbilimden geometriye uzanan bir bilgi kayna\u011f\u0131d\u0131r. \ufffcTan\u0131t\u0131m Metni<\/p>\n","protected":false},"excerpt":{"rendered":"<p>Yordam Kitap, Kom\u00fcnist Manifesto, Kapital, T\u00fcrlerin K\u00f6keni gibi politik literat\u00fcr\u00fcn ba\u015fyap\u0131tlar\u0131n\u0131n \u00e7izgi roman uyarlamalar\u0131n\u0131 edeb\u00ee ba\u015fyap\u0131tlar\u0131n mangalar\u0131yla s\u00fcrd\u00fcr\u00fcyor. Dante\u2019nin Cehennem\u2019e, Araf\u2019a ve Cennet\u2019e yapt\u0131\u011f\u0131 d\u00fc\u015fsel bir<span class=\"excerpt-hellip\"> [\u2026]<\/span><\/p>\n","protected":false},"featured_media":0,"template":"","meta":{"_monsterinsights_skip_tracking":false,"_monsterinsights_sitenote_active":false,"_monsterinsights_sitenote_note":"","_monsterinsights_sitenote_category":0},"product_brand":[],"product_cat":[12689,12274],"product_tag":[],"class_list":{"0":"post-698502","1":"product","2":"type-product","3":"status-publish","5":"product_cat-cizgi-roman-cocuk-ve-genclik-kitaplari","6":"product_cat-cocuk-ve-genclik-kitaplari","7":"pa_cilt-ciltsiz","8":"pa_tur-kitap","9":"pa_yayinevi-yordam-kitap","10":"pa_yazar-dante-alighieri","12":"first","13":"instock","14":"sale","15":"shipping-taxable","16":"purchasable","17":"product-type-simple"},"_links":{"self":[{"href":"https:\/\/roveyayinevi.com.tr\/index.php\/wp-json\/wp\/v2\/product\/698502","targetHints":{"allow":["GET"]}}],"collection":[{"href":"https:\/\/roveyayinevi.com.tr\/index.php\/wp-json\/wp\/v2\/product"}],"about":[{"href":"https:\/\/roveyayinevi.com.tr\/index.php\/wp-json\/wp\/v2\/types\/product"}],"wp:attachment":[{"href":"https:\/\/roveyayinevi.com.tr\/index.php\/wp-json\/wp\/v2\/media?parent=698502"}],"wp:term":[{"taxonomy":"product_brand","embeddable":true,"href":"https:\/\/roveyayinevi.com.tr\/index.php\/wp-json\/wp\/v2\/product_brand?post=698502"},{"taxonomy":"product_cat","embeddable":true,"href":"https:\/\/roveyayinevi.com.tr\/index.php\/wp-json\/wp\/v2\/product_cat?post=698502"},{"taxonomy":"product_tag","embeddable":true,"href":"https:\/\/roveyayinevi.com.tr\/index.php\/wp-json\/wp\/v2\/product_tag?post=698502"}],"curies":[{"name":"wp","href":"https:\/\/api.w.org\/{rel}","templated":true}]}}