{"id":698501,"date":"2025-08-27T14:45:47","date_gmt":"2025-08-27T11:45:47","guid":{"rendered":"https:\/\/roveyayinevi.com.tr\/index.php\/urun\/felsefeden-acil-cikis\/"},"modified":"2026-04-16T02:07:55","modified_gmt":"2026-04-15T23:07:55","slug":"felsefeden-acil-cikis","status":"publish","type":"product","link":"https:\/\/roveyayinevi.com.tr\/index.php\/urun\/felsefeden-acil-cikis\/","title":{"rendered":"Felsefeden Acil \u00c7\u0131k\u0131\u015f"},"content":{"rendered":"<p>Bo\u015f bir kitap sayfas\u0131nda bile bir a\u011fac\u0131n hayat hikayesi vard\u0131r, e\u011fer bizim yazaca\u011f\u0131m\u0131z \u015feyler o a\u011fac\u0131n hayat hikayesinden daha \u00f6nemsizce fiziksel ve d\u00fc\u015f\u00fcnsel erozyonlara sebep olmamak gerekir. Felsefe; Antik Yunan&#8217;da ta\u015f\u0131n \u00fcst\u00fcne oturarak konu\u015fan erkeklerin dedikodusundan ileri gidemedi.  &#8220;Bo\u015f adamlar\u0131n ba\u015fucu kitab\u0131&#8221; olmaya aday bu kitab\u0131m\u0131 kendini dolu sanan insanlara derin ve ince bir ele\u015ftiri kitab\u0131 oldu\u011funu da sanmay\u0131n\u0131z, mesele hi\u00e7bir \u015fey yapmadan \u00e7ok \u015fey yapmadan \u00e7ok \u015fey yapabilmenin yani nas\u0131l derler kalem oynatmadan destan yazman\u0131n cesaretini g\u00f6sterebilmektir.  B\u00f6yle bir cesareti ancak b\u00fcy\u00fck bir aptal g\u00f6sterebilirdi. Yazd\u0131\u011f\u0131m onlarca kitap ve okudu\u011fum on be\u015f bin kitaptan sonra kendimi haz\u0131r hissedip bu dev eserimi be\u011fenilerinize sunman\u0131n \u015fap\u015fall\u0131\u011f\u0131 da ya\u015fam\u0131\u015f oluyorum&#8230; Her sayfas\u0131nda deh\u015fete kap\u0131l\u0131p karanl\u0131k bir bo\u015flu\u011fa d\u00fc\u015feceksiniz. Kitab\u0131m\u0131n \u0130ngilizce, Frans\u0131zca, Almanya ve Rus\u00e7a \u00e7evirileri de \u00e7ok yak\u0131nda kitap\u00e7\u0131 raflar\u0131nda yerini alacakt\u0131r. Prestijle, h\u00f6rmetle, \u0131\u015f\u0131kla&#8230; <\/p>\n","protected":false},"excerpt":{"rendered":"<p>Bo\u015f bir kitap sayfas\u0131nda bile bir a\u011fac\u0131n hayat hikayesi vard\u0131r, e\u011fer bizim yazaca\u011f\u0131m\u0131z \u015feyler o a\u011fac\u0131n hayat hikayesinden daha \u00f6nemsizce fiziksel ve d\u00fc\u015f\u00fcnsel erozyonlara sebep olmamak<span class=\"excerpt-hellip\"> [\u2026]<\/span><\/p>\n","protected":false},"featured_media":0,"template":"","meta":{"_monsterinsights_skip_tracking":false,"_monsterinsights_sitenote_active":false,"_monsterinsights_sitenote_note":"","_monsterinsights_sitenote_category":0},"product_brand":[],"product_cat":[12388,13555],"product_tag":[],"class_list":{"0":"post-698501","1":"product","2":"type-product","3":"status-publish","5":"product_cat-felsefe","6":"product_cat-genel-felsefe","7":"pa_cilt-ciltsiz","8":"pa_tur-kitap","9":"pa_yayinevi-c4-kitap","10":"pa_yazar-bulent-akyurek","12":"first","13":"instock","14":"sale","15":"shipping-taxable","16":"purchasable","17":"product-type-simple"},"_links":{"self":[{"href":"https:\/\/roveyayinevi.com.tr\/index.php\/wp-json\/wp\/v2\/product\/698501","targetHints":{"allow":["GET"]}}],"collection":[{"href":"https:\/\/roveyayinevi.com.tr\/index.php\/wp-json\/wp\/v2\/product"}],"about":[{"href":"https:\/\/roveyayinevi.com.tr\/index.php\/wp-json\/wp\/v2\/types\/product"}],"wp:attachment":[{"href":"https:\/\/roveyayinevi.com.tr\/index.php\/wp-json\/wp\/v2\/media?parent=698501"}],"wp:term":[{"taxonomy":"product_brand","embeddable":true,"href":"https:\/\/roveyayinevi.com.tr\/index.php\/wp-json\/wp\/v2\/product_brand?post=698501"},{"taxonomy":"product_cat","embeddable":true,"href":"https:\/\/roveyayinevi.com.tr\/index.php\/wp-json\/wp\/v2\/product_cat?post=698501"},{"taxonomy":"product_tag","embeddable":true,"href":"https:\/\/roveyayinevi.com.tr\/index.php\/wp-json\/wp\/v2\/product_tag?post=698501"}],"curies":[{"name":"wp","href":"https:\/\/api.w.org\/{rel}","templated":true}]}}