{"id":698498,"date":"2025-08-27T14:45:46","date_gmt":"2025-08-27T11:45:46","guid":{"rendered":"https:\/\/roveyayinevi.com.tr\/index.php\/urun\/bilim-felsefesi-2\/"},"modified":"2026-04-16T02:07:55","modified_gmt":"2026-04-15T23:07:55","slug":"bilim-felsefesi-2","status":"publish","type":"product","link":"https:\/\/roveyayinevi.com.tr\/index.php\/urun\/bilim-felsefesi-2\/","title":{"rendered":"Bilim Felsefesi"},"content":{"rendered":"<p>Bilimin tarihi insanl\u0131k kadar eskidir. Bu nedenle bilim \u00fczerine d\u00fc\u015f\u00fcnmek, insan\u0131n vazge\u00e7emeyece\u011fi asli \u00e7abalar\u0131ndan birisi olmu\u015ftur. Teknoloji, tekerle\u011fin icad\u0131ndan internete kadar pek \u00e7ok bulu\u015f vas\u0131tas\u0131yla g\u00fcndelik hayata sirayet ederken bunlar\u0131n gerisinde yerini her ge\u00e7en g\u00fcn biraz daha sa\u011flamla\u015ft\u0131ran bir bilim d\u00fc\u015f\u00fcncesi vard\u0131r. Ne var ki teknik ilerleyip bilimler \u00f6zelle\u015firken, ara\u015ft\u0131rmalar \u00e7e\u015fitlenip bilim dallar\u0131 k\u00fcreselle\u015fen piyasan\u0131n isteklerine boyun e\u011ferken, bilimin insan i\u00e7in oldu\u011fu ger\u00e7e\u011fi g\u00fcn ge\u00e7tik\u00e7e daha \u00e7ok g\u00f6rmezden gelinmektedir. Paradoksal bu iki tutum nedeniyle   bilim  in ne oldu\u011fu ve nas\u0131l ilerledi\u011fine ili\u015fkin temel sorular ge\u00e7erlili\u011fini korumaktad\u0131r. <\/p>\n","protected":false},"excerpt":{"rendered":"<p>Bilimin tarihi insanl\u0131k kadar eskidir. Bu nedenle bilim \u00fczerine d\u00fc\u015f\u00fcnmek, insan\u0131n vazge\u00e7emeyece\u011fi asli \u00e7abalar\u0131ndan birisi olmu\u015ftur. Teknoloji, tekerle\u011fin icad\u0131ndan internete kadar pek \u00e7ok bulu\u015f vas\u0131tas\u0131yla g\u00fcndelik<span class=\"excerpt-hellip\"> [\u2026]<\/span><\/p>\n","protected":false},"featured_media":0,"template":"","meta":{"_monsterinsights_skip_tracking":false,"_monsterinsights_sitenote_active":false,"_monsterinsights_sitenote_note":"","_monsterinsights_sitenote_category":0},"product_brand":[],"product_cat":[12388,13555],"product_tag":[],"class_list":{"0":"post-698498","1":"product","2":"type-product","3":"status-publish","5":"product_cat-felsefe","6":"product_cat-genel-felsefe","7":"pa_cilt-ciltsiz","8":"pa_tur-kitap","9":"pa_yayinevi-bilgesu-yayincilik","10":"pa_yazar-cemal-guzel","12":"first","13":"instock","14":"sale","15":"shipping-taxable","16":"purchasable","17":"product-type-simple"},"_links":{"self":[{"href":"https:\/\/roveyayinevi.com.tr\/index.php\/wp-json\/wp\/v2\/product\/698498","targetHints":{"allow":["GET"]}}],"collection":[{"href":"https:\/\/roveyayinevi.com.tr\/index.php\/wp-json\/wp\/v2\/product"}],"about":[{"href":"https:\/\/roveyayinevi.com.tr\/index.php\/wp-json\/wp\/v2\/types\/product"}],"wp:attachment":[{"href":"https:\/\/roveyayinevi.com.tr\/index.php\/wp-json\/wp\/v2\/media?parent=698498"}],"wp:term":[{"taxonomy":"product_brand","embeddable":true,"href":"https:\/\/roveyayinevi.com.tr\/index.php\/wp-json\/wp\/v2\/product_brand?post=698498"},{"taxonomy":"product_cat","embeddable":true,"href":"https:\/\/roveyayinevi.com.tr\/index.php\/wp-json\/wp\/v2\/product_cat?post=698498"},{"taxonomy":"product_tag","embeddable":true,"href":"https:\/\/roveyayinevi.com.tr\/index.php\/wp-json\/wp\/v2\/product_tag?post=698498"}],"curies":[{"name":"wp","href":"https:\/\/api.w.org\/{rel}","templated":true}]}}