{"id":698497,"date":"2025-08-27T14:45:46","date_gmt":"2025-08-27T11:45:46","guid":{"rendered":"https:\/\/roveyayinevi.com.tr\/index.php\/urun\/aristoteles-metafizik-0-1-3-gucun-neligi-ve-gercekligi\/"},"modified":"2026-04-16T02:07:55","modified_gmt":"2026-04-15T23:07:55","slug":"aristoteles-metafizik-0-1-3-gucun-neligi-ve-gercekligi","status":"publish","type":"product","link":"https:\/\/roveyayinevi.com.tr\/index.php\/urun\/aristoteles-metafizik-0-1-3-gucun-neligi-ve-gercekligi\/","title":{"rendered":"Aristoteles Metafizik 0 1-3 G\u00fcc\u00fcn Neli\u011fi ve Ger\u00e7ekli\u011fi"},"content":{"rendered":"<p>Her ger\u00e7ek filozof ayn\u0131 birka\u00e7 sorunun tam ortas\u0131nda yepyeni ve tek ba\u015f\u0131na durur. \u00d6yle durur ki, sorgulama i\u015fine bizzat kendisi el atmay\u0131 becerememi\u015fse, ona ne bir tanr\u0131 ne de bir \u015feytan yard\u0131m edebilir. Ancak bu olduysa, kendine benzeyen ba\u015fka ki\u015filerden \u00f6\u011frenebilir; gayretli bir \u00f6\u011frencinin ve bir yazman\u0131n hi\u00e7 beceremedi\u011fi bir tarzda, ger\u00e7ekten \u00f6\u011frenir. <\/p>\n","protected":false},"excerpt":{"rendered":"<p>Her ger\u00e7ek filozof ayn\u0131 birka\u00e7 sorunun tam ortas\u0131nda yepyeni ve tek ba\u015f\u0131na durur. \u00d6yle durur ki, sorgulama i\u015fine bizzat kendisi el atmay\u0131 becerememi\u015fse, ona ne bir<span class=\"excerpt-hellip\"> [\u2026]<\/span><\/p>\n","protected":false},"featured_media":0,"template":"","meta":{"_monsterinsights_skip_tracking":false,"_monsterinsights_sitenote_active":false,"_monsterinsights_sitenote_note":"","_monsterinsights_sitenote_category":0},"product_brand":[],"product_cat":[12389,12388],"product_tag":[],"class_list":{"0":"post-698497","1":"product","2":"type-product","3":"status-publish","5":"product_cat-diger-felsefe","6":"product_cat-felsefe","7":"pa_cilt-ciltsiz","8":"pa_tur-kitap","9":"pa_yayinevi-bilgesu-yayincilik","10":"pa_yazar-martin-heidegger","12":"first","13":"instock","14":"sale","15":"shipping-taxable","16":"purchasable","17":"product-type-simple"},"_links":{"self":[{"href":"https:\/\/roveyayinevi.com.tr\/index.php\/wp-json\/wp\/v2\/product\/698497","targetHints":{"allow":["GET"]}}],"collection":[{"href":"https:\/\/roveyayinevi.com.tr\/index.php\/wp-json\/wp\/v2\/product"}],"about":[{"href":"https:\/\/roveyayinevi.com.tr\/index.php\/wp-json\/wp\/v2\/types\/product"}],"wp:attachment":[{"href":"https:\/\/roveyayinevi.com.tr\/index.php\/wp-json\/wp\/v2\/media?parent=698497"}],"wp:term":[{"taxonomy":"product_brand","embeddable":true,"href":"https:\/\/roveyayinevi.com.tr\/index.php\/wp-json\/wp\/v2\/product_brand?post=698497"},{"taxonomy":"product_cat","embeddable":true,"href":"https:\/\/roveyayinevi.com.tr\/index.php\/wp-json\/wp\/v2\/product_cat?post=698497"},{"taxonomy":"product_tag","embeddable":true,"href":"https:\/\/roveyayinevi.com.tr\/index.php\/wp-json\/wp\/v2\/product_tag?post=698497"}],"curies":[{"name":"wp","href":"https:\/\/api.w.org\/{rel}","templated":true}]}}