{"id":698494,"date":"2025-08-27T14:45:45","date_gmt":"2025-08-27T11:45:45","guid":{"rendered":"https:\/\/roveyayinevi.com.tr\/index.php\/urun\/peter-pan-7\/"},"modified":"2026-04-16T02:07:55","modified_gmt":"2026-04-15T23:07:55","slug":"peter-pan-7","status":"publish","type":"product","link":"https:\/\/roveyayinevi.com.tr\/index.php\/urun\/peter-pan-7\/","title":{"rendered":"Peter Pan"},"content":{"rendered":"<p>Peter Pan \u00e7ocukluk hayallerimizin \u00f6lmez bir kahraman\u0131d\u0131r. B\u00fct\u00fcn \u00e7ocuklar onu tan\u0131r, hayallerinde onunla maceradan maceraya ko\u015far. MEB Talim ve Terbiye Kurulunun 2207 say\u0131l\u0131 Tebli\u011fler Dergisinde yay\u0131nlanan karar\u0131 ile ilk ve ortaokul \u00f6\u011frencilerine tavsiye edilmi\u015ftir<\/p>\n","protected":false},"excerpt":{"rendered":"<p>Peter Pan \u00e7ocukluk hayallerimizin \u00f6lmez bir kahraman\u0131d\u0131r. B\u00fct\u00fcn \u00e7ocuklar onu tan\u0131r, hayallerinde onunla maceradan maceraya ko\u015far. MEB Talim ve Terbiye Kurulunun 2207 say\u0131l\u0131 Tebli\u011fler Dergisinde yay\u0131nlanan<span class=\"excerpt-hellip\"> [\u2026]<\/span><\/p>\n","protected":false},"featured_media":0,"template":"","meta":{"_monsterinsights_skip_tracking":false,"_monsterinsights_sitenote_active":false,"_monsterinsights_sitenote_note":"","_monsterinsights_sitenote_category":0},"product_brand":[],"product_cat":[12644,12274],"product_tag":[],"class_list":{"0":"post-698494","1":"product","2":"type-product","3":"status-publish","5":"product_cat-boyama-kitaplari","6":"product_cat-cocuk-ve-genclik-kitaplari","7":"pa_cilt-ciltsiz","8":"pa_tur-kitap","9":"pa_yayinevi-erdem-cocuk","10":"pa_yazar-james-matthew-barrie","12":"first","13":"instock","14":"sale","15":"shipping-taxable","16":"purchasable","17":"product-type-simple"},"_links":{"self":[{"href":"https:\/\/roveyayinevi.com.tr\/index.php\/wp-json\/wp\/v2\/product\/698494","targetHints":{"allow":["GET"]}}],"collection":[{"href":"https:\/\/roveyayinevi.com.tr\/index.php\/wp-json\/wp\/v2\/product"}],"about":[{"href":"https:\/\/roveyayinevi.com.tr\/index.php\/wp-json\/wp\/v2\/types\/product"}],"wp:attachment":[{"href":"https:\/\/roveyayinevi.com.tr\/index.php\/wp-json\/wp\/v2\/media?parent=698494"}],"wp:term":[{"taxonomy":"product_brand","embeddable":true,"href":"https:\/\/roveyayinevi.com.tr\/index.php\/wp-json\/wp\/v2\/product_brand?post=698494"},{"taxonomy":"product_cat","embeddable":true,"href":"https:\/\/roveyayinevi.com.tr\/index.php\/wp-json\/wp\/v2\/product_cat?post=698494"},{"taxonomy":"product_tag","embeddable":true,"href":"https:\/\/roveyayinevi.com.tr\/index.php\/wp-json\/wp\/v2\/product_tag?post=698494"}],"curies":[{"name":"wp","href":"https:\/\/api.w.org\/{rel}","templated":true}]}}