{"id":698493,"date":"2025-08-27T14:45:45","date_gmt":"2025-08-27T11:45:45","guid":{"rendered":"https:\/\/roveyayinevi.com.tr\/index.php\/urun\/simit-adasi\/"},"modified":"2026-04-16T02:07:55","modified_gmt":"2026-04-15T23:07:55","slug":"simit-adasi","status":"publish","type":"product","link":"https:\/\/roveyayinevi.com.tr\/index.php\/urun\/simit-adasi\/","title":{"rendered":"Simit Adas\u0131"},"content":{"rendered":"<p>\u0130lk okulun \u00f6\u011frencileri aras\u0131ndan se\u00e7ilen iki ekip..Aylard\u0131r bu yar\u0131\u015fmaya haz\u0131rlan\u0131yorlar. ISs\u0131z bir adada, do\u011fayla ba\u015f ba\u015fa \u00fc\u00e7 ay ge\u00e7irebilmek.Yar\u0131\u015fmay\u0131 kazanma arzusu, zorlu tabiat \u015fartlar\u0131yla m\u00fccadele derker gen\u00e7lerin ba\u015f\u0131na ba\u015fka dertler a\u00e7\u0131l\u0131r. Ormandaki tuzak, sahildeki \u015f\u0131r\u0131nga.. Yoksa adada yaln\u0131z de\u011filler mi?&#8230;Simit Adas\u0131 sizi farkl\u0131 bir maceraya davet ediyor.<\/p>\n","protected":false},"excerpt":{"rendered":"<p>\u0130lk okulun \u00f6\u011frencileri aras\u0131ndan se\u00e7ilen iki ekip..Aylard\u0131r bu yar\u0131\u015fmaya haz\u0131rlan\u0131yorlar. ISs\u0131z bir adada, do\u011fayla ba\u015f ba\u015fa \u00fc\u00e7 ay ge\u00e7irebilmek.Yar\u0131\u015fmay\u0131 kazanma arzusu, zorlu tabiat \u015fartlar\u0131yla m\u00fccadele derker<span class=\"excerpt-hellip\"> [\u2026]<\/span><\/p>\n","protected":false},"featured_media":0,"template":"","meta":{"_monsterinsights_skip_tracking":false,"_monsterinsights_sitenote_active":false,"_monsterinsights_sitenote_note":"","_monsterinsights_sitenote_category":0},"product_brand":[],"product_cat":[12644,12274],"product_tag":[],"class_list":{"0":"post-698493","1":"product","2":"type-product","3":"status-publish","5":"product_cat-boyama-kitaplari","6":"product_cat-cocuk-ve-genclik-kitaplari","7":"pa_cilt-ciltsiz","8":"pa_tur-kitap","9":"pa_yayinevi-erdem-cocuk","10":"pa_yazar-nehir-tinaz","12":"first","13":"instock","14":"sale","15":"shipping-taxable","16":"purchasable","17":"product-type-simple"},"_links":{"self":[{"href":"https:\/\/roveyayinevi.com.tr\/index.php\/wp-json\/wp\/v2\/product\/698493","targetHints":{"allow":["GET"]}}],"collection":[{"href":"https:\/\/roveyayinevi.com.tr\/index.php\/wp-json\/wp\/v2\/product"}],"about":[{"href":"https:\/\/roveyayinevi.com.tr\/index.php\/wp-json\/wp\/v2\/types\/product"}],"wp:attachment":[{"href":"https:\/\/roveyayinevi.com.tr\/index.php\/wp-json\/wp\/v2\/media?parent=698493"}],"wp:term":[{"taxonomy":"product_brand","embeddable":true,"href":"https:\/\/roveyayinevi.com.tr\/index.php\/wp-json\/wp\/v2\/product_brand?post=698493"},{"taxonomy":"product_cat","embeddable":true,"href":"https:\/\/roveyayinevi.com.tr\/index.php\/wp-json\/wp\/v2\/product_cat?post=698493"},{"taxonomy":"product_tag","embeddable":true,"href":"https:\/\/roveyayinevi.com.tr\/index.php\/wp-json\/wp\/v2\/product_tag?post=698493"}],"curies":[{"name":"wp","href":"https:\/\/api.w.org\/{rel}","templated":true}]}}