{"id":698491,"date":"2025-08-27T14:45:45","date_gmt":"2025-08-27T11:45:45","guid":{"rendered":"https:\/\/roveyayinevi.com.tr\/index.php\/urun\/gokyuzu-uzerine\/"},"modified":"2026-04-16T02:07:55","modified_gmt":"2026-04-15T23:07:55","slug":"gokyuzu-uzerine","status":"publish","type":"product","link":"https:\/\/roveyayinevi.com.tr\/index.php\/urun\/gokyuzu-uzerine\/","title":{"rendered":"G\u00f6ky\u00fcz\u00fc \u00dczerine"},"content":{"rendered":"<p>Aristoteles&#8217;in G\u00f6ky\u00fcz\u00fc \u00dczerine adl\u0131 yap\u0131t\u0131nda, Fizik&#8217;te belirlenen duyulur cisim, devinim, yer, bo\u015fluk, zaman, gibi kavramlar\u0131n yard\u0131m\u0131yla g\u00f6r\u00fcnen d\u00fcnya a\u00e7\u0131klan\u0131r. Bu \u00e7er\u00e7evede s\u00f6ylenenlerse \u015funlard\u0131r: &#8220;evren do\u011fmam\u0131\u015ft\u0131r, olu\u015fmam\u0131\u015ft\u0131r, olu\u015fturulmam\u0131\u015ft\u0131r, yarat\u0131lmam\u0131\u015ft\u0131r; yok da olmaz. Do\u011fay\u0131 a\u00e7\u0131klamaya \u00e7al\u0131\u015f\u0131yorsan\u0131z, do\u011faya bakman\u0131z gerekir, do\u011fay\u0131 do\u011faya g\u00f6re a\u00e7\u0131klaman\u0131z gerekir. Do\u011fal nesnelerin ilkelerini bulmak istiyorsan\u0131z, duyulur ilkeler, duyu organlar\u0131n\u0131n verdikleriyle \u00e7eli\u015fmeyecek ilkeler bulmal\u0131s\u0131n\u0131z. \u00c7\u00fcnk\u00fc duyulur cisimlerin ilkeleri duyulur olmak zorundad\u0131r.&#8221;\ufffc<\/p>\n","protected":false},"excerpt":{"rendered":"<p>Aristoteles&#8217;in G\u00f6ky\u00fcz\u00fc \u00dczerine adl\u0131 yap\u0131t\u0131nda, Fizik&#8217;te belirlenen duyulur cisim, devinim, yer, bo\u015fluk, zaman, gibi kavramlar\u0131n yard\u0131m\u0131yla g\u00f6r\u00fcnen d\u00fcnya a\u00e7\u0131klan\u0131r. Bu \u00e7er\u00e7evede s\u00f6ylenenlerse \u015funlard\u0131r: &#8220;evren do\u011fmam\u0131\u015ft\u0131r, olu\u015fmam\u0131\u015ft\u0131r,<span class=\"excerpt-hellip\"> [\u2026]<\/span><\/p>\n","protected":false},"featured_media":0,"template":"","meta":{"_monsterinsights_skip_tracking":false,"_monsterinsights_sitenote_active":false,"_monsterinsights_sitenote_note":"","_monsterinsights_sitenote_category":0},"product_brand":[],"product_cat":[19460,13527],"product_tag":[],"class_list":{"0":"post-698491","1":"product","2":"type-product","3":"status-publish","5":"product_cat-felsefe-sureli-yayinlar","6":"product_cat-sureli-yayinlar","7":"pa_cilt-ciltsiz","8":"pa_tur-kitap","9":"pa_yayinevi-bilgesu-yayincilik","10":"pa_yazar-aristoteles","12":"first","13":"instock","14":"sale","15":"shipping-taxable","16":"purchasable","17":"product-type-simple"},"_links":{"self":[{"href":"https:\/\/roveyayinevi.com.tr\/index.php\/wp-json\/wp\/v2\/product\/698491","targetHints":{"allow":["GET"]}}],"collection":[{"href":"https:\/\/roveyayinevi.com.tr\/index.php\/wp-json\/wp\/v2\/product"}],"about":[{"href":"https:\/\/roveyayinevi.com.tr\/index.php\/wp-json\/wp\/v2\/types\/product"}],"wp:attachment":[{"href":"https:\/\/roveyayinevi.com.tr\/index.php\/wp-json\/wp\/v2\/media?parent=698491"}],"wp:term":[{"taxonomy":"product_brand","embeddable":true,"href":"https:\/\/roveyayinevi.com.tr\/index.php\/wp-json\/wp\/v2\/product_brand?post=698491"},{"taxonomy":"product_cat","embeddable":true,"href":"https:\/\/roveyayinevi.com.tr\/index.php\/wp-json\/wp\/v2\/product_cat?post=698491"},{"taxonomy":"product_tag","embeddable":true,"href":"https:\/\/roveyayinevi.com.tr\/index.php\/wp-json\/wp\/v2\/product_tag?post=698491"}],"curies":[{"name":"wp","href":"https:\/\/api.w.org\/{rel}","templated":true}]}}