{"id":698490,"date":"2025-08-27T14:45:44","date_gmt":"2025-08-27T11:45:44","guid":{"rendered":"https:\/\/roveyayinevi.com.tr\/index.php\/urun\/foucault-ve-derrida\/"},"modified":"2026-04-16T02:07:55","modified_gmt":"2026-04-15T23:07:55","slug":"foucault-ve-derrida","status":"publish","type":"product","link":"https:\/\/roveyayinevi.com.tr\/index.php\/urun\/foucault-ve-derrida\/","title":{"rendered":"Foucault ve Derrida"},"content":{"rendered":"<p>Bu kitap \u00e7a\u011fda\u015f felsefeye damgas\u0131n\u0131 vurmu\u015f d\u00fc\u015f\u00fcn\u00fcrlerden Michel Foucault ile Jacques Derrida\u2019n\u0131n, \u00e7a\u011fc\u0131l felsefenin kurucusu say\u0131lan Descartes hakk\u0131nda giri\u015ftikleri akademik nitelikteki bir tart\u0131\u015fmayla ba\u015flay\u0131p Bat\u0131 K\u00fclt\u00fcr\u00fcn\u00fcn alametifarikas\u0131 olagelmi\u015f kavramlar ile kurumlar\u0131n s\u0131n\u0131rlar\u0131na dek uzanan, uzun soluklu d\u00fc\u015f\u00fcnsel bir m\u00fccadelenin \u00f6yk\u00fcs\u00fcd\u00fcr. Kitap, \u00e7a\u011fc\u0131l akl\u0131n has\u0131ralt\u0131 etmeye \u00e7al\u0131\u015ft\u0131\u011f\u0131 s\u0131n\u0131r durumlar\u0131n, delilik, \u00f6tekilik gibi olgular\u0131n yan\u0131 s\u0131ra \u0131rk\u00e7\u0131l\u0131k, cinsiyet\u00e7ilik, ayr\u0131mc\u0131l\u0131k, g\u00f6zetleme, hapsetme, disiplin gibi g\u00fcn\u00fcm\u00fcz d\u00fcnyas\u0131nda belirleyici olabilen anlay\u0131\u015flar ile uygulamalar\u0131n yap\u0131s\u0131 hakk\u0131nda da \u00e7arp\u0131c\u0131 saptamalarda bulunmaktad\u0131r. K\u0131\u015fk\u0131rt\u0131c\u0131 sorularla dolu olan bu tart\u0131\u015fma, bize, kim oldu\u011fumuza ve kendi \u00e7a\u011fc\u0131l  y\u00fcz\u00fcm\u00fcz\u00fc  neleri feda etmek pahas\u0131na olu\u015fturabildi\u011fimize ili\u015fkin \u00f6nemli ipu\u00e7lar\u0131 da sunmaktad\u0131r. Roy Boyne, okuyucuyu, \u00e7a\u011fda\u015f felsefenin bu iki b\u00fcy\u00fck ustas\u0131n\u0131n \u00e7a\u011fc\u0131l akl\u0131n s\u0131n\u0131rlar\u0131na yapt\u0131klar\u0131 tehlikeli ama bir o kadar da verimli ge\u00e7en d\u00fc\u015f\u00fcnsel yolculu\u011fun g\u00f6rg\u00fc tan\u0131\u011f\u0131 olmaya davet ediyor&#8230; <\/p>\n","protected":false},"excerpt":{"rendered":"<p>Bu kitap \u00e7a\u011fda\u015f felsefeye damgas\u0131n\u0131 vurmu\u015f d\u00fc\u015f\u00fcn\u00fcrlerden Michel Foucault ile Jacques Derrida\u2019n\u0131n, \u00e7a\u011fc\u0131l felsefenin kurucusu say\u0131lan Descartes hakk\u0131nda giri\u015ftikleri akademik nitelikteki bir tart\u0131\u015fmayla ba\u015flay\u0131p Bat\u0131 K\u00fclt\u00fcr\u00fcn\u00fcn<span class=\"excerpt-hellip\"> [\u2026]<\/span><\/p>\n","protected":false},"featured_media":0,"template":"","meta":{"_monsterinsights_skip_tracking":false,"_monsterinsights_sitenote_active":false,"_monsterinsights_sitenote_note":"","_monsterinsights_sitenote_category":0},"product_brand":[],"product_cat":[19460,13527],"product_tag":[],"class_list":{"0":"post-698490","1":"product","2":"type-product","3":"status-publish","5":"product_cat-felsefe-sureli-yayinlar","6":"product_cat-sureli-yayinlar","7":"pa_cilt-ciltsiz","8":"pa_tur-kitap","9":"pa_yayinevi-bilgesu-yayincilik","10":"pa_yazar-roy-boyne","12":"first","13":"instock","14":"sale","15":"shipping-taxable","16":"purchasable","17":"product-type-simple"},"_links":{"self":[{"href":"https:\/\/roveyayinevi.com.tr\/index.php\/wp-json\/wp\/v2\/product\/698490","targetHints":{"allow":["GET"]}}],"collection":[{"href":"https:\/\/roveyayinevi.com.tr\/index.php\/wp-json\/wp\/v2\/product"}],"about":[{"href":"https:\/\/roveyayinevi.com.tr\/index.php\/wp-json\/wp\/v2\/types\/product"}],"wp:attachment":[{"href":"https:\/\/roveyayinevi.com.tr\/index.php\/wp-json\/wp\/v2\/media?parent=698490"}],"wp:term":[{"taxonomy":"product_brand","embeddable":true,"href":"https:\/\/roveyayinevi.com.tr\/index.php\/wp-json\/wp\/v2\/product_brand?post=698490"},{"taxonomy":"product_cat","embeddable":true,"href":"https:\/\/roveyayinevi.com.tr\/index.php\/wp-json\/wp\/v2\/product_cat?post=698490"},{"taxonomy":"product_tag","embeddable":true,"href":"https:\/\/roveyayinevi.com.tr\/index.php\/wp-json\/wp\/v2\/product_tag?post=698490"}],"curies":[{"name":"wp","href":"https:\/\/api.w.org\/{rel}","templated":true}]}}