{"id":698488,"date":"2025-08-27T14:45:44","date_gmt":"2025-08-27T11:45:44","guid":{"rendered":"https:\/\/roveyayinevi.com.tr\/index.php\/urun\/insan-dogasi-uzerine\/"},"modified":"2026-04-16T02:07:55","modified_gmt":"2026-04-15T23:07:55","slug":"insan-dogasi-uzerine","status":"publish","type":"product","link":"https:\/\/roveyayinevi.com.tr\/index.php\/urun\/insan-dogasi-uzerine\/","title":{"rendered":"\u0130nsan Do\u011fas\u0131 \u00dczerine"},"content":{"rendered":"<p>\ufffc\u00b7         Kant\u2019\u0131n en de\u011fer verdi\u011fi \u00f6\u011frencisi ve Nietzsche d\u00fc\u015f\u00fcn\u00fc\u015f\u00fcn\u00fcn \u015fekillenmesinde \u00f6nemli bir fakt\u00f6r olan Arthur Schopenhauer, \u00e7al\u0131\u015fmalar\u0131n\u0131, \u201cT\u00fcm bilgiler, bizim d\u00fcnyada edindi\u011fimiz tecr\u00fcbelerden kaynaklan\u0131r fakat bizim tecr\u00fcbelerimiz, esas olarak s\u00fcbjektiftir ve kendi zihnimiz taraf\u0131ndan \u015fekillendirilmi\u015ftir, tarafl\u0131 ve \u00f6nyarg\u0131l\u0131d\u0131r. Bu sebeple ger\u00e7ek, bizim istemimizin uzant\u0131s\u0131ndan ba\u015fka bir \u015fey de\u011fildir\u201d, g\u00f6r\u00fc\u015f\u00fcn\u00fc temel alarak s\u00fcrd\u00fcrm\u00fc\u015ft\u00fcr. \u00b7         Bu denemede Schopehauer, insan tabiat\u0131na bak\u0131\u015f\u0131n\u0131 sunuyor bize&#8230; Hem de hayli k\u00f6t\u00fcmser bir bak\u0131\u015f a\u00e7\u0131s\u0131 bu. \u00c7\u00fcnk\u00fc Schopenhauer, arzunun insan\u0131 ac\u0131ya g\u00f6t\u00fcrd\u00fc\u011f\u00fcn\u00fc ve ge\u00e7ici de olsa bir rahatlamaya giden tek yolun arzular\u0131m\u0131zdan vazge\u00e7mekle olaca\u011f\u0131n\u0131 savunan bir Budistin g\u00f6zleriyle bak\u0131yor ya\u015fama. Yine burada filozof, devlet gibi insan eliyle olu\u015fturulan kurumlar\u0131, insanl\u0131\u011f\u0131n, \u00f6zg\u00fcr istem ve y\u00fcksek bir karakter ile ahlak anlay\u0131\u015f\u0131 gibi ideallerini mercek alt\u0131na al\u0131yor. Ve onlar\u0131n alt\u0131nda yatan bir ger\u00e7e\u011fi, kaderci bir itkinin, k\u00fclt\u00fcr\u00fc, zorbal\u0131k ile anar\u015finin s\u0131n\u0131rlar\u0131nda \u00e7ok az yerde mola vererek oradan oraya dola\u015ft\u0131rd\u0131\u011f\u0131n\u0131 ortaya \u00e7\u0131kar\u0131yor. \u00b7         Felsefe \u00f6\u011frencileri ve on dokuzuncu y\u00fczy\u0131l entellekt\u00fcalizmiyle ilgilenenlere hayli ilgin\u00e7 gelecek bir okuma \u015f\u00f6leni. <\/p>\n","protected":false},"excerpt":{"rendered":"<p>\ufffc\u00b7 Kant\u2019\u0131n en de\u011fer verdi\u011fi \u00f6\u011frencisi ve Nietzsche d\u00fc\u015f\u00fcn\u00fc\u015f\u00fcn\u00fcn \u015fekillenmesinde \u00f6nemli bir fakt\u00f6r olan Arthur Schopenhauer, \u00e7al\u0131\u015fmalar\u0131n\u0131, \u201cT\u00fcm bilgiler, bizim d\u00fcnyada edindi\u011fimiz tecr\u00fcbelerden kaynaklan\u0131r fakat bizim<span class=\"excerpt-hellip\"> [\u2026]<\/span><\/p>\n","protected":false},"featured_media":0,"template":"","meta":{"_monsterinsights_skip_tracking":false,"_monsterinsights_sitenote_active":false,"_monsterinsights_sitenote_note":"","_monsterinsights_sitenote_category":0},"product_brand":[],"product_cat":[12782,12291],"product_tag":[],"class_list":{"0":"post-698488","1":"product","2":"type-product","3":"status-publish","5":"product_cat-alman-edebiyati","6":"product_cat-edebiyat","7":"pa_cilt-ciltsiz","8":"pa_tur-kitap","9":"pa_yayinevi-oda-yayinlari","10":"pa_yazar-arthur-schopenhauer","12":"first","13":"instock","14":"sale","15":"shipping-taxable","16":"purchasable","17":"product-type-simple"},"_links":{"self":[{"href":"https:\/\/roveyayinevi.com.tr\/index.php\/wp-json\/wp\/v2\/product\/698488","targetHints":{"allow":["GET"]}}],"collection":[{"href":"https:\/\/roveyayinevi.com.tr\/index.php\/wp-json\/wp\/v2\/product"}],"about":[{"href":"https:\/\/roveyayinevi.com.tr\/index.php\/wp-json\/wp\/v2\/types\/product"}],"wp:attachment":[{"href":"https:\/\/roveyayinevi.com.tr\/index.php\/wp-json\/wp\/v2\/media?parent=698488"}],"wp:term":[{"taxonomy":"product_brand","embeddable":true,"href":"https:\/\/roveyayinevi.com.tr\/index.php\/wp-json\/wp\/v2\/product_brand?post=698488"},{"taxonomy":"product_cat","embeddable":true,"href":"https:\/\/roveyayinevi.com.tr\/index.php\/wp-json\/wp\/v2\/product_cat?post=698488"},{"taxonomy":"product_tag","embeddable":true,"href":"https:\/\/roveyayinevi.com.tr\/index.php\/wp-json\/wp\/v2\/product_tag?post=698488"}],"curies":[{"name":"wp","href":"https:\/\/api.w.org\/{rel}","templated":true}]}}