{"id":698484,"date":"2025-08-27T14:45:43","date_gmt":"2025-08-27T11:45:43","guid":{"rendered":"https:\/\/roveyayinevi.com.tr\/index.php\/urun\/demokritos-ile-epikourosun-doga-felsefelerindeki-ayirim\/"},"modified":"2026-04-16T02:07:55","modified_gmt":"2026-04-15T23:07:55","slug":"demokritos-ile-epikourosun-doga-felsefelerindeki-ayirim","status":"publish","type":"product","link":"https:\/\/roveyayinevi.com.tr\/index.php\/urun\/demokritos-ile-epikourosun-doga-felsefelerindeki-ayirim\/","title":{"rendered":"Demokritos ile Epikouros&#8217;un Do\u011fa Felsefelerindeki Ay\u0131r\u0131m"},"content":{"rendered":"<p>Marx&#8217;\u0131n doktora tezi olan bu \u00e7al\u0131\u015fma, Althusser&#8217;in tabiriyle tarih k\u0131tas\u0131n\u0131 ke\u015ffeden Marx&#8217;\u0131n maddecilik k\u0131tas\u0131n\u0131 ke\u015ffetmesinin ba\u015flang\u0131c\u0131d\u0131r.  Sokratik gelene\u011fi izleyen Demokritos ile Aristoteles\u00e7i gelene\u011fi izleyen Epikouros&#8217;a ili\u015fkin bu tart\u0131\u015fma asl\u0131nda sadece do\u011fa felsefelerine de\u011fil, ayn\u0131 zamanda kollar\u0131 varl\u0131k ve bilgi felsefesine kadar uzayan \u00e7ok daha geni\u015f \u00e7apl\u0131 bir soru\u015fturman\u0131n temelidir. Zorunluluk, rastlant\u0131, sapma, bilin\u00e7 gibi kavramlar\u0131n da i\u015f ba\u015f\u0131nda oldu\u011fu bir soru\u015fturma \u00fcstelik&#8230; Felsefenin Aristoteles sonras\u0131 izledi\u011fi \u00e7izginin olu\u015fumunu anlamak i\u00e7in vazge\u00e7ilmez bir kaynak olan bu kitap, ayn\u0131 zamanda Marx&#8217;\u0131n maddecilik anlay\u0131\u015f\u0131n\u0131n k\u00f6klerini g\u00f6rmek isteyenler i\u00e7in de bir k\u0131lavuz i\u015flevi g\u00f6r\u00fcyor. <\/p>\n","protected":false},"excerpt":{"rendered":"<p>Marx&#8217;\u0131n doktora tezi olan bu \u00e7al\u0131\u015fma, Althusser&#8217;in tabiriyle tarih k\u0131tas\u0131n\u0131 ke\u015ffeden Marx&#8217;\u0131n maddecilik k\u0131tas\u0131n\u0131 ke\u015ffetmesinin ba\u015flang\u0131c\u0131d\u0131r. Sokratik gelene\u011fi izleyen Demokritos ile Aristoteles\u00e7i gelene\u011fi izleyen Epikouros&#8217;a ili\u015fkin<span class=\"excerpt-hellip\"> [\u2026]<\/span><\/p>\n","protected":false},"featured_media":0,"template":"","meta":{"_monsterinsights_skip_tracking":false,"_monsterinsights_sitenote_active":false,"_monsterinsights_sitenote_note":"","_monsterinsights_sitenote_category":0},"product_brand":[],"product_cat":[16038,12388],"product_tag":[],"class_list":{"0":"post-698484","1":"product","2":"type-product","3":"status-publish","5":"product_cat-arastirma-inceleme-referans-felsefe","6":"product_cat-felsefe","7":"pa_cilt-ciltsiz","8":"pa_tur-kitap","9":"pa_yayinevi-bilgesu-yayincilik","10":"pa_yazar-karl-marx","12":"first","13":"instock","14":"sale","15":"shipping-taxable","16":"purchasable","17":"product-type-simple"},"_links":{"self":[{"href":"https:\/\/roveyayinevi.com.tr\/index.php\/wp-json\/wp\/v2\/product\/698484","targetHints":{"allow":["GET"]}}],"collection":[{"href":"https:\/\/roveyayinevi.com.tr\/index.php\/wp-json\/wp\/v2\/product"}],"about":[{"href":"https:\/\/roveyayinevi.com.tr\/index.php\/wp-json\/wp\/v2\/types\/product"}],"wp:attachment":[{"href":"https:\/\/roveyayinevi.com.tr\/index.php\/wp-json\/wp\/v2\/media?parent=698484"}],"wp:term":[{"taxonomy":"product_brand","embeddable":true,"href":"https:\/\/roveyayinevi.com.tr\/index.php\/wp-json\/wp\/v2\/product_brand?post=698484"},{"taxonomy":"product_cat","embeddable":true,"href":"https:\/\/roveyayinevi.com.tr\/index.php\/wp-json\/wp\/v2\/product_cat?post=698484"},{"taxonomy":"product_tag","embeddable":true,"href":"https:\/\/roveyayinevi.com.tr\/index.php\/wp-json\/wp\/v2\/product_tag?post=698484"}],"curies":[{"name":"wp","href":"https:\/\/api.w.org\/{rel}","templated":true}]}}