{"id":698483,"date":"2025-08-27T14:45:42","date_gmt":"2025-08-27T11:45:42","guid":{"rendered":"https:\/\/roveyayinevi.com.tr\/index.php\/urun\/kalp-gucuyle-tedavi\/"},"modified":"2026-02-26T02:10:50","modified_gmt":"2026-02-25T23:10:50","slug":"kalp-gucuyle-tedavi","status":"publish","type":"product","link":"https:\/\/roveyayinevi.com.tr\/index.php\/urun\/kalp-gucuyle-tedavi\/","title":{"rendered":"Kalp G\u00fcc\u00fcyle Tedavi"},"content":{"rendered":"<p>Yas tedavi edilecek bir hastal\u0131k de\u011fil, ya\u015fam\u0131n do\u011fal bir par\u00e7as\u0131d\u0131r. Ruh i\u00e7in kay\u0131p diye bir \u015fey yoktur; sadece her hik\u00e2yenin bir ba\u015f\u0131 ve bir sonu vard\u0131r. Ama sevgi sonsuzdur.D\u00fc\u015f\u00fcnce G\u00fcc\u00fcyle Tedavi adl\u0131 kitab\u0131yla milyonlarca insan\u0131 zihinsel esaretten kurtaran ki\u015fisel geli\u015fimin efsanevi isimlerinden Louise Hay ile kay\u0131p ve yas konusunun en \u00fcnl\u00fc uzmanlar\u0131ndan David Kessler\u2019\u0131 bir araya getiren bu kitap, ya\u015fad\u0131\u011f\u0131m\u0131z kay\u0131p ve travmalar\u0131n ard\u0131ndan nas\u0131l \u015fifa bulabilece\u011fimiz konusunda \u00f6nemli bir rehber. Louise ve David, kalp k\u0131r\u0131kl\u0131\u011f\u0131yla biten bir ili\u015fkinin, bo\u015fanmayla sona eren bir evlili\u011fin ya da sevdiklerimizin \u00f6l\u00fcm\u00fcn\u00fcn ard\u0131ndan hissetti\u011fimiz duygu ve d\u00fc\u015f\u00fcncelere \u0131\u015f\u0131k tutuyor. Louise\u2019in \u201cd\u00fc\u015f\u00fcncenin g\u00fcc\u00fc\u201d konusundaki \u00f6\u011freti ve telkinlerini David\u2019in \u201c\u00f6l\u00fcm ve yas\u201d konusundaki onlarca y\u0131ll\u0131k deneyimiyle birle\u015ftiren bu e\u015fsiz kitap, yepyeni bir d\u00fc\u015f\u00fcnce \u015feklinin kap\u0131lar\u0131n\u0131 aralayarak ya\u015fam\u0131n\u0131za sevgi ve mutluluk getirecek. <\/p>\n","protected":false},"excerpt":{"rendered":"<p>Yas tedavi edilecek bir hastal\u0131k de\u011fil, ya\u015fam\u0131n do\u011fal bir par\u00e7as\u0131d\u0131r. Ruh i\u00e7in kay\u0131p diye bir \u015fey yoktur; sadece her hik\u00e2yenin bir ba\u015f\u0131 ve bir sonu vard\u0131r.<span class=\"excerpt-hellip\"> [\u2026]<\/span><\/p>\n","protected":false},"featured_media":0,"template":"","meta":{"_monsterinsights_skip_tracking":false,"_monsterinsights_sitenote_active":false,"_monsterinsights_sitenote_note":"","_monsterinsights_sitenote_category":0},"product_brand":[],"product_cat":[12364,12376],"product_tag":[],"class_list":{"0":"post-698483","1":"product","2":"type-product","3":"status-publish","5":"product_cat-genel-konular","6":"product_cat-kisisel-gelisim","7":"pa_cilt-ciltsiz","8":"pa_tur-kitap","9":"pa_yayinevi-altin-kitaplar","10":"pa_yazar-louise-l-hay","12":"first","13":"instock","14":"sale","15":"shipping-taxable","16":"purchasable","17":"product-type-simple"},"_links":{"self":[{"href":"https:\/\/roveyayinevi.com.tr\/index.php\/wp-json\/wp\/v2\/product\/698483","targetHints":{"allow":["GET"]}}],"collection":[{"href":"https:\/\/roveyayinevi.com.tr\/index.php\/wp-json\/wp\/v2\/product"}],"about":[{"href":"https:\/\/roveyayinevi.com.tr\/index.php\/wp-json\/wp\/v2\/types\/product"}],"wp:attachment":[{"href":"https:\/\/roveyayinevi.com.tr\/index.php\/wp-json\/wp\/v2\/media?parent=698483"}],"wp:term":[{"taxonomy":"product_brand","embeddable":true,"href":"https:\/\/roveyayinevi.com.tr\/index.php\/wp-json\/wp\/v2\/product_brand?post=698483"},{"taxonomy":"product_cat","embeddable":true,"href":"https:\/\/roveyayinevi.com.tr\/index.php\/wp-json\/wp\/v2\/product_cat?post=698483"},{"taxonomy":"product_tag","embeddable":true,"href":"https:\/\/roveyayinevi.com.tr\/index.php\/wp-json\/wp\/v2\/product_tag?post=698483"}],"curies":[{"name":"wp","href":"https:\/\/api.w.org\/{rel}","templated":true}]}}