{"id":698479,"date":"2025-08-27T14:45:41","date_gmt":"2025-08-27T11:45:41","guid":{"rendered":"https:\/\/roveyayinevi.com.tr\/index.php\/urun\/gumruk-birliginin-turkiyenin-dis-ticareti-uzerine-etkileri\/"},"modified":"2026-04-16T02:07:55","modified_gmt":"2026-04-15T23:07:55","slug":"gumruk-birliginin-turkiyenin-dis-ticareti-uzerine-etkileri","status":"publish","type":"product","link":"https:\/\/roveyayinevi.com.tr\/index.php\/urun\/gumruk-birliginin-turkiyenin-dis-ticareti-uzerine-etkileri\/","title":{"rendered":"G\u00fcmr\u00fck Birli\u011finin T\u00fcrkiye&#8217;nin D\u0131\u015f Ticareti \u00dczerine Etkileri"},"content":{"rendered":"<p>T\u00fcrkiye bug\u00fcnk\u00fc ad\u0131 ile Avrupa Birli\u011fi (AB), o g\u00fcnk\u00fc ad\u0131 \u0130le Avrupa Ekonomik Toplulu\u011fu (AET) ile 12 Eyl\u00fcl 1963 y\u0131l\u0131nda imzalad\u0131\u011f\u0131, 1 Aral\u0131k 1964 y\u0131l\u0131nda y\u00fcr\u00fcrl\u00fc\u011fe giren Ankara Antla\u015fmas\u0131 \u00e7er\u00e7evesinde ekonomik birle\u015fme s\u00fcrecini ba\u015flatm\u0131\u015ft\u0131r. T\u00fcrkiyenin ABne tam \u00fcyelik ser\u00fcveninin ilk \u00f6nemli dura\u011f\u0131 Ankara Antla\u015fmas\u0131 ilkeleri kapsam\u0131nda \u00f6nemli bir hedef olarak belirlenen ve 6 Mart 1995 tarihinde imzalan\u0131p, 1 Ocak 1996 tarihinde y\u00fcr\u00fcrl\u00fc\u011fe giren G\u00fcmr\u00fck Birli\u011fi (GB) Anla\u015fmas\u0131 olmu\u015f <\/p>\n","protected":false},"excerpt":{"rendered":"<p>T\u00fcrkiye bug\u00fcnk\u00fc ad\u0131 ile Avrupa Birli\u011fi (AB), o g\u00fcnk\u00fc ad\u0131 \u0130le Avrupa Ekonomik Toplulu\u011fu (AET) ile 12 Eyl\u00fcl 1963 y\u0131l\u0131nda imzalad\u0131\u011f\u0131, 1 Aral\u0131k 1964 y\u0131l\u0131nda y\u00fcr\u00fcrl\u00fc\u011fe<span class=\"excerpt-hellip\"> [\u2026]<\/span><\/p>\n","protected":false},"featured_media":0,"template":"","meta":{"_monsterinsights_skip_tracking":false,"_monsterinsights_sitenote_active":false,"_monsterinsights_sitenote_note":"","_monsterinsights_sitenote_category":0},"product_brand":[],"product_cat":[12573,12566],"product_tag":[],"class_list":{"0":"post-698479","1":"product","2":"type-product","3":"status-publish","5":"product_cat-akademik-kitaplar","6":"product_cat-egitim","7":"pa_cilt-ciltsiz","8":"pa_tur-kitap","9":"pa_yayinevi-gazi-kitabevi","10":"pa_yazar-harun-ozturkler","12":"first","13":"instock","14":"sale","15":"shipping-taxable","16":"purchasable","17":"product-type-simple"},"_links":{"self":[{"href":"https:\/\/roveyayinevi.com.tr\/index.php\/wp-json\/wp\/v2\/product\/698479","targetHints":{"allow":["GET"]}}],"collection":[{"href":"https:\/\/roveyayinevi.com.tr\/index.php\/wp-json\/wp\/v2\/product"}],"about":[{"href":"https:\/\/roveyayinevi.com.tr\/index.php\/wp-json\/wp\/v2\/types\/product"}],"wp:attachment":[{"href":"https:\/\/roveyayinevi.com.tr\/index.php\/wp-json\/wp\/v2\/media?parent=698479"}],"wp:term":[{"taxonomy":"product_brand","embeddable":true,"href":"https:\/\/roveyayinevi.com.tr\/index.php\/wp-json\/wp\/v2\/product_brand?post=698479"},{"taxonomy":"product_cat","embeddable":true,"href":"https:\/\/roveyayinevi.com.tr\/index.php\/wp-json\/wp\/v2\/product_cat?post=698479"},{"taxonomy":"product_tag","embeddable":true,"href":"https:\/\/roveyayinevi.com.tr\/index.php\/wp-json\/wp\/v2\/product_tag?post=698479"}],"curies":[{"name":"wp","href":"https:\/\/api.w.org\/{rel}","templated":true}]}}