{"id":698478,"date":"2025-08-27T14:45:41","date_gmt":"2025-08-27T11:45:41","guid":{"rendered":"https:\/\/roveyayinevi.com.tr\/index.php\/urun\/tasbihat-invocations-after-daily-prayers\/"},"modified":"2026-04-16T02:07:55","modified_gmt":"2026-04-15T23:07:55","slug":"tasbihat-invocations-after-daily-prayers","status":"publish","type":"product","link":"https:\/\/roveyayinevi.com.tr\/index.php\/urun\/tasbihat-invocations-after-daily-prayers\/","title":{"rendered":"Tasbihat Invocations After Daily Prayers"},"content":{"rendered":"<p>Tasbihat \u0130nvocations After Daily Prayers, Dr. Yamina Mermer ba\u015fkanl\u0131\u011f\u0131nda, Amerika\u2019da ya\u015fayan bir gurup Risale-i Nur talebesi taraf\u0131ndan ihtiyac\u0131 hissedilerek \u0130ngilizceye \u00e7evrildi.  Arap\u00e7a metinler, harekelerin yerli yerinde oldu\u011fu, berrak ve okunakl\u0131 bir fontla en ba\u015ftan yaz\u0131ld\u0131. Arap\u00e7a mahre\u00e7leri d\u00fczg\u00fcn verebilmek i\u00e7in \u00e7ok \u00f6zel bir transkripsiyon \u00e7al\u0131\u015fmas\u0131yla \u201cLatin alfabesiyle okunu\u015flar\u0131\u201d verildi. Zarf\u0131na \u00f6zen g\u00f6sterildi. Bask\u0131 ve mizanpaj kalitesiyle \u201culuslar aras\u0131 bir yay\u0131n\u201d olmas\u0131 ve herkesin be\u011fenisini kazanmas\u0131 hedeflendi. Kolay okunurlu\u011funu sa\u011flamak i\u00e7in b\u00fcy\u00fck puntolar kullan\u0131ld\u0131 ve ebat cepte de\u011fil \u00e7antada ta\u015f\u0131nmak \u00fczere tasarland\u0131. Cildi, iplik diki\u015fli ve kullan\u0131m\u0131 kolayla\u015ft\u0131rmak i\u00e7in \u00f6zellikle \u201cyumu\u015fak\u201d yap\u0131ld\u0131. Sar\u0131 \u015famua ka\u011f\u0131t ve 2 renk bask\u0131 tercih edildi. Bedi\u00fczzaman\u2019\u0131n tesbihat\u0131 Hz. Peygamber\u2019in (sav) dualar\u0131ndan olu\u015ftu\u011fu i\u00e7in, sadece Risale-i Nur talebelerini de\u011fil t\u00fcm M\u00fcsl\u00fcmanlar\u0131 ayn\u0131 nebev\u00ee halkan\u0131n, ayn\u0131 duan\u0131n i\u00e7erisinde bulu\u015fturmak murad edildi. <\/p>\n","protected":false},"excerpt":{"rendered":"<p>Tasbihat \u0130nvocations After Daily Prayers, Dr. Yamina Mermer ba\u015fkanl\u0131\u011f\u0131nda, Amerika\u2019da ya\u015fayan bir gurup Risale-i Nur talebesi taraf\u0131ndan ihtiyac\u0131 hissedilerek \u0130ngilizceye \u00e7evrildi. Arap\u00e7a metinler, harekelerin yerli yerinde<span class=\"excerpt-hellip\"> [\u2026]<\/span><\/p>\n","protected":false},"featured_media":0,"template":"","meta":{"_monsterinsights_skip_tracking":false,"_monsterinsights_sitenote_active":false,"_monsterinsights_sitenote_note":"","_monsterinsights_sitenote_category":0},"product_brand":[],"product_cat":[12364],"product_tag":[],"class_list":{"0":"post-698478","1":"product","2":"type-product","3":"status-publish","5":"product_cat-genel-konular","6":"pa_tur-kitap","7":"pa_yayinevi-timas-yayinlari","8":"pa_yazar-kolektif","10":"first","11":"instock","12":"sale","13":"shipping-taxable","14":"purchasable","15":"product-type-simple"},"_links":{"self":[{"href":"https:\/\/roveyayinevi.com.tr\/index.php\/wp-json\/wp\/v2\/product\/698478","targetHints":{"allow":["GET"]}}],"collection":[{"href":"https:\/\/roveyayinevi.com.tr\/index.php\/wp-json\/wp\/v2\/product"}],"about":[{"href":"https:\/\/roveyayinevi.com.tr\/index.php\/wp-json\/wp\/v2\/types\/product"}],"wp:attachment":[{"href":"https:\/\/roveyayinevi.com.tr\/index.php\/wp-json\/wp\/v2\/media?parent=698478"}],"wp:term":[{"taxonomy":"product_brand","embeddable":true,"href":"https:\/\/roveyayinevi.com.tr\/index.php\/wp-json\/wp\/v2\/product_brand?post=698478"},{"taxonomy":"product_cat","embeddable":true,"href":"https:\/\/roveyayinevi.com.tr\/index.php\/wp-json\/wp\/v2\/product_cat?post=698478"},{"taxonomy":"product_tag","embeddable":true,"href":"https:\/\/roveyayinevi.com.tr\/index.php\/wp-json\/wp\/v2\/product_tag?post=698478"}],"curies":[{"name":"wp","href":"https:\/\/api.w.org\/{rel}","templated":true}]}}