{"id":698476,"date":"2025-08-27T14:45:40","date_gmt":"2025-08-27T11:45:40","guid":{"rendered":"https:\/\/roveyayinevi.com.tr\/index.php\/urun\/sayilarla-dunya\/"},"modified":"2026-02-02T02:08:51","modified_gmt":"2026-02-01T23:08:51","slug":"sayilarla-dunya","status":"publish","type":"product","link":"https:\/\/roveyayinevi.com.tr\/index.php\/urun\/sayilarla-dunya\/","title":{"rendered":"Say\u0131larla D\u00fcnya"},"content":{"rendered":"<p>\u00dczerinde ya\u015fad\u0131\u011f\u0131m\u0131z d\u00fcnya b\u00fcy\u00fcleyici ger\u00e7ekler ve istatistiklerle dolu. Say\u0131larla D\u00fcnya, etraf\u0131m\u0131zda olan biteni say\u0131lar arac\u0131l\u0131\u011f\u0131yla g\u00f6rmemizi sa\u011flayarak, en etkileyici detaylar\u0131 g\u00f6zler \u00f6n\u00fcne seriyor. \u00d6rne\u011fin; bir pulu yalad\u0131\u011f\u0131n\u0131zda 0,1 kalori alm\u0131\u015f oldu\u011funuzu biliyor muydunuz? \u0130ki dakika boyunca kahkaha ile g\u00fclerek 3,5 kalori yakabilece\u011finizi? Ya da tuvalete d\u00fc\u015f\u00fcrd\u00fc\u011f\u00fc di\u015f f\u0131r\u00e7as\u0131n\u0131 al\u0131p, tekrar kullanan erkeklerin y\u00fczdesini? Peki, ya d\u00fcnyadaki en sevilen i\u00e7ecek olan kahvenin her y\u0131l 400 milyar fincan t\u00fcketildi\u011fini? Say\u0131larla D\u00fcnya, sizi etkileyici detaylar\u0131n ve istatistiklerin aras\u0131nda keyifli bir beyin jimnasti\u011fine davet ediyor. \ufffc<\/p>\n","protected":false},"excerpt":{"rendered":"<p>\u00dczerinde ya\u015fad\u0131\u011f\u0131m\u0131z d\u00fcnya b\u00fcy\u00fcleyici ger\u00e7ekler ve istatistiklerle dolu. Say\u0131larla D\u00fcnya, etraf\u0131m\u0131zda olan biteni say\u0131lar arac\u0131l\u0131\u011f\u0131yla g\u00f6rmemizi sa\u011flayarak, en etkileyici detaylar\u0131 g\u00f6zler \u00f6n\u00fcne seriyor. \u00d6rne\u011fin; bir pulu<span class=\"excerpt-hellip\"> [\u2026]<\/span><\/p>\n","protected":false},"featured_media":0,"template":"","meta":{"_monsterinsights_skip_tracking":false,"_monsterinsights_sitenote_active":false,"_monsterinsights_sitenote_note":"","_monsterinsights_sitenote_category":0},"product_brand":[],"product_cat":[13005,13006],"product_tag":[],"class_list":{"0":"post-698476","1":"product","2":"type-product","3":"status-publish","5":"product_cat-bilim-muhendislik","6":"product_cat-populer-bilim","7":"pa_cilt-ciltsiz","8":"pa_tur-kitap","9":"pa_yayinevi-yabanci-yayinevi","10":"pa_yazar-mitchell-symons","12":"first","13":"instock","14":"sale","15":"shipping-taxable","16":"purchasable","17":"product-type-simple"},"_links":{"self":[{"href":"https:\/\/roveyayinevi.com.tr\/index.php\/wp-json\/wp\/v2\/product\/698476","targetHints":{"allow":["GET"]}}],"collection":[{"href":"https:\/\/roveyayinevi.com.tr\/index.php\/wp-json\/wp\/v2\/product"}],"about":[{"href":"https:\/\/roveyayinevi.com.tr\/index.php\/wp-json\/wp\/v2\/types\/product"}],"wp:attachment":[{"href":"https:\/\/roveyayinevi.com.tr\/index.php\/wp-json\/wp\/v2\/media?parent=698476"}],"wp:term":[{"taxonomy":"product_brand","embeddable":true,"href":"https:\/\/roveyayinevi.com.tr\/index.php\/wp-json\/wp\/v2\/product_brand?post=698476"},{"taxonomy":"product_cat","embeddable":true,"href":"https:\/\/roveyayinevi.com.tr\/index.php\/wp-json\/wp\/v2\/product_cat?post=698476"},{"taxonomy":"product_tag","embeddable":true,"href":"https:\/\/roveyayinevi.com.tr\/index.php\/wp-json\/wp\/v2\/product_tag?post=698476"}],"curies":[{"name":"wp","href":"https:\/\/api.w.org\/{rel}","templated":true}]}}