{"id":698475,"date":"2025-08-27T14:45:40","date_gmt":"2025-08-27T11:45:40","guid":{"rendered":"https:\/\/roveyayinevi.com.tr\/index.php\/urun\/arzavul-tepesi-2-mollimler\/"},"modified":"2026-04-16T02:07:55","modified_gmt":"2026-04-15T23:07:55","slug":"arzavul-tepesi-2-mollimler","status":"publish","type":"product","link":"https:\/\/roveyayinevi.com.tr\/index.php\/urun\/arzavul-tepesi-2-mollimler\/","title":{"rendered":"Arzavul Tepesi 2: Mollimler"},"content":{"rendered":"<p>Arzavul Tepesi&#8217;nin gizemini \u00e7\u00f6zen K\u0131ranba\u015f\u0131l\u0131 kafadarlar bu kez de\u011fi\u015fime u\u011fram\u0131\u015f yarat\u0131klar\u0131n tehdidi alt\u0131ndad\u0131rlar.  Mollimlerle tan\u0131\u015fmaya haz\u0131r m\u0131s\u0131n\u0131z? \u0130ri Mollim ve ordusu, hen\u00fcz anla\u015f\u0131lamayan bir sebepten bizim kafadarlar\u0131n pe\u015findedir. Arzavul Tepesi&#8217;ni birbirine katm\u0131\u015f, Karadeniz&#8217;in yemye\u015fil \u015fehirlerini yerle bir etmi\u015flerdir. Mustafa Dede endi\u015fe i\u00e7indedir; vakit kaybetmeden Ercan, \u0130brahim ve Davut&#8217;u g\u00f6revlendirir: Haz\u0131rlanan panzehir \u0130ri Mollim&#8217;e i\u00e7irilmelidir. Defne ve Zeynep&#8217;in de aralar\u0131na kat\u0131lmas\u0131yla ekip mollimlerin yeralt\u0131 d\u00fcnyas\u0131na do\u011fru bir yolculu\u011fa \u00e7\u0131kar. Ama ne yolculuktur bu! <\/p>\n","protected":false},"excerpt":{"rendered":"<p>Arzavul Tepesi&#8217;nin gizemini \u00e7\u00f6zen K\u0131ranba\u015f\u0131l\u0131 kafadarlar bu kez de\u011fi\u015fime u\u011fram\u0131\u015f yarat\u0131klar\u0131n tehdidi alt\u0131ndad\u0131rlar. Mollimlerle tan\u0131\u015fmaya haz\u0131r m\u0131s\u0131n\u0131z? \u0130ri Mollim ve ordusu, hen\u00fcz anla\u015f\u0131lamayan bir sebepten bizim<span class=\"excerpt-hellip\"> [\u2026]<\/span><\/p>\n","protected":false},"featured_media":0,"template":"","meta":{"_monsterinsights_skip_tracking":false,"_monsterinsights_sitenote_active":false,"_monsterinsights_sitenote_note":"","_monsterinsights_sitenote_category":0},"product_brand":[],"product_cat":[12275,12274],"product_tag":[],"class_list":{"0":"post-698475","1":"product","2":"type-product","3":"status-publish","5":"product_cat-6-12-yas-kitaplari","6":"product_cat-cocuk-ve-genclik-kitaplari","7":"pa_cilt-ciltsiz","8":"pa_tur-kitap","9":"pa_yayinevi-elma-cocuk","10":"pa_yazar-mehmet-erkan","12":"first","13":"instock","14":"sale","15":"shipping-taxable","16":"purchasable","17":"product-type-simple"},"_links":{"self":[{"href":"https:\/\/roveyayinevi.com.tr\/index.php\/wp-json\/wp\/v2\/product\/698475","targetHints":{"allow":["GET"]}}],"collection":[{"href":"https:\/\/roveyayinevi.com.tr\/index.php\/wp-json\/wp\/v2\/product"}],"about":[{"href":"https:\/\/roveyayinevi.com.tr\/index.php\/wp-json\/wp\/v2\/types\/product"}],"wp:attachment":[{"href":"https:\/\/roveyayinevi.com.tr\/index.php\/wp-json\/wp\/v2\/media?parent=698475"}],"wp:term":[{"taxonomy":"product_brand","embeddable":true,"href":"https:\/\/roveyayinevi.com.tr\/index.php\/wp-json\/wp\/v2\/product_brand?post=698475"},{"taxonomy":"product_cat","embeddable":true,"href":"https:\/\/roveyayinevi.com.tr\/index.php\/wp-json\/wp\/v2\/product_cat?post=698475"},{"taxonomy":"product_tag","embeddable":true,"href":"https:\/\/roveyayinevi.com.tr\/index.php\/wp-json\/wp\/v2\/product_tag?post=698475"}],"curies":[{"name":"wp","href":"https:\/\/api.w.org\/{rel}","templated":true}]}}