{"id":698474,"date":"2025-08-27T14:45:40","date_gmt":"2025-08-27T11:45:40","guid":{"rendered":"https:\/\/roveyayinevi.com.tr\/index.php\/urun\/yirmi-birinci-yuzyilda-turkiyede-yahudiler-hosgorunun-oteki-yuzu\/"},"modified":"2026-04-16T02:07:55","modified_gmt":"2026-04-15T23:07:55","slug":"yirmi-birinci-yuzyilda-turkiyede-yahudiler-hosgorunun-oteki-yuzu","status":"publish","type":"product","link":"https:\/\/roveyayinevi.com.tr\/index.php\/urun\/yirmi-birinci-yuzyilda-turkiyede-yahudiler-hosgorunun-oteki-yuzu\/","title":{"rendered":"Yirmi Birinci Y\u00fczy\u0131lda T\u00fcrkiye\u2019de Yahudiler &#8211; Ho\u015fg\u00f6r\u00fcn\u00fcn \u00d6teki Y\u00fcz\u00fc"},"content":{"rendered":"<p>Osmanl\u0131 \u0130mparatorlu\u011fu ve onun devam\u0131 olan T\u00fcrkiye Cumhuriyeti az\u0131nl\u0131klara ho\u015fg\u00f6r\u00fc \u00f6rnekleri olarak g\u00f6sterilegelmi\u015ftir. Hatta bug\u00fcn baz\u0131 T\u00fcrkler, ge\u00e7mi\u015fte kalan Osmanl\u0131 kozmopolitizmine kar\u015f\u0131 nostaljik hisler beslemektedirler. Marcy Brink-Danan, ge\u00e7mi\u015fe dair bu g\u00f6r\u00fc\u015fleri sorgularken, Yahudilerin g\u00f6z\u00fcnde, g\u00fcn\u00fcm\u00fcz \u0130stanbul\u2019unda ho\u015fg\u00f6r\u00fclen bir az\u0131nl\u0131k olarak ya\u015faman\u0131n ne anlama geldi\u011fini mercek alt\u0131na al\u0131yor. \u00c7o\u011funlukla \u201ciyi az\u0131nl\u0131k\u201d olarak tasvir edilen T\u00fcrkiye\u2019deki Yahudiler, b\u00f6lgedeki uzun ge\u00e7mi\u015flerini kucaklarken, bir yandan da ayr\u0131mc\u0131l\u0131\u011fa maruz kal\u0131yorlar; kurumlar\u0131, d\u00fczenli olarak tehdit ve sald\u0131r\u0131lara hedef oluyor. <\/p>\n","protected":false},"excerpt":{"rendered":"<p>Osmanl\u0131 \u0130mparatorlu\u011fu ve onun devam\u0131 olan T\u00fcrkiye Cumhuriyeti az\u0131nl\u0131klara ho\u015fg\u00f6r\u00fc \u00f6rnekleri olarak g\u00f6sterilegelmi\u015ftir. Hatta bug\u00fcn baz\u0131 T\u00fcrkler, ge\u00e7mi\u015fte kalan Osmanl\u0131 kozmopolitizmine kar\u015f\u0131 nostaljik hisler beslemektedirler. Marcy<span class=\"excerpt-hellip\"> [\u2026]<\/span><\/p>\n","protected":false},"featured_media":0,"template":"","meta":{"_monsterinsights_skip_tracking":false,"_monsterinsights_sitenote_active":false,"_monsterinsights_sitenote_note":"","_monsterinsights_sitenote_category":0},"product_brand":[],"product_cat":[12965,12337],"product_tag":[],"class_list":{"0":"post-698474","1":"product","2":"type-product","3":"status-publish","5":"product_cat-genel-politika","6":"product_cat-politika-siyaset","7":"pa_tur-kitap","8":"pa_yayinevi-koc-universitesi-yayinlari","9":"pa_yazar-marcy-brink-danan","11":"first","12":"instock","13":"sale","14":"shipping-taxable","15":"purchasable","16":"product-type-simple"},"_links":{"self":[{"href":"https:\/\/roveyayinevi.com.tr\/index.php\/wp-json\/wp\/v2\/product\/698474","targetHints":{"allow":["GET"]}}],"collection":[{"href":"https:\/\/roveyayinevi.com.tr\/index.php\/wp-json\/wp\/v2\/product"}],"about":[{"href":"https:\/\/roveyayinevi.com.tr\/index.php\/wp-json\/wp\/v2\/types\/product"}],"wp:attachment":[{"href":"https:\/\/roveyayinevi.com.tr\/index.php\/wp-json\/wp\/v2\/media?parent=698474"}],"wp:term":[{"taxonomy":"product_brand","embeddable":true,"href":"https:\/\/roveyayinevi.com.tr\/index.php\/wp-json\/wp\/v2\/product_brand?post=698474"},{"taxonomy":"product_cat","embeddable":true,"href":"https:\/\/roveyayinevi.com.tr\/index.php\/wp-json\/wp\/v2\/product_cat?post=698474"},{"taxonomy":"product_tag","embeddable":true,"href":"https:\/\/roveyayinevi.com.tr\/index.php\/wp-json\/wp\/v2\/product_tag?post=698474"}],"curies":[{"name":"wp","href":"https:\/\/api.w.org\/{rel}","templated":true}]}}