{"id":698473,"date":"2025-08-27T14:45:40","date_gmt":"2025-08-27T11:45:40","guid":{"rendered":"https:\/\/roveyayinevi.com.tr\/index.php\/urun\/bocekler-icin-ilkyardim-merkezi\/"},"modified":"2026-04-05T02:08:56","modified_gmt":"2026-04-04T23:08:56","slug":"bocekler-icin-ilkyardim-merkezi","status":"publish","type":"product","link":"https:\/\/roveyayinevi.com.tr\/index.php\/urun\/bocekler-icin-ilkyardim-merkezi\/","title":{"rendered":"B\u00f6cekler \u0130\u00e7in \u0130lkyard\u0131m Merkezi"},"content":{"rendered":"<p>Herkesin, b\u00fct\u00fcn canl\u0131lar\u0131n ya\u015famaya hakk\u0131 var!<\/p>\n","protected":false},"excerpt":{"rendered":"<p>Herkesin, b\u00fct\u00fcn canl\u0131lar\u0131n ya\u015famaya hakk\u0131 var!<\/p>\n","protected":false},"featured_media":0,"template":"","meta":{"_monsterinsights_skip_tracking":false,"_monsterinsights_sitenote_active":false,"_monsterinsights_sitenote_note":"","_monsterinsights_sitenote_category":0},"product_brand":[],"product_cat":[12274,12284],"product_tag":[],"class_list":{"0":"post-698473","1":"product","2":"type-product","3":"status-publish","5":"product_cat-cocuk-ve-genclik-kitaplari","6":"product_cat-hikayeler","7":"pa_cilt-ciltsiz","8":"pa_tur-kitap","9":"pa_yayinevi-yapi-kredi-yayinlari","10":"pa_yazar-yelda-gurlek","12":"first","13":"instock","14":"sale","15":"shipping-taxable","16":"purchasable","17":"product-type-simple"},"_links":{"self":[{"href":"https:\/\/roveyayinevi.com.tr\/index.php\/wp-json\/wp\/v2\/product\/698473","targetHints":{"allow":["GET"]}}],"collection":[{"href":"https:\/\/roveyayinevi.com.tr\/index.php\/wp-json\/wp\/v2\/product"}],"about":[{"href":"https:\/\/roveyayinevi.com.tr\/index.php\/wp-json\/wp\/v2\/types\/product"}],"wp:attachment":[{"href":"https:\/\/roveyayinevi.com.tr\/index.php\/wp-json\/wp\/v2\/media?parent=698473"}],"wp:term":[{"taxonomy":"product_brand","embeddable":true,"href":"https:\/\/roveyayinevi.com.tr\/index.php\/wp-json\/wp\/v2\/product_brand?post=698473"},{"taxonomy":"product_cat","embeddable":true,"href":"https:\/\/roveyayinevi.com.tr\/index.php\/wp-json\/wp\/v2\/product_cat?post=698473"},{"taxonomy":"product_tag","embeddable":true,"href":"https:\/\/roveyayinevi.com.tr\/index.php\/wp-json\/wp\/v2\/product_tag?post=698473"}],"curies":[{"name":"wp","href":"https:\/\/api.w.org\/{rel}","templated":true}]}}