{"id":698471,"date":"2025-08-27T14:45:39","date_gmt":"2025-08-27T11:45:39","guid":{"rendered":"https:\/\/roveyayinevi.com.tr\/index.php\/urun\/ozgurlugun-son-oglu\/"},"modified":"2026-04-16T02:07:55","modified_gmt":"2026-04-15T23:07:55","slug":"ozgurlugun-son-oglu","status":"publish","type":"product","link":"https:\/\/roveyayinevi.com.tr\/index.php\/urun\/ozgurlugun-son-oglu\/","title":{"rendered":"\u00d6zg\u00fcrl\u00fc\u011f\u00fcn Son O\u011flu"},"content":{"rendered":"<p>Saraya yak\u0131n \u00e7evrelerin k\u0131\u015fk\u0131rtmalar\u0131 sonucu giri\u015fti\u011fi d\u00fcelloda hen\u00fcz 27 ya\u015f\u0131nda hayata veda eden, Rus devrimci romantizminin \u00f6nde gelen temsilcilerinden Mihail Yuryevi\u00e7 Lermontov (1814-1841), Rusya\u2019da \u00e7ar rejiminin a\u011f\u0131r bask\u0131 ve \u015fiddet politikalar\u0131n\u0131n ac\u0131mas\u0131zca s\u00fcrd\u00fcr\u00fcld\u00fc\u011f\u00fc bir d\u00f6nemde \u00fcr\u00fcnlerini verdi. <\/p>\n","protected":false},"excerpt":{"rendered":"<p>Saraya yak\u0131n \u00e7evrelerin k\u0131\u015fk\u0131rtmalar\u0131 sonucu giri\u015fti\u011fi d\u00fcelloda hen\u00fcz 27 ya\u015f\u0131nda hayata veda eden, Rus devrimci romantizminin \u00f6nde gelen temsilcilerinden Mihail Yuryevi\u00e7 Lermontov (1814-1841), Rusya\u2019da \u00e7ar rejiminin<span class=\"excerpt-hellip\"> [\u2026]<\/span><\/p>\n","protected":false},"featured_media":0,"template":"","meta":{"_monsterinsights_skip_tracking":false,"_monsterinsights_sitenote_active":false,"_monsterinsights_sitenote_note":"","_monsterinsights_sitenote_category":0},"product_brand":[],"product_cat":[12291,13570],"product_tag":[],"class_list":{"0":"post-698471","1":"product","2":"type-product","3":"status-publish","5":"product_cat-edebiyat","6":"product_cat-rus-edebiyati","7":"pa_cilt-ciltsiz","8":"pa_tur-kitap","9":"pa_yayinevi-yapi-kredi-yayinlari","10":"pa_yazar-mihail-yuryevic-lermontov","12":"first","13":"instock","14":"sale","15":"shipping-taxable","16":"purchasable","17":"product-type-simple"},"_links":{"self":[{"href":"https:\/\/roveyayinevi.com.tr\/index.php\/wp-json\/wp\/v2\/product\/698471","targetHints":{"allow":["GET"]}}],"collection":[{"href":"https:\/\/roveyayinevi.com.tr\/index.php\/wp-json\/wp\/v2\/product"}],"about":[{"href":"https:\/\/roveyayinevi.com.tr\/index.php\/wp-json\/wp\/v2\/types\/product"}],"wp:attachment":[{"href":"https:\/\/roveyayinevi.com.tr\/index.php\/wp-json\/wp\/v2\/media?parent=698471"}],"wp:term":[{"taxonomy":"product_brand","embeddable":true,"href":"https:\/\/roveyayinevi.com.tr\/index.php\/wp-json\/wp\/v2\/product_brand?post=698471"},{"taxonomy":"product_cat","embeddable":true,"href":"https:\/\/roveyayinevi.com.tr\/index.php\/wp-json\/wp\/v2\/product_cat?post=698471"},{"taxonomy":"product_tag","embeddable":true,"href":"https:\/\/roveyayinevi.com.tr\/index.php\/wp-json\/wp\/v2\/product_tag?post=698471"}],"curies":[{"name":"wp","href":"https:\/\/api.w.org\/{rel}","templated":true}]}}