{"id":698465,"date":"2025-08-27T14:45:37","date_gmt":"2025-08-27T11:45:37","guid":{"rendered":"https:\/\/roveyayinevi.com.tr\/index.php\/urun\/incelenen-hayatlar\/"},"modified":"2026-04-01T02:12:27","modified_gmt":"2026-03-31T23:12:27","slug":"incelenen-hayatlar","status":"publish","type":"product","link":"https:\/\/roveyayinevi.com.tr\/index.php\/urun\/incelenen-hayatlar\/","title":{"rendered":"\u0130ncelenen Hayatlar"},"content":{"rendered":"<p>Hepimiz \u00f6yk\u00fc anlat\u0131c\u0131s\u0131y\u0131z &#8211; ya\u015fad\u0131\u011f\u0131m\u0131z hayat\u0131 anlayabilmek i\u00e7in \u00f6yk\u00fcler anlat\u0131r\u0131z. Ancak anlatmak yetmez: Dinleyen biri de olmal\u0131d\u0131r. \u0130\u015fte Stephen Grosz, dinleyen o ki\u015fi.&#8221;D\u00fc\u015f\u00fcnd\u00fc\u011f\u00fcm\u00fcz, yapt\u0131\u011f\u0131m\u0131z \u015feylerin tutsa\u011f\u0131 olmak, d\u00fcrt\u00fclerimiz, aptalca se\u00e7imlerimiz taraf\u0131ndan k\u00f6\u015feye s\u0131k\u0131\u015ft\u0131r\u0131lmak, mutsuzluk veya korku tuza\u011f\u0131na d\u00fc\u015fmek, kendi tarihimizce mahk\u00fbm edilmek; bunlar hayatta \u00e7o\u011fumuzun deneyimledi\u011fi \u015feyler. B\u00f6yle anlarda iler-leyemedi\u011fimizi hissederiz ama bir \u00e7\u0131kar yol oldu\u011funa da inan\u0131r\u0131z. Bir hastam &#8216;De\u011fi\u015fmek istiyorum yeter ki de\u011fi\u015fmeme gerek kalmas\u0131n&#8217; demi\u015fti b\u00fct\u00fcn safl\u0131\u011f\u0131yla. &#8230; Bu kitap de\u011fi\u015fimi konu al\u0131yor. De\u011fi\u015fimle kay\u0131p hissi birbirine g\u00f6bekten ba\u011fl\u0131 oldu\u011fundan -yitirmeden de\u011fi\u015fim de olmaz- kitap yitimden de s\u00f6z ediyor.&#8221;Grosz, binlerce saatlik psikanaliz seanslar\u0131ndan dam\u0131tt\u0131\u011f\u0131 k\u0131sa metinlerden olu\u015fan bu kitapta en \u015fa\u015f\u0131rt\u0131c\u0131 insan davran\u0131\u015flar\u0131n\u0131n arkas\u0131nda yatan gizli duygular\u0131 ortaya \u00e7\u0131kar\u0131yor. Bunu yaparken mesleki jargondan ar\u0131nm\u0131\u015f, edebi bir dil kurmay\u0131 da ba\u015far\u0131yor.Kitaptaki \u00f6yk\u00fcler g\u00fcndelik hayat\u0131m\u0131z\u0131n par\u00e7alar\u0131: Sevdi\u011fimiz insanlarla, s\u00f6yledi\u011fimiz yalanlarla, ba\u015fa \u00e7\u0131kmak zorunda kald\u0131\u011f\u0131m\u0131z de\u011fi\u015fikliklerle ve yasla ilgili. B\u00fct\u00fcn bu \u00f6yk\u00fcler, bize kendimizi nas\u0131l yitirdi\u011fimizi ve nas\u0131l bulabilece\u011fimizi anlat\u0131yor. <\/p>\n","protected":false},"excerpt":{"rendered":"<p>Hepimiz \u00f6yk\u00fc anlat\u0131c\u0131s\u0131y\u0131z &#8211; ya\u015fad\u0131\u011f\u0131m\u0131z hayat\u0131 anlayabilmek i\u00e7in \u00f6yk\u00fcler anlat\u0131r\u0131z. Ancak anlatmak yetmez: Dinleyen biri de olmal\u0131d\u0131r. \u0130\u015fte Stephen Grosz, dinleyen o ki\u015fi.&#8221;D\u00fc\u015f\u00fcnd\u00fc\u011f\u00fcm\u00fcz, yapt\u0131\u011f\u0131m\u0131z \u015feylerin tutsa\u011f\u0131<span class=\"excerpt-hellip\"> [\u2026]<\/span><\/p>\n","protected":false},"featured_media":0,"template":"","meta":{"_monsterinsights_skip_tracking":false,"_monsterinsights_sitenote_active":false,"_monsterinsights_sitenote_note":"","_monsterinsights_sitenote_category":0},"product_brand":[],"product_cat":[12777,12291],"product_tag":[],"class_list":{"0":"post-698465","1":"product","2":"type-product","3":"status-publish","5":"product_cat-deneme","6":"product_cat-edebiyat","7":"pa_cilt-ciltsiz","8":"pa_tur-kitap","9":"pa_yayinevi-yapi-kredi-yayinlari","10":"pa_yazar-stephen-grosz","12":"first","13":"instock","14":"sale","15":"shipping-taxable","16":"purchasable","17":"product-type-simple"},"_links":{"self":[{"href":"https:\/\/roveyayinevi.com.tr\/index.php\/wp-json\/wp\/v2\/product\/698465","targetHints":{"allow":["GET"]}}],"collection":[{"href":"https:\/\/roveyayinevi.com.tr\/index.php\/wp-json\/wp\/v2\/product"}],"about":[{"href":"https:\/\/roveyayinevi.com.tr\/index.php\/wp-json\/wp\/v2\/types\/product"}],"wp:attachment":[{"href":"https:\/\/roveyayinevi.com.tr\/index.php\/wp-json\/wp\/v2\/media?parent=698465"}],"wp:term":[{"taxonomy":"product_brand","embeddable":true,"href":"https:\/\/roveyayinevi.com.tr\/index.php\/wp-json\/wp\/v2\/product_brand?post=698465"},{"taxonomy":"product_cat","embeddable":true,"href":"https:\/\/roveyayinevi.com.tr\/index.php\/wp-json\/wp\/v2\/product_cat?post=698465"},{"taxonomy":"product_tag","embeddable":true,"href":"https:\/\/roveyayinevi.com.tr\/index.php\/wp-json\/wp\/v2\/product_tag?post=698465"}],"curies":[{"name":"wp","href":"https:\/\/api.w.org\/{rel}","templated":true}]}}