{"id":698463,"date":"2025-08-27T14:45:36","date_gmt":"2025-08-27T11:45:36","guid":{"rendered":"https:\/\/roveyayinevi.com.tr\/index.php\/urun\/malikanenin-sirri\/"},"modified":"2026-04-16T02:07:55","modified_gmt":"2026-04-15T23:07:55","slug":"malikanenin-sirri","status":"publish","type":"product","link":"https:\/\/roveyayinevi.com.tr\/index.php\/urun\/malikanenin-sirri\/","title":{"rendered":"Malikanenin S\u0131rr\u0131"},"content":{"rendered":"<p>G\u00f6rd\u00fc\u011f\u00fc manzara kar\u015f\u0131s\u0131nda, Phoenix\u2019in nefesi kesilmi\u015fti. Nas\u0131l olmu\u015ftu da annesi b\u00f6yle bir yeri ondan gizlemi\u015fti? Ev kocamand\u0131. Koyu gri ta\u015flardan olu\u015fan d\u00f6rt kat, pencere y\u0131\u011f\u0131n\u0131n\u0131n ard\u0131ndan dik dik onlara bak\u0131yordu sanki. <\/p>\n","protected":false},"excerpt":{"rendered":"<p>G\u00f6rd\u00fc\u011f\u00fc manzara kar\u015f\u0131s\u0131nda, Phoenix\u2019in nefesi kesilmi\u015fti. Nas\u0131l olmu\u015ftu da annesi b\u00f6yle bir yeri ondan gizlemi\u015fti? Ev kocamand\u0131. Koyu gri ta\u015flardan olu\u015fan d\u00f6rt kat, pencere y\u0131\u011f\u0131n\u0131n\u0131n ard\u0131ndan<span class=\"excerpt-hellip\"> [\u2026]<\/span><\/p>\n","protected":false},"featured_media":0,"template":"","meta":{"_monsterinsights_skip_tracking":false,"_monsterinsights_sitenote_active":false,"_monsterinsights_sitenote_note":"","_monsterinsights_sitenote_category":0},"product_brand":[],"product_cat":[12291,12711],"product_tag":[],"class_list":{"0":"post-698463","1":"product","2":"type-product","3":"status-publish","5":"product_cat-edebiyat","6":"product_cat-roman-oyku","7":"pa_tur-kitap","8":"pa_yayinevi-beyaz-balina-yayinlari","9":"pa_yazar-harriet-goodwin","11":"first","12":"instock","13":"sale","14":"shipping-taxable","15":"purchasable","16":"product-type-simple"},"_links":{"self":[{"href":"https:\/\/roveyayinevi.com.tr\/index.php\/wp-json\/wp\/v2\/product\/698463","targetHints":{"allow":["GET"]}}],"collection":[{"href":"https:\/\/roveyayinevi.com.tr\/index.php\/wp-json\/wp\/v2\/product"}],"about":[{"href":"https:\/\/roveyayinevi.com.tr\/index.php\/wp-json\/wp\/v2\/types\/product"}],"wp:attachment":[{"href":"https:\/\/roveyayinevi.com.tr\/index.php\/wp-json\/wp\/v2\/media?parent=698463"}],"wp:term":[{"taxonomy":"product_brand","embeddable":true,"href":"https:\/\/roveyayinevi.com.tr\/index.php\/wp-json\/wp\/v2\/product_brand?post=698463"},{"taxonomy":"product_cat","embeddable":true,"href":"https:\/\/roveyayinevi.com.tr\/index.php\/wp-json\/wp\/v2\/product_cat?post=698463"},{"taxonomy":"product_tag","embeddable":true,"href":"https:\/\/roveyayinevi.com.tr\/index.php\/wp-json\/wp\/v2\/product_tag?post=698463"}],"curies":[{"name":"wp","href":"https:\/\/api.w.org\/{rel}","templated":true}]}}