{"id":698461,"date":"2025-08-27T14:45:36","date_gmt":"2025-08-27T11:45:36","guid":{"rendered":"https:\/\/roveyayinevi.com.tr\/index.php\/urun\/gaziantep-kalesi\/"},"modified":"2026-04-16T02:07:55","modified_gmt":"2026-04-15T23:07:55","slug":"gaziantep-kalesi","status":"publish","type":"product","link":"https:\/\/roveyayinevi.com.tr\/index.php\/urun\/gaziantep-kalesi\/","title":{"rendered":"Gaziantep Kalesi"},"content":{"rendered":"<p>Gaziantep kentinin ortas\u0131nda konumlanan kale tarihsel geli\u015fimi ve mimarisi bak\u0131m\u0131ndan dikkat \u00e7ekmektedir. Bir b\u00f6l\u00fcm\u00fc h\u00f6y\u00fc\u011f\u00fcn bir b\u00f6l\u00fcm\u00fc ana kayan\u0131n \u00fcst\u00fcnde bulunan kalenin birinci evresi Roma d\u00f6neminde in\u015fa edilmi\u015ftir. Bizans d\u00f6neminde \u00f6nemli eklerle geni\u015fletilmi\u015f olan kale bug\u00fcnk\u00fc durumuna 13. y\u00fczy\u0131lda Eyyubi hanedan\u0131 d\u00f6neminde kavu\u015fmu\u015ftur. Roma ve Bizans d\u00f6neminde sadece askeri ama\u00e7l\u0131 kullan\u0131lan kale, 13. y\u00fczy\u0131ldan ba\u015flayarak geli\u015fen kentin ayn\u0131 zamanda y\u00f6netim merkezi olmu\u015ftur. <\/p>\n","protected":false},"excerpt":{"rendered":"<p>Gaziantep kentinin ortas\u0131nda konumlanan kale tarihsel geli\u015fimi ve mimarisi bak\u0131m\u0131ndan dikkat \u00e7ekmektedir. Bir b\u00f6l\u00fcm\u00fc h\u00f6y\u00fc\u011f\u00fcn bir b\u00f6l\u00fcm\u00fc ana kayan\u0131n \u00fcst\u00fcnde bulunan kalenin birinci evresi Roma d\u00f6neminde<span class=\"excerpt-hellip\"> [\u2026]<\/span><\/p>\n","protected":false},"featured_media":0,"template":"","meta":{"_monsterinsights_skip_tracking":false,"_monsterinsights_sitenote_active":false,"_monsterinsights_sitenote_note":"","_monsterinsights_sitenote_category":0},"product_brand":[],"product_cat":[12312,12304],"product_tag":[],"class_list":{"0":"post-698461","1":"product","2":"type-product","3":"status-publish","5":"product_cat-diger","6":"product_cat-tarih","7":"pa_cilt-ciltsiz","8":"pa_tur-kitap","9":"pa_yayinevi-bilgesu-yayincilik","10":"pa_yazar-mustafa-s-akpolat","12":"first","13":"instock","14":"sale","15":"shipping-taxable","16":"purchasable","17":"product-type-simple"},"_links":{"self":[{"href":"https:\/\/roveyayinevi.com.tr\/index.php\/wp-json\/wp\/v2\/product\/698461","targetHints":{"allow":["GET"]}}],"collection":[{"href":"https:\/\/roveyayinevi.com.tr\/index.php\/wp-json\/wp\/v2\/product"}],"about":[{"href":"https:\/\/roveyayinevi.com.tr\/index.php\/wp-json\/wp\/v2\/types\/product"}],"wp:attachment":[{"href":"https:\/\/roveyayinevi.com.tr\/index.php\/wp-json\/wp\/v2\/media?parent=698461"}],"wp:term":[{"taxonomy":"product_brand","embeddable":true,"href":"https:\/\/roveyayinevi.com.tr\/index.php\/wp-json\/wp\/v2\/product_brand?post=698461"},{"taxonomy":"product_cat","embeddable":true,"href":"https:\/\/roveyayinevi.com.tr\/index.php\/wp-json\/wp\/v2\/product_cat?post=698461"},{"taxonomy":"product_tag","embeddable":true,"href":"https:\/\/roveyayinevi.com.tr\/index.php\/wp-json\/wp\/v2\/product_tag?post=698461"}],"curies":[{"name":"wp","href":"https:\/\/api.w.org\/{rel}","templated":true}]}}