{"id":698460,"date":"2025-08-27T14:45:36","date_gmt":"2025-08-27T11:45:36","guid":{"rendered":"https:\/\/roveyayinevi.com.tr\/index.php\/urun\/fenomenoloji-uzerine-bes-ders\/"},"modified":"2026-04-16T02:07:54","modified_gmt":"2026-04-15T23:07:54","slug":"fenomenoloji-uzerine-bes-ders","status":"publish","type":"product","link":"https:\/\/roveyayinevi.com.tr\/index.php\/urun\/fenomenoloji-uzerine-bes-ders\/","title":{"rendered":"Fenomenoloji \u00dczerine Be\u015f Ders"},"content":{"rendered":"<p>Bu kitap Husserl\u2019in 1907\u2019de G\u00f6ttingen \u00dcniversitesi\u2019nde Fenomenoloji \u00fczerine verdi\u011fi be\u015f dersin metnini bir araya getirmektedir. Husserl bu Be\u015f Ders\u2019te fenomenolojisinin ana savlar\u0131n\u0131 ve neredeyse t\u00fcm temel kavramlar\u0131n\u0131 ortaya koyarak fenomenolojik d\u00fc\u015f\u00fcnmenin y\u00fcr\u00fcd\u00fc\u011f\u00fc yolu bize g\u00f6stermektedir. Bu dersler ayn\u0131 zamanda onun d\u00fc\u015f\u00fcnce \u00e7izgisindeki \u00f6nemli bir d\u00f6n\u00fc\u015f\u00fcme, fenomenolojinin transzendental fenomenolojiye d\u00f6n\u00fc\u015f\u00fcm\u00fcn\u00fcn ba\u015flang\u0131c\u0131na da tan\u0131kl\u0131k etmektedir.\u201cFenomenoloji g\u00f6rerek, ayd\u0131nlatarak, anlam belirleyerek ve anlam ayr\u0131m\u0131 yaparak yol al\u0131r. Fenomenoloji kar\u015f\u0131la\u015ft\u0131r\u0131r, ayr\u0131m yapar, ba\u011flar, ili\u015fkiye sokar, par\u00e7alara b\u00f6ler, \u00f6\u011felerine ay\u0131r\u0131r. Ama her \u015feyi saf g\u00f6rmeyle yapar. Kuramla\u015ft\u0131rmaz, matematikle\u015ftirmez; zira, t\u00fcmdengelimli kuram anlam\u0131nda hi\u00e7bir a\u00e7\u0131klamada bulunmaz.\u201dEdmund Husserl <\/p>\n","protected":false},"excerpt":{"rendered":"<p>Bu kitap Husserl\u2019in 1907\u2019de G\u00f6ttingen \u00dcniversitesi\u2019nde Fenomenoloji \u00fczerine verdi\u011fi be\u015f dersin metnini bir araya getirmektedir. Husserl bu Be\u015f Ders\u2019te fenomenolojisinin ana savlar\u0131n\u0131 ve neredeyse t\u00fcm temel<span class=\"excerpt-hellip\"> [\u2026]<\/span><\/p>\n","protected":false},"featured_media":0,"template":"","meta":{"_monsterinsights_skip_tracking":false,"_monsterinsights_sitenote_active":false,"_monsterinsights_sitenote_note":"","_monsterinsights_sitenote_category":0},"product_brand":[],"product_cat":[12389,12388],"product_tag":[],"class_list":{"0":"post-698460","1":"product","2":"type-product","3":"status-publish","5":"product_cat-diger-felsefe","6":"product_cat-felsefe","7":"pa_cilt-ciltsiz","8":"pa_tur-kitap","9":"pa_yayinevi-bilgesu-yayincilik","10":"pa_yazar-edmund-husserl","12":"first","13":"instock","14":"sale","15":"shipping-taxable","16":"purchasable","17":"product-type-simple"},"_links":{"self":[{"href":"https:\/\/roveyayinevi.com.tr\/index.php\/wp-json\/wp\/v2\/product\/698460","targetHints":{"allow":["GET"]}}],"collection":[{"href":"https:\/\/roveyayinevi.com.tr\/index.php\/wp-json\/wp\/v2\/product"}],"about":[{"href":"https:\/\/roveyayinevi.com.tr\/index.php\/wp-json\/wp\/v2\/types\/product"}],"wp:attachment":[{"href":"https:\/\/roveyayinevi.com.tr\/index.php\/wp-json\/wp\/v2\/media?parent=698460"}],"wp:term":[{"taxonomy":"product_brand","embeddable":true,"href":"https:\/\/roveyayinevi.com.tr\/index.php\/wp-json\/wp\/v2\/product_brand?post=698460"},{"taxonomy":"product_cat","embeddable":true,"href":"https:\/\/roveyayinevi.com.tr\/index.php\/wp-json\/wp\/v2\/product_cat?post=698460"},{"taxonomy":"product_tag","embeddable":true,"href":"https:\/\/roveyayinevi.com.tr\/index.php\/wp-json\/wp\/v2\/product_tag?post=698460"}],"curies":[{"name":"wp","href":"https:\/\/api.w.org\/{rel}","templated":true}]}}