{"id":698459,"date":"2025-08-27T14:45:35","date_gmt":"2025-08-27T11:45:35","guid":{"rendered":"https:\/\/roveyayinevi.com.tr\/index.php\/urun\/dil-ve-zihin\/"},"modified":"2026-04-16T02:07:54","modified_gmt":"2026-04-15T23:07:54","slug":"dil-ve-zihin","status":"publish","type":"product","link":"https:\/\/roveyayinevi.com.tr\/index.php\/urun\/dil-ve-zihin\/","title":{"rendered":"Dil ve Zihin"},"content":{"rendered":"<p>Dil ve Zihin\u2019in bu 3. Bask\u0131s\u0131, eski bask\u0131daki alt\u0131 b\u00f6l\u00fcme ek olarak bir b\u00f6l\u00fcm daha i\u00e7eriyor. Kitaptaki ilk alt\u0131 b\u00f6l\u00fcm Chomsky\u2019nin 1960\u2019lar\u0131n sonlar\u0131nda, \u00fcniversitede yapt\u0131\u011f\u0131 konu\u015fmalara dayan\u0131yor.Bunun i\u00e7in de akademik bir dili var. Dil ve Zihin\u2019in bu 3. Bask\u0131s\u0131na eklenen son b\u00f6l\u00fcmse 2004 y\u0131l\u0131nda, genel bir dinleyici kitlesine yap\u0131lm\u0131\u015f bir konu\u015fmaya dayan\u0131yor.\u0130lk alt\u0131 b\u00f6l\u00fcmde en zorlu kuramsal sorun, varsay\u0131mlar\u0131n se\u00e7imini belirleyen \u2013yani kabul edilebilir \u0130-dillere bir s\u0131n\u0131r getiren- evrensel dilbilgisinin ilkelerini ortaya \u00e7\u0131karmak olarak g\u00f6r\u00fclmektedir. Son b\u00f6l\u00fcmdeyse Chomsky, dirimsel \u2013dilbilim bak\u0131\u015f a\u00e7\u0131s\u0131 denen yakla\u015f\u0131m hakk\u0131ndaki g\u00f6r\u00fc\u015flerini dile getirmektedir. <\/p>\n","protected":false},"excerpt":{"rendered":"<p>Dil ve Zihin\u2019in bu 3. Bask\u0131s\u0131, eski bask\u0131daki alt\u0131 b\u00f6l\u00fcme ek olarak bir b\u00f6l\u00fcm daha i\u00e7eriyor. Kitaptaki ilk alt\u0131 b\u00f6l\u00fcm Chomsky\u2019nin 1960\u2019lar\u0131n sonlar\u0131nda, \u00fcniversitede yapt\u0131\u011f\u0131 konu\u015fmalara<span class=\"excerpt-hellip\"> [\u2026]<\/span><\/p>\n","protected":false},"featured_media":0,"template":"","meta":{"_monsterinsights_skip_tracking":false,"_monsterinsights_sitenote_active":false,"_monsterinsights_sitenote_note":"","_monsterinsights_sitenote_category":0},"product_brand":[],"product_cat":[12388,15536],"product_tag":[],"class_list":{"0":"post-698459","1":"product","2":"type-product","3":"status-publish","5":"product_cat-felsefe","6":"product_cat-siyaset-felsefesi","7":"pa_cilt-ciltsiz","8":"pa_tur-kitap","9":"pa_yayinevi-bilgesu-yayincilik","10":"pa_yazar-noam-chomsky","12":"first","13":"instock","14":"sale","15":"shipping-taxable","16":"purchasable","17":"product-type-simple"},"_links":{"self":[{"href":"https:\/\/roveyayinevi.com.tr\/index.php\/wp-json\/wp\/v2\/product\/698459","targetHints":{"allow":["GET"]}}],"collection":[{"href":"https:\/\/roveyayinevi.com.tr\/index.php\/wp-json\/wp\/v2\/product"}],"about":[{"href":"https:\/\/roveyayinevi.com.tr\/index.php\/wp-json\/wp\/v2\/types\/product"}],"wp:attachment":[{"href":"https:\/\/roveyayinevi.com.tr\/index.php\/wp-json\/wp\/v2\/media?parent=698459"}],"wp:term":[{"taxonomy":"product_brand","embeddable":true,"href":"https:\/\/roveyayinevi.com.tr\/index.php\/wp-json\/wp\/v2\/product_brand?post=698459"},{"taxonomy":"product_cat","embeddable":true,"href":"https:\/\/roveyayinevi.com.tr\/index.php\/wp-json\/wp\/v2\/product_cat?post=698459"},{"taxonomy":"product_tag","embeddable":true,"href":"https:\/\/roveyayinevi.com.tr\/index.php\/wp-json\/wp\/v2\/product_tag?post=698459"}],"curies":[{"name":"wp","href":"https:\/\/api.w.org\/{rel}","templated":true}]}}